
{"id":25865,"date":"2024-12-13T15:28:47","date_gmt":"2024-12-13T20:28:48","guid":{"rendered":"https:\/\/www.historymuseum.ca\/boutique\/?post_type=product&#038;p=25865"},"modified":"2024-12-13T15:42:58","modified_gmt":"2024-12-13T20:42:58","slug":"ensemble-de-blocs-de-bois-multi-jeux-animaux-autochtones","status":"publish","type":"product","link":"https:\/\/www.museedelhistoire.ca\/boutique\/produit\/ensemble-de-blocs-de-bois-multi-jeux-animaux-autochtones\/","title":{"rendered":"Ensemble de blocs de bois multi-jeux \u2013 Animaux Autochtones"},"content":{"rendered":"<p>Artiste : Simone Diamond<br \/>\nAffiliation : Salish de la c\u00f4te<\/p>\n<p>Con\u00e7u au Canada<br \/>\nFabriqu\u00e9 en Chine<\/p>\n","protected":false},"excerpt":{"rendered":"<p>Cet ensemble de trois jeux est pr\u00eat pour d&#8217;innombrables heures de plaisir en famille. Chaque ensemble comprend 3 jeux diff\u00e9rents : une tour \u00e0 bascule classique, trois casse-t\u00eates s\u00e9par\u00e9s pour enfants et un jeu de dominos. Encre et rev\u00eatement non toxiques sans danger pour les enfants. \u00c0 partir de 4 ans.<\/p>\n<p>Des royaut\u00e9s sont pay\u00e9es par notre fournisseur pour chaque produit vendu.<\/p>\n","protected":false},"featured_media":25869,"comment_status":"open","ping_status":"closed","template":"","meta":{"_acf_changed":false},"product_cat":[1873,2121,615,1631],"product_tag":[],"acf":[],"_links":{"self":[{"href":"https:\/\/www.museedelhistoire.ca\/boutique\/wp-json\/wp\/v2\/product\/25865"}],"collection":[{"href":"https:\/\/www.museedelhistoire.ca\/boutique\/wp-json\/wp\/v2\/product"}],"about":[{"href":"https:\/\/www.museedelhistoire.ca\/boutique\/wp-json\/wp\/v2\/types\/product"}],"replies":[{"embeddable":true,"href":"https:\/\/www.museedelhistoire.ca\/boutique\/wp-json\/wp\/v2\/comments?post=25865"}],"wp:featuredmedia":[{"embeddable":true,"href":"https:\/\/www.museedelhistoire.ca\/boutique\/wp-json\/wp\/v2\/media\/25869"}],"wp:attachment":[{"href":"https:\/\/www.museedelhistoire.ca\/boutique\/wp-json\/wp\/v2\/media?parent=25865"}],"wp:term":[{"taxonomy":"product_cat","embeddable":true,"href":"https:\/\/www.museedelhistoire.ca\/boutique\/wp-json\/wp\/v2\/product_cat?post=25865"},{"taxonomy":"product_tag","embeddable":true,"href":"https:\/\/www.museedelhistoire.ca\/boutique\/wp-json\/wp\/v2\/product_tag?post=25865"}],"curies":[{"name":"wp","href":"https:\/\/api.w.org\/{rel}","templated":true}]}}