
{"id":26103,"date":"2025-01-22T11:44:31","date_gmt":"2025-01-22T16:44:31","guid":{"rendered":"https:\/\/www.historymuseum.ca\/boutique\/?post_type=product&#038;p=26103"},"modified":"2025-01-23T11:54:25","modified_gmt":"2025-01-23T16:54:25","slug":"sac-pochette-collection-vintage-du-musee-canadien-de-lhistoire","status":"publish","type":"product","link":"https:\/\/www.museedelhistoire.ca\/boutique\/produit\/sac-pochette-collection-vintage-du-musee-canadien-de-lhistoire\/","title":{"rendered":"Sac pochette &#8211; Collection vintage du Mus\u00e9e canadien de l&#8217;histoire"},"content":{"rendered":"<p>Fabriqu\u00e9 en polylin lavable \u00e0 la machine : 95% polyester, 5% coton<\/p>\n","protected":false},"excerpt":{"rendered":"<p>Ce sac pochette, qui fait partie de notre collection vintage du Mus\u00e9e canadien de l&#8217;histoire, met en valeur une \u0153uvre d&#8217;art intemporel qui capture l&#8217;architecture impressionnante de notre mus\u00e9e.<\/p>\n<p>Compact mais spacieux, c&#8217;est le compagnon id\u00e9al pour tout transporter, cosm\u00e9tiques, fournitures scolaires, et petits objets de tous les jours. Dot\u00e9 d&#8217;une fermeture \u00e9clair et d&#8217;une sangle de main, il assure un transport en toute s\u00e9curit\u00e9. Avec sa conception l\u00e9g\u00e8re, il allie praticit\u00e9 et \u00e9l\u00e9gance.<\/p>\n","protected":false},"featured_media":26155,"comment_status":"open","ping_status":"closed","template":"","meta":{"_acf_changed":false},"product_cat":[2158,612,1074,1003,665],"product_tag":[2159],"acf":[],"_links":{"self":[{"href":"https:\/\/www.museedelhistoire.ca\/boutique\/wp-json\/wp\/v2\/product\/26103"}],"collection":[{"href":"https:\/\/www.museedelhistoire.ca\/boutique\/wp-json\/wp\/v2\/product"}],"about":[{"href":"https:\/\/www.museedelhistoire.ca\/boutique\/wp-json\/wp\/v2\/types\/product"}],"replies":[{"embeddable":true,"href":"https:\/\/www.museedelhistoire.ca\/boutique\/wp-json\/wp\/v2\/comments?post=26103"}],"wp:featuredmedia":[{"embeddable":true,"href":"https:\/\/www.museedelhistoire.ca\/boutique\/wp-json\/wp\/v2\/media\/26155"}],"wp:attachment":[{"href":"https:\/\/www.museedelhistoire.ca\/boutique\/wp-json\/wp\/v2\/media?parent=26103"}],"wp:term":[{"taxonomy":"product_cat","embeddable":true,"href":"https:\/\/www.museedelhistoire.ca\/boutique\/wp-json\/wp\/v2\/product_cat?post=26103"},{"taxonomy":"product_tag","embeddable":true,"href":"https:\/\/www.museedelhistoire.ca\/boutique\/wp-json\/wp\/v2\/product_tag?post=26103"}],"curies":[{"name":"wp","href":"https:\/\/api.w.org\/{rel}","templated":true}]}}