
{"id":26105,"date":"2025-01-22T13:08:18","date_gmt":"2025-01-22T18:08:18","guid":{"rendered":"https:\/\/www.historymuseum.ca\/boutique\/?post_type=product&#038;p=26105"},"modified":"2025-01-23T13:41:35","modified_gmt":"2025-01-23T18:41:35","slug":"couvre-oreiller-collection-vintage-du-musee-canadien-de-lhistoire","status":"publish","type":"product","link":"https:\/\/www.museedelhistoire.ca\/boutique\/produit\/couvre-oreiller-collection-vintage-du-musee-canadien-de-lhistoire\/","title":{"rendered":"Couvre-oreiller &#8211; Collection vintage du Mus\u00e9e canadien de l&#8217;histoire"},"content":{"rendered":"<p>Mesure 44 cm sur 44 cm \u00e0 plat<\/p>\n<p>Fabriqu\u00e9 en polylin lavable \u00e0 la machine : 95% polyester, 5% coton<\/p>\n","protected":false},"excerpt":{"rendered":"<p>Ce couvre-oreiller, qui fait partie de notre collection vintage du Mus\u00e9e canadien de l&#8217;histoire, met en valeur une \u0153uvre d&#8217;art intemporel qui capture l&#8217;architecture impressionnante de notre mus\u00e9e.<\/p>\n<p>Sa conception est compl\u00e9t\u00e9e par une fermeture \u00e9claire, qui permet de l&#8217;enlever facilement et de le laver \u00e0 la machine.<\/p>\n","protected":false},"featured_media":29031,"comment_status":"open","ping_status":"closed","template":"","meta":{"_acf_changed":false},"product_cat":[2158,612,1118],"product_tag":[2159],"acf":[],"_links":{"self":[{"href":"https:\/\/www.museedelhistoire.ca\/boutique\/wp-json\/wp\/v2\/product\/26105"}],"collection":[{"href":"https:\/\/www.museedelhistoire.ca\/boutique\/wp-json\/wp\/v2\/product"}],"about":[{"href":"https:\/\/www.museedelhistoire.ca\/boutique\/wp-json\/wp\/v2\/types\/product"}],"replies":[{"embeddable":true,"href":"https:\/\/www.museedelhistoire.ca\/boutique\/wp-json\/wp\/v2\/comments?post=26105"}],"wp:featuredmedia":[{"embeddable":true,"href":"https:\/\/www.museedelhistoire.ca\/boutique\/wp-json\/wp\/v2\/media\/29031"}],"wp:attachment":[{"href":"https:\/\/www.museedelhistoire.ca\/boutique\/wp-json\/wp\/v2\/media?parent=26105"}],"wp:term":[{"taxonomy":"product_cat","embeddable":true,"href":"https:\/\/www.museedelhistoire.ca\/boutique\/wp-json\/wp\/v2\/product_cat?post=26105"},{"taxonomy":"product_tag","embeddable":true,"href":"https:\/\/www.museedelhistoire.ca\/boutique\/wp-json\/wp\/v2\/product_tag?post=26105"}],"curies":[{"name":"wp","href":"https:\/\/api.w.org\/{rel}","templated":true}]}}