
{"id":26111,"date":"2025-01-22T13:43:42","date_gmt":"2025-01-22T18:43:42","guid":{"rendered":"https:\/\/www.historymuseum.ca\/boutique\/?post_type=product&#038;p=26111"},"modified":"2025-01-23T11:53:56","modified_gmt":"2025-01-23T16:53:56","slug":"ensemble-de-signets-collection-vintage-du-musee-canadien-de-lhistoire","status":"publish","type":"product","link":"https:\/\/www.museedelhistoire.ca\/boutique\/produit\/ensemble-de-signets-collection-vintage-du-musee-canadien-de-lhistoire\/","title":{"rendered":"Ensemble de signets &#8211; Collection vintage du Mus\u00e9e canadien de l&#8217;histoire"},"content":{"rendered":"<p>Chaque signet mesure 10 x 2,5 cm<\/p>\n<p>Fabriqu\u00e9 \u00e0 partir d&#8217;aluminium de troph\u00e9e recycl\u00e9<\/p>\n<p>Fabriqu\u00e9 \u00e0 la main \u00e0 Niagara Falls, ON, Canada<\/p>\n","protected":false},"excerpt":{"rendered":"<p>Cet ensemble de signets, qui fait partie de notre collection vintage du Mus\u00e9e canadien de l&#8217;histoire, met en valeur une \u0153uvre d&#8217;art intemporel qui capture l&#8217;architecture impressionnante de notre mus\u00e9e.<\/p>\n<p>Les trois signets l\u00e9gers ont deux couches, ce qui permet de marquer facilement une page sp\u00e9cifique dans n&#8217;importe quel livre, agenda ou journal.<\/p>\n","protected":false},"featured_media":26253,"comment_status":"open","ping_status":"closed","template":"","meta":{"_acf_changed":false},"product_cat":[2158,612],"product_tag":[2159],"acf":[],"_links":{"self":[{"href":"https:\/\/www.museedelhistoire.ca\/boutique\/wp-json\/wp\/v2\/product\/26111"}],"collection":[{"href":"https:\/\/www.museedelhistoire.ca\/boutique\/wp-json\/wp\/v2\/product"}],"about":[{"href":"https:\/\/www.museedelhistoire.ca\/boutique\/wp-json\/wp\/v2\/types\/product"}],"replies":[{"embeddable":true,"href":"https:\/\/www.museedelhistoire.ca\/boutique\/wp-json\/wp\/v2\/comments?post=26111"}],"wp:featuredmedia":[{"embeddable":true,"href":"https:\/\/www.museedelhistoire.ca\/boutique\/wp-json\/wp\/v2\/media\/26253"}],"wp:attachment":[{"href":"https:\/\/www.museedelhistoire.ca\/boutique\/wp-json\/wp\/v2\/media?parent=26111"}],"wp:term":[{"taxonomy":"product_cat","embeddable":true,"href":"https:\/\/www.museedelhistoire.ca\/boutique\/wp-json\/wp\/v2\/product_cat?post=26111"},{"taxonomy":"product_tag","embeddable":true,"href":"https:\/\/www.museedelhistoire.ca\/boutique\/wp-json\/wp\/v2\/product_tag?post=26111"}],"curies":[{"name":"wp","href":"https:\/\/api.w.org\/{rel}","templated":true}]}}