
{"id":26119,"date":"2025-01-22T15:09:55","date_gmt":"2025-01-22T20:09:55","guid":{"rendered":"https:\/\/www.historymuseum.ca\/boutique\/?post_type=product&#038;p=26119"},"modified":"2025-01-23T11:52:37","modified_gmt":"2025-01-23T16:52:37","slug":"sous-verre-collection-vintage-du-musee-canadien-de-lhistoire","status":"publish","type":"product","link":"https:\/\/www.museedelhistoire.ca\/boutique\/produit\/sous-verre-collection-vintage-du-musee-canadien-de-lhistoire\/","title":{"rendered":"Sous-verre &#8211; Collection vintage du Mus\u00e9e canadien de l&#8217;histoire"},"content":{"rendered":"<p>Mesure 4.5&#8243; x 4.5&#8243; (10.2 cm x 10.2 cm)<\/p>\n","protected":false},"excerpt":{"rendered":"<p>Cet sous-verre, qui fait partie de notre collection vintage du Mus\u00e9e canadien de l&#8217;histoire, illustre le patrimoine architectural du mus\u00e9e, ce qui en fait un souvenir ou un cadeau parfait pour comm\u00e9morer votre visite.<\/p>\n","protected":false},"featured_media":26140,"comment_status":"open","ping_status":"closed","template":"","meta":{"_acf_changed":false},"product_cat":[2158,612,1118],"product_tag":[2159],"acf":[],"_links":{"self":[{"href":"https:\/\/www.museedelhistoire.ca\/boutique\/wp-json\/wp\/v2\/product\/26119"}],"collection":[{"href":"https:\/\/www.museedelhistoire.ca\/boutique\/wp-json\/wp\/v2\/product"}],"about":[{"href":"https:\/\/www.museedelhistoire.ca\/boutique\/wp-json\/wp\/v2\/types\/product"}],"replies":[{"embeddable":true,"href":"https:\/\/www.museedelhistoire.ca\/boutique\/wp-json\/wp\/v2\/comments?post=26119"}],"wp:featuredmedia":[{"embeddable":true,"href":"https:\/\/www.museedelhistoire.ca\/boutique\/wp-json\/wp\/v2\/media\/26140"}],"wp:attachment":[{"href":"https:\/\/www.museedelhistoire.ca\/boutique\/wp-json\/wp\/v2\/media?parent=26119"}],"wp:term":[{"taxonomy":"product_cat","embeddable":true,"href":"https:\/\/www.museedelhistoire.ca\/boutique\/wp-json\/wp\/v2\/product_cat?post=26119"},{"taxonomy":"product_tag","embeddable":true,"href":"https:\/\/www.museedelhistoire.ca\/boutique\/wp-json\/wp\/v2\/product_tag?post=26119"}],"curies":[{"name":"wp","href":"https:\/\/api.w.org\/{rel}","templated":true}]}}