
{"id":26808,"date":"2025-06-03T10:00:52","date_gmt":"2025-03-25T13:56:53","guid":{"rendered":"https:\/\/www.historymuseum.ca\/boutique\/?post_type=product&#038;p=26808"},"modified":"2026-02-15T22:55:40","modified_gmt":"2026-02-16T03:55:40","slug":"casse-tete-1000-mcx-shoreline-sentinel-de-kenojuak-ashevak","status":"publish","type":"product","link":"https:\/\/www.museedelhistoire.ca\/boutique\/produit\/casse-tete-1000-mcx-shoreline-sentinel-de-kenojuak-ashevak\/","title":{"rendered":"Casse-t\u00eate 1000 mcx &#8211; Shoreline Sentinel de Kenojuak Ashevak"},"content":{"rendered":"<p><strong>\u00c0 propos de l&#8217;artiste :<\/strong><\/p>\n<p>Comme bon nombre d\u2019artistes inuits, Kenojuak Ashevak a pass\u00e9 une grande partie de sa vie en contact \u00e9troit avec la nature, comme l\u2019ont fait avant elle ses anc\u00eatres. Elle est n\u00e9e dans la camp d\u2019Ikirisaq, au sud de l\u2019\u00cdle de Baffin, et a grandi en se d\u00e9pla\u00e7ant d\u2019un camp \u00e0 l\u2019autre dans le sud de l\u2019\u00cdle de Baffin et dans l\u2019est de l\u2019Arctique canadien.<\/p>\n<p>Mme Ashevak a commenc\u00e9 \u00e0 se familiariser avec le dessin et la sculpture sur pierre vers la fin des ann\u00e9es1950. Ses premi\u00e8res \u0153uvre ont \u00e9t\u00e9 pr\u00e9sent\u00e9es dans le cadre des Collections d\u2019art graphique de Cap Dorset, et ont lanc\u00e9 une carri\u00e8re qui compte de nombreuses commandes nationales et internationales, des expositions et des projets sp\u00e9ciaux. Sa vie et son art ont fait l\u2019object d\u2019un film produit par l\u2019Office national du film du Canada, et d\u2019une livre intitul\u00e9 Graphic Arts of the Inuit: Kenojuak, publi\u00e9 en 1981.<\/p>\n<p>Les \u0153uvres de Kenojuak Ashevak ont m\u00e9rit\u00e9 plusieurs r\u00e9compenses. Elle a re\u00e7u le prix de l\u2019Ordre du Canada en 1967 et fut \u00e9lev\u00e9e ensuite au rang de Compagnon de l\u2019Ordre. En 1993, l\u2019Universit\u00e9 Queen\u2019s at l\u2019Universit\u00e9 de Toronto lui ont conf\u00e9r\u00e9 un dipl\u00f4me honoraire.<\/p>\n","protected":false},"excerpt":{"rendered":"<p>Dimensions : 27.6&#8243; x 19.7&#8243; (70 x 50 cm)<\/p>\n","protected":false},"featured_media":26699,"comment_status":"open","ping_status":"closed","template":"","meta":{"_acf_changed":false},"product_cat":[2095,615,1349,1623],"product_tag":[],"acf":[],"_links":{"self":[{"href":"https:\/\/www.museedelhistoire.ca\/boutique\/wp-json\/wp\/v2\/product\/26808"}],"collection":[{"href":"https:\/\/www.museedelhistoire.ca\/boutique\/wp-json\/wp\/v2\/product"}],"about":[{"href":"https:\/\/www.museedelhistoire.ca\/boutique\/wp-json\/wp\/v2\/types\/product"}],"replies":[{"embeddable":true,"href":"https:\/\/www.museedelhistoire.ca\/boutique\/wp-json\/wp\/v2\/comments?post=26808"}],"wp:featuredmedia":[{"embeddable":true,"href":"https:\/\/www.museedelhistoire.ca\/boutique\/wp-json\/wp\/v2\/media\/26699"}],"wp:attachment":[{"href":"https:\/\/www.museedelhistoire.ca\/boutique\/wp-json\/wp\/v2\/media?parent=26808"}],"wp:term":[{"taxonomy":"product_cat","embeddable":true,"href":"https:\/\/www.museedelhistoire.ca\/boutique\/wp-json\/wp\/v2\/product_cat?post=26808"},{"taxonomy":"product_tag","embeddable":true,"href":"https:\/\/www.museedelhistoire.ca\/boutique\/wp-json\/wp\/v2\/product_tag?post=26808"}],"curies":[{"name":"wp","href":"https:\/\/api.w.org\/{rel}","templated":true}]}}