
{"id":27074,"date":"2025-06-05T10:30:41","date_gmt":"2025-05-05T20:09:41","guid":{"rendered":"https:\/\/www.historymuseum.ca\/boutique\/?post_type=product&#038;p=27074"},"modified":"2026-02-04T11:04:51","modified_gmt":"2026-02-04T16:04:51","slug":"retro-la-musique-populaire-au-canada-des-annees-60-70-et-80-catalogue-dexposition","status":"publish","type":"product","link":"https:\/\/www.museedelhistoire.ca\/boutique\/produit\/retro-la-musique-populaire-au-canada-des-annees-60-70-et-80-catalogue-dexposition\/","title":{"rendered":"Retro \u2013 La musique populaire au Canada des ann\u00e9es 60, 70 et 80 (Catalogue d&#8217;exposition)"},"content":{"rendered":"<p>La musique populaire a \u00e9t\u00e9 une force culturelle explosive dans les ann\u00e9es 60, 70 et 80.<\/p>\n<p>Pr\u00e9sentant une gamme passionnante d\u2019images et d\u2019objets en lien avec des personnalit\u00e9s artistiques parmi les plus influentes de l\u2019\u00e9poque, R\u00e9tro se penche sur la fa\u00e7on dont les artistes de la sc\u00e8ne musicale et les m\u00e9lomanes au Canada ont v\u00e9cu et suscit\u00e9 de nouvelles formes d\u2019expression cr\u00e9ative, tout en contestant le statuquo.<\/p>\n<p>Explorez l\u2019\u0153uvre d\u2019artistes qui ont su se d\u00e9marquer par leurs textes, leur musique et leurs interpr\u00e9tations, comme Joni Mitchell et Robert Charlebois, de vedettes qui ont rempli des stades, comme The Band, C\u00e9line Dion et Rush, et de gens qui ont \u00e9t\u00e9 d\u2019audacieux pr\u00e9curseurs comme Rough Trade et Kashtin.<\/p>\n<p>Ce livre montre comment la musique peut avoir une dimension sociale, personnelle ou politique, et parfois tout cela en m\u00eame temps. R\u00e9tro transporte en diff\u00e9rents lieux, \u00e0 diff\u00e9rentes \u00e9poques, jetant un nouveau regard sur l\u2019influence persistante et l\u2019impact durable de ces ann\u00e9es.<\/p>\n<p><strong>Autrices :<\/strong> Judith Klassen et Erin Poulton<br \/>\n<strong>Nombre de pages : <\/strong>112 pages avec 75 illustrations<strong><br \/>\nISBN:<\/strong> 978-0-660-72645-8<\/p>\n","protected":false},"excerpt":{"rendered":"<p><strong>Catalogue de poche illustr\u00e9 de 6&#215;6 pouces<\/strong> r\u00e9dig\u00e9 par Judith Klassen et Erin Poulton.<\/p>\n<p>La musique populaire a \u00e9t\u00e9 une force culturelle explosive dans les ann\u00e9es 60, 70 et 80. Pr\u00e9sentant une gamme passionnante d\u2019images et d\u2019objets en lien avec des personnalit\u00e9s artistiques parmi les plus influentes de l\u2019\u00e9poque, R\u00e9tro se penche sur la fa\u00e7on dont les artistes de la sc\u00e8ne musicale et les m\u00e9lomanes au Canada ont v\u00e9cu et suscit\u00e9 de nouvelles formes d\u2019expression cr\u00e9ative, tout en contestant le statuquo.<\/p>\n","protected":false},"featured_media":29092,"comment_status":"open","ping_status":"closed","template":"","meta":{"_acf_changed":false},"product_cat":[2161,2195,612,604,611],"product_tag":[1787],"acf":[],"_links":{"self":[{"href":"https:\/\/www.museedelhistoire.ca\/boutique\/wp-json\/wp\/v2\/product\/27074"}],"collection":[{"href":"https:\/\/www.museedelhistoire.ca\/boutique\/wp-json\/wp\/v2\/product"}],"about":[{"href":"https:\/\/www.museedelhistoire.ca\/boutique\/wp-json\/wp\/v2\/types\/product"}],"replies":[{"embeddable":true,"href":"https:\/\/www.museedelhistoire.ca\/boutique\/wp-json\/wp\/v2\/comments?post=27074"}],"wp:featuredmedia":[{"embeddable":true,"href":"https:\/\/www.museedelhistoire.ca\/boutique\/wp-json\/wp\/v2\/media\/29092"}],"wp:attachment":[{"href":"https:\/\/www.museedelhistoire.ca\/boutique\/wp-json\/wp\/v2\/media?parent=27074"}],"wp:term":[{"taxonomy":"product_cat","embeddable":true,"href":"https:\/\/www.museedelhistoire.ca\/boutique\/wp-json\/wp\/v2\/product_cat?post=27074"},{"taxonomy":"product_tag","embeddable":true,"href":"https:\/\/www.museedelhistoire.ca\/boutique\/wp-json\/wp\/v2\/product_tag?post=27074"}],"curies":[{"name":"wp","href":"https:\/\/api.w.org\/{rel}","templated":true}]}}