
{"id":27582,"date":"2025-07-03T10:40:37","date_gmt":"2025-07-03T14:40:37","guid":{"rendered":"https:\/\/www.historymuseum.ca\/boutique\/?post_type=product&#038;p=27582"},"modified":"2025-07-03T11:43:13","modified_gmt":"2025-07-03T15:43:13","slug":"jespere","status":"publish","type":"product","link":"https:\/\/www.museedelhistoire.ca\/boutique\/produit\/jespere\/","title":{"rendered":"J\u2019esp\u00e8re"},"content":{"rendered":"<p><strong>J\u2019esp\u00e8re<\/strong><br \/>\nPar Monique Gray Smith<br \/>\nIllustr\u00e9 par Gabrielle Grimard<br \/>\nTraduit par Rachel Martinez<\/p>\n<p>Nous nourrissons pour nos jeunes des espoirs immenses. Nous voulons qu\u2019ils et elles s\u2019\u00e9panouissent et puissent profiter de toutes les exp\u00e9riences que la vie leur offre, mais nous tenons aussi \u00e0 les prot\u00e9ger. Dans des mots simples, mais \u00e9vocateurs, Monique Gray Smith nous communique un message touchant sur l\u2019importance d\u2019aimer nos enfants, d\u2019en prendre soin et de faire ce qu\u2019il y a de mieux pour les soutenir. Illumin\u00e9 par les illustrations chaleureuses de Gabrielle Grimard, le texte de J\u2019esp\u00e8re trouvera un \u00e9cho chez les parents, les grands-parents et toutes les personnes qui s\u2019occupent des jeunes.<\/p>\n<p><strong>ISBN :<\/strong> 9781459833258<br \/>\n<strong>Nombre de pages :<\/strong> 32<\/p>\n","protected":false},"excerpt":{"rendered":"<p>Message \u00e9mouvant de l\u2019autrice autochtone prim\u00e9e Monique Gray Smith au sujet de tous les espoirs que les adultes nourrissent pour les enfants de leur vie.<\/p>\n<p>\u00c9galement disponible sous le titre <em>I Hope \/ nipakos\u00eayimon<\/em> en anglais et en Plains Cree.<\/p>\n","protected":false},"featured_media":27591,"comment_status":"open","ping_status":"closed","template":"","meta":{"_acf_changed":false},"product_cat":[604,630,1631],"product_tag":[1787],"acf":[],"_links":{"self":[{"href":"https:\/\/www.museedelhistoire.ca\/boutique\/wp-json\/wp\/v2\/product\/27582"}],"collection":[{"href":"https:\/\/www.museedelhistoire.ca\/boutique\/wp-json\/wp\/v2\/product"}],"about":[{"href":"https:\/\/www.museedelhistoire.ca\/boutique\/wp-json\/wp\/v2\/types\/product"}],"replies":[{"embeddable":true,"href":"https:\/\/www.museedelhistoire.ca\/boutique\/wp-json\/wp\/v2\/comments?post=27582"}],"wp:featuredmedia":[{"embeddable":true,"href":"https:\/\/www.museedelhistoire.ca\/boutique\/wp-json\/wp\/v2\/media\/27591"}],"wp:attachment":[{"href":"https:\/\/www.museedelhistoire.ca\/boutique\/wp-json\/wp\/v2\/media?parent=27582"}],"wp:term":[{"taxonomy":"product_cat","embeddable":true,"href":"https:\/\/www.museedelhistoire.ca\/boutique\/wp-json\/wp\/v2\/product_cat?post=27582"},{"taxonomy":"product_tag","embeddable":true,"href":"https:\/\/www.museedelhistoire.ca\/boutique\/wp-json\/wp\/v2\/product_tag?post=27582"}],"curies":[{"name":"wp","href":"https:\/\/api.w.org\/{rel}","templated":true}]}}