
{"id":27826,"date":"2025-07-25T11:28:30","date_gmt":"2025-07-25T15:28:31","guid":{"rendered":"https:\/\/www.historymuseum.ca\/boutique\/?post_type=product&#038;p=27826"},"modified":"2025-07-25T11:50:27","modified_gmt":"2025-07-25T15:50:27","slug":"tasse-celestial-bear-de-kim-mcdonough","status":"publish","type":"product","link":"https:\/\/www.museedelhistoire.ca\/boutique\/produit\/tasse-celestial-bear-de-kim-mcdonough\/","title":{"rendered":"Tasse \u2018Celestial Bear\u2019 de Kim McDonough"},"content":{"rendered":"<p><strong>\u00c0 propos de l&#8217;artiste\u00a0:<\/strong><\/p>\n<p>Kim McDonough est une artiste micmaque de Toronto, Canada, qui appartient \u00e0 la Premi\u00e8re nation de Membertou \u00e0 Unama&#8217;ki (\u00eele du Cap-Breton). Ayant suivi une formation et travaill\u00e9 en arts num\u00e9riques, ses peintures aux couleurs vives \u00e9voquent l&#8217;harmonie et la connexion, et sont remplies d&#8217;imagerie autochtone, de symbolisme, d&#8217;animaux spirituels et de motifs floraux.<\/p>\n","protected":false},"excerpt":{"rendered":"<p>Cette tasse s&#8217;inspire des l\u00e9gendes autochtones sur les ours qui vivent dans les \u00e9toiles. L&#8217;\u00e9toile filante repr\u00e9sente le \u00ab bon chemin \u00bb. \u0152uvre \u00ab Celestial Bear \u00bb par Kim McDonough, artiste mi&#8217;kmaq.<\/p>\n<p>Chaque tasse en porcelaine vient avec un bo\u00eetier sp\u00e9cialement con\u00e7u dans lequel figurent l\u2019\u0153uvre d\u2019art et sa description. D\u2019une contenance de 485 ml \/16 oz, la tasse peux \u00eatre mise au micro-ondes et au lave-vaisselle.<\/p>\n<p>Des royaut\u00e9s sont pay\u00e9es par notre fournisseur pour chaque produit vendu.<\/p>\n","protected":false},"featured_media":27828,"comment_status":"open","ping_status":"closed","template":"","meta":{"_acf_changed":false},"product_cat":[2204,1879,615,671,1601],"product_tag":[],"acf":[],"_links":{"self":[{"href":"https:\/\/www.museedelhistoire.ca\/boutique\/wp-json\/wp\/v2\/product\/27826"}],"collection":[{"href":"https:\/\/www.museedelhistoire.ca\/boutique\/wp-json\/wp\/v2\/product"}],"about":[{"href":"https:\/\/www.museedelhistoire.ca\/boutique\/wp-json\/wp\/v2\/types\/product"}],"replies":[{"embeddable":true,"href":"https:\/\/www.museedelhistoire.ca\/boutique\/wp-json\/wp\/v2\/comments?post=27826"}],"wp:featuredmedia":[{"embeddable":true,"href":"https:\/\/www.museedelhistoire.ca\/boutique\/wp-json\/wp\/v2\/media\/27828"}],"wp:attachment":[{"href":"https:\/\/www.museedelhistoire.ca\/boutique\/wp-json\/wp\/v2\/media?parent=27826"}],"wp:term":[{"taxonomy":"product_cat","embeddable":true,"href":"https:\/\/www.museedelhistoire.ca\/boutique\/wp-json\/wp\/v2\/product_cat?post=27826"},{"taxonomy":"product_tag","embeddable":true,"href":"https:\/\/www.museedelhistoire.ca\/boutique\/wp-json\/wp\/v2\/product_tag?post=27826"}],"curies":[{"name":"wp","href":"https:\/\/api.w.org\/{rel}","templated":true}]}}