
{"id":28260,"date":"2026-01-06T09:29:24","date_gmt":"2025-11-19T19:55:24","guid":{"rendered":"https:\/\/www.historymuseum.ca\/boutique\/?post_type=product&#038;p=28260"},"modified":"2025-11-19T15:16:28","modified_gmt":"2025-11-19T20:16:28","slug":"river-of-dreams-impressionism-on-the-st-lawrence","status":"publish","type":"product","link":"https:\/\/www.museedelhistoire.ca\/boutique\/produit\/river-of-dreams-impressionism-on-the-st-lawrence\/","title":{"rendered":"River of Dreams: Impressionism on the St. Lawrence"},"content":{"rendered":"","protected":false},"excerpt":{"rendered":"<p>Veuillez noter que ce livre est seulement disponible en anglais.<\/p>\n<p><strong>River of Dreams: Impressionism on the St. Lawrence<\/strong><br \/>\nPar Anne-Marie Bouchard &amp; Sarah Milroy<\/p>\n<p>River of Dreams c\u00e9l\u00e8bre les fa\u00e7ons uniques dont l&#8217;impressionnisme a \u00e9t\u00e9 pratiqu\u00e9 par les artistes du Qu\u00e9bec, en offrant un regard attentif sur l&#8217;\u0153uvre de personnalit\u00e9s telles que Clarence Gagnon, Henrietta Mabel May, James Wilson Morrice et Marc-Aur\u00e8le de Foy Suzor-Cot\u00e9. Ces artistes ont immortalis\u00e9 les rives du Saint-Laurent et ses environs, de Montr\u00e9al jusqu&#8217;\u00e0 Mont-Saint-Hilaire, Arthabaska, Qu\u00e9bec, Beaupr\u00e9 et Charlevoix.<\/p>\n<p>Les impressionnistes qu\u00e9b\u00e9cois peignaient \u00e0 une \u00e9poque de changements industriels et sociaux consid\u00e9rables au Qu\u00e9bec, et leurs choix en mati\u00e8re de sujets picturaux se sont av\u00e9r\u00e9s d\u00e9terminants pour consolider l&#8217;image de la province comme lieu \u00e0 la fois industriel et de loisirs, que ce soit dans des sc\u00e8nes du port industriel de Montr\u00e9al ou dans d&#8217;autres capturant le mode de vie rural traditionnel dans les petits villages.<\/p>\n<p>Avec un essai introductif de la conservatrice Anne-Marie Bouchard, des r\u00e9flexions sur chaque peintre par des artistes, conservateurs et universitaires de renom, et plus de 175 images en couleur (dont des reproductions de plus de 100 peintures, des exemples de textiles, de poteries et d&#8217;objets commerciaux autochtones de l&#8217;\u00e9poque, ainsi que des photographies d&#8217;archives), River of Dreams est un magnifique hommage \u00e0 un mouvement qui a fa\u00e7onn\u00e9 l&#8217;art canadien.<\/p>\n<p><strong>ISBN:<\/strong> 9781773104287<br \/>\n<strong>Nombre de pages:<\/strong> 256<br \/>\n<strong>Grandeur:<\/strong> 9.25&#8243; x 10.20&#8243;<br \/>\n<strong>Type:<\/strong> Hardcover<br \/>\n<strong>Langue:<\/strong> Anglais<\/p>\n","protected":false},"featured_media":28263,"comment_status":"open","ping_status":"closed","template":"","meta":{"_acf_changed":false},"product_cat":[2247,604],"product_tag":[1787],"acf":[],"_links":{"self":[{"href":"https:\/\/www.museedelhistoire.ca\/boutique\/wp-json\/wp\/v2\/product\/28260"}],"collection":[{"href":"https:\/\/www.museedelhistoire.ca\/boutique\/wp-json\/wp\/v2\/product"}],"about":[{"href":"https:\/\/www.museedelhistoire.ca\/boutique\/wp-json\/wp\/v2\/types\/product"}],"replies":[{"embeddable":true,"href":"https:\/\/www.museedelhistoire.ca\/boutique\/wp-json\/wp\/v2\/comments?post=28260"}],"wp:featuredmedia":[{"embeddable":true,"href":"https:\/\/www.museedelhistoire.ca\/boutique\/wp-json\/wp\/v2\/media\/28263"}],"wp:attachment":[{"href":"https:\/\/www.museedelhistoire.ca\/boutique\/wp-json\/wp\/v2\/media?parent=28260"}],"wp:term":[{"taxonomy":"product_cat","embeddable":true,"href":"https:\/\/www.museedelhistoire.ca\/boutique\/wp-json\/wp\/v2\/product_cat?post=28260"},{"taxonomy":"product_tag","embeddable":true,"href":"https:\/\/www.museedelhistoire.ca\/boutique\/wp-json\/wp\/v2\/product_tag?post=28260"}],"curies":[{"name":"wp","href":"https:\/\/api.w.org\/{rel}","templated":true}]}}