
{"id":28582,"date":"2026-01-06T09:28:14","date_gmt":"2026-01-06T14:28:15","guid":{"rendered":"https:\/\/www.historymuseum.ca\/boutique\/?post_type=product&#038;p=28582"},"modified":"2026-01-06T09:34:19","modified_gmt":"2026-01-06T14:34:19","slug":"lexical-roots-of-old-cree-an-etymological-dictionary","status":"publish","type":"product","link":"https:\/\/www.museedelhistoire.ca\/boutique\/produit\/lexical-roots-of-old-cree-an-etymological-dictionary\/","title":{"rendered":"Lexical Roots of Old Cree: An Etymological Dictionary"},"content":{"rendered":"<p>Les racines lexicales, soit les plus petites unit\u00e9s porteuses de sens, sont au c\u0153ur de la structure polysynth\u00e9tique du cri, o\u00f9 un mot peut fonctionner comme une phrase enti\u00e8re. En retra\u00e7ant m\u00e9ticuleusement ces racines, ce Lexical Roots of Old Cree: An Etymological Dictionary fournit des informations essentielles sur la formation des mots en cri ancien et sur leur structure dans les dialectes modernes. Au-del\u00e0 de la reconstruction linguistique, ce dictionnaire aborde des d\u00e9fis pratiques propres \u00e0 la lexicographie crie, notamment ceux qui d\u00e9coulent des variations orthographiques et des diff\u00e9rences dialectales. Il constitue ainsi une ressource pr\u00e9cieuse pour les lexicographes, les linguistes et les membres des communaut\u00e9s qui s\u2019investissent dans la pr\u00e9servation et la revitalisation de la langue. Cette recherche s\u2019appuie sur des manuscrits historiques, des dictionnaires anciens et des traditions orales, garantissant une analyse \u00e0 la fois exhaustive et fond\u00e9e sur des preuves.<\/p>\n","protected":false},"excerpt":{"rendered":"<p>Veuillez noter que ce livre est seulement disponible en anglais.<\/p>\n<p><strong>Lexical Roots of Old Cree: An Etymological Dictionary<\/strong><br \/>\nPar Kevin Brousseau<\/p>\n<p>Lexical Roots of Old Cree: An Etymological Dictionary est l\u2019aboutissement de plus de 20 ans de recherche sur les dialectes cris, tant historiques que contemporains. Construit \u00e0 partir d\u2019un vaste travail de terrain linguistique aupr\u00e8s d\u2019une centaine de locuteurs natifs et appuy\u00e9 par des bases de donn\u00e9es lexicales ainsi que des corpus textuels, il propose une reconstruction d\u00e9taill\u00e9e des racines du cri ancien et de leur \u00e9volution \u00e0 travers des dialectes comme le cri de Moose, le cri du sud-est, l\u2019atikamekw et l\u2019innu de l\u2019Ouest.<\/p>\n<p><strong>ISBN:<\/strong> 9780776645490<br \/>\n<strong>Nombre de pages:<\/strong> 464<br \/>\n<strong>Grandeur:<\/strong> 6&#8243; x 9&#8243;<br \/>\n<strong>Type:<\/strong> Broch\u00e9<br \/>\n<strong>Langue:<\/strong> Anglais<\/p>\n","protected":false},"featured_media":28587,"comment_status":"open","ping_status":"closed","template":"","meta":{"_acf_changed":false},"product_cat":[2165,604,877],"product_tag":[1787],"acf":[],"_links":{"self":[{"href":"https:\/\/www.museedelhistoire.ca\/boutique\/wp-json\/wp\/v2\/product\/28582"}],"collection":[{"href":"https:\/\/www.museedelhistoire.ca\/boutique\/wp-json\/wp\/v2\/product"}],"about":[{"href":"https:\/\/www.museedelhistoire.ca\/boutique\/wp-json\/wp\/v2\/types\/product"}],"replies":[{"embeddable":true,"href":"https:\/\/www.museedelhistoire.ca\/boutique\/wp-json\/wp\/v2\/comments?post=28582"}],"wp:featuredmedia":[{"embeddable":true,"href":"https:\/\/www.museedelhistoire.ca\/boutique\/wp-json\/wp\/v2\/media\/28587"}],"wp:attachment":[{"href":"https:\/\/www.museedelhistoire.ca\/boutique\/wp-json\/wp\/v2\/media?parent=28582"}],"wp:term":[{"taxonomy":"product_cat","embeddable":true,"href":"https:\/\/www.museedelhistoire.ca\/boutique\/wp-json\/wp\/v2\/product_cat?post=28582"},{"taxonomy":"product_tag","embeddable":true,"href":"https:\/\/www.museedelhistoire.ca\/boutique\/wp-json\/wp\/v2\/product_tag?post=28582"}],"curies":[{"name":"wp","href":"https:\/\/api.w.org\/{rel}","templated":true}]}}