
{"id":28629,"date":"2026-01-16T13:25:02","date_gmt":"2026-01-16T18:25:03","guid":{"rendered":"https:\/\/www.historymuseum.ca\/boutique\/?post_type=product&#038;p=28629"},"modified":"2026-01-16T14:06:25","modified_gmt":"2026-01-16T19:06:25","slug":"winter-count-compte-dhiver-embracing-the-cold-au-coeur-du-froid","status":"publish","type":"product","link":"https:\/\/www.museedelhistoire.ca\/boutique\/produit\/winter-count-compte-dhiver-embracing-the-cold-au-coeur-du-froid\/","title":{"rendered":"Winter Count | Compte d&#8217;hiver: Embracing the Cold | Au c\u0153ur du froid"},"content":{"rendered":"","protected":false},"excerpt":{"rendered":"<p><strong>Winter Count | Compte d&#8217;hiver: Embracing the Cold | Au c\u0153ur du froid<\/strong><br \/>\nPar Katerina Atanassova, Wahsontiio Cross, Anabelle Kienle Ponka, Jocelyn Piirainen<\/p>\n<p><em>Compte d&#8217;hiver<\/em> s\u2019inspire des pratiques des Premi\u00e8res Nations des Plaines qui consistent \u00e0 consigner chaque hiver les \u00e9v\u00e9nements marquants, un rappel visuel qui contribue \u00e0 structurer les histoires et les traditions transmises aux g\u00e9n\u00e9rations futures. Ce magnifique livre explore comment l\u2019hiver a longtemps fa\u00e7onn\u00e9 l\u2019art autochtone, celui des colons canadiens et celui d\u2019Europe du Nord, unissant diff\u00e9rentes perspectives culturelles \u00e0 travers des th\u00e8mes aussi vari\u00e9s que la narration, les effets de la lumi\u00e8re, l\u2019adaptation physique, la communaut\u00e9 et l\u2019isolement.<\/p>\n<p>Pr\u00e9sentant une s\u00e9lection d\u2019\u0153uvres allant du d\u00e9but du XIXe si\u00e8cle \u00e0 nos jours \u2013 incluant des artistes tels que Kenojuak Ashevak, J.E.H. MacDonald, Claude Monet, Kent Monkman, Megan Musseau et Jin-me Yoon \u2013 \u00ab\u00a0Winter Count\u00a0\u00bb comprend environ 170 planches, ainsi que des essais illustr\u00e9s r\u00e9dig\u00e9s par des conservateurs du Mus\u00e9e des beaux-arts du Canada. Il en r\u00e9sulte un livre qui invite les lecteurs \u00e0 porter un regard neuf sur l\u2019hiver \u2013 non pas comme une saison \u00e0 subir, mais comme une source d\u2019invention, de connexion et de respect mutuel par-del\u00e0 le temps et l\u2019espace.<\/p>\n<p><strong>Langues : <\/strong>Anglais et fran\u00e7ais (bilingue)<strong><br \/>\nISBN:<\/strong> 9781773104928<br \/>\n<strong>Nombre de pages:<\/strong> 304<br \/>\n<strong>Grandeur:<\/strong> 12 po x 9 po<br \/>\n<strong>Type:<\/strong> Broch\u00e9<\/p>\n","protected":false},"featured_media":28633,"comment_status":"open","ping_status":"closed","template":"","meta":{"_acf_changed":false},"product_cat":[2247,604],"product_tag":[1787],"acf":[],"_links":{"self":[{"href":"https:\/\/www.museedelhistoire.ca\/boutique\/wp-json\/wp\/v2\/product\/28629"}],"collection":[{"href":"https:\/\/www.museedelhistoire.ca\/boutique\/wp-json\/wp\/v2\/product"}],"about":[{"href":"https:\/\/www.museedelhistoire.ca\/boutique\/wp-json\/wp\/v2\/types\/product"}],"replies":[{"embeddable":true,"href":"https:\/\/www.museedelhistoire.ca\/boutique\/wp-json\/wp\/v2\/comments?post=28629"}],"wp:featuredmedia":[{"embeddable":true,"href":"https:\/\/www.museedelhistoire.ca\/boutique\/wp-json\/wp\/v2\/media\/28633"}],"wp:attachment":[{"href":"https:\/\/www.museedelhistoire.ca\/boutique\/wp-json\/wp\/v2\/media?parent=28629"}],"wp:term":[{"taxonomy":"product_cat","embeddable":true,"href":"https:\/\/www.museedelhistoire.ca\/boutique\/wp-json\/wp\/v2\/product_cat?post=28629"},{"taxonomy":"product_tag","embeddable":true,"href":"https:\/\/www.museedelhistoire.ca\/boutique\/wp-json\/wp\/v2\/product_tag?post=28629"}],"curies":[{"name":"wp","href":"https:\/\/api.w.org\/{rel}","templated":true}]}}