
{"id":28801,"date":"2026-01-29T11:23:52","date_gmt":"2026-01-29T16:23:55","guid":{"rendered":"https:\/\/www.historymuseum.ca\/boutique\/?post_type=product&#038;p=28801"},"modified":"2026-01-29T14:38:59","modified_gmt":"2026-01-29T19:38:59","slug":"les-lumieres-de-la-nuit","status":"publish","type":"product","link":"https:\/\/www.museedelhistoire.ca\/boutique\/produit\/les-lumieres-de-la-nuit\/","title":{"rendered":"Les lumi\u00e8res de la nuit"},"content":{"rendered":"<p><strong>Les lumi\u00e8res de la nuit<\/strong><br \/>\nAutrice : Tasha Hilderman<br \/>\nIllustratrice : Maggie Zeng<\/p>\n<p>Il fait sombre&#8230; jusqu\u2019\u00e0 ce que les lampadaires s\u2019allument, un, deux, trois. Feu rouge, feu vert, feu jaune&#8230; et soudain, la foudre frappe! La lumi\u00e8re de notre v\u00e9randa nous guide jusqu\u2019\u00e0 la maison, et pendant que nous dormons, les \u00e9toiles du ciel printanier apparaissent, ainsi que de nouveaux b\u00e9b\u00e9s qui naissent, leurs visages \u00e9clair\u00e9s par la nuit. En \u00e9t\u00e9, nos visages brillent \u00e0 la lueur du feu de camp tandis que les feux d\u2019artifice \u00e9clatent au-dessus de nous. En automne, nous frissonnons et nous nous r\u00e9jouissons sous les lumi\u00e8res imposantes du terrain de football, puis nous faisons la chasse aux bonbons sur les chemins \u00e9clair\u00e9s par les sourires vacillants des citrouilles. Et en hiver, les bougies et les lumi\u00e8res des f\u00eates brillent, mais sont \u00e9clips\u00e9es par la splendeur des aurores bor\u00e9ales.<\/p>\n<p><strong>ISBN :<\/strong> 9781039713307<\/p>\n","protected":false},"excerpt":{"rendered":"<p>Dans cet album illustr\u00e9 parfait pour l\u2019heure du dodo, accompagnez deux familles dans leur quotidien au cours de l\u2019ann\u00e9e, alors qu\u2019elles explorent les diff\u00e9rentes lumi\u00e8res que nous voyons la nuit.<\/p>\n<p>Ce livre doux et magnifiquement illustr\u00e9 est un choix parfait pour pr\u00e9senter les saisons et les activit\u00e9s et \u00e9v\u00e9nements saisonniers. Il explore les joies simples que nous \u00e9prouvons tout au long de l\u2019ann\u00e9e lorsque nous les partageons avec les personnes que nous aimons.<\/p>\n<p><strong>\u00c2ges : <\/strong>3-7 ans<strong><br \/>\nNombre de pages :<\/strong> 40<br \/>\n<strong>Type :<\/strong> Couverture souple de 10 po x 8 po<\/p>\n","protected":false},"featured_media":28813,"comment_status":"open","ping_status":"closed","template":"","meta":{"_acf_changed":false},"product_cat":[2165,604,630,1631],"product_tag":[1787],"acf":[],"_links":{"self":[{"href":"https:\/\/www.museedelhistoire.ca\/boutique\/wp-json\/wp\/v2\/product\/28801"}],"collection":[{"href":"https:\/\/www.museedelhistoire.ca\/boutique\/wp-json\/wp\/v2\/product"}],"about":[{"href":"https:\/\/www.museedelhistoire.ca\/boutique\/wp-json\/wp\/v2\/types\/product"}],"replies":[{"embeddable":true,"href":"https:\/\/www.museedelhistoire.ca\/boutique\/wp-json\/wp\/v2\/comments?post=28801"}],"wp:featuredmedia":[{"embeddable":true,"href":"https:\/\/www.museedelhistoire.ca\/boutique\/wp-json\/wp\/v2\/media\/28813"}],"wp:attachment":[{"href":"https:\/\/www.museedelhistoire.ca\/boutique\/wp-json\/wp\/v2\/media?parent=28801"}],"wp:term":[{"taxonomy":"product_cat","embeddable":true,"href":"https:\/\/www.museedelhistoire.ca\/boutique\/wp-json\/wp\/v2\/product_cat?post=28801"},{"taxonomy":"product_tag","embeddable":true,"href":"https:\/\/www.museedelhistoire.ca\/boutique\/wp-json\/wp\/v2\/product_tag?post=28801"}],"curies":[{"name":"wp","href":"https:\/\/api.w.org\/{rel}","templated":true}]}}