
{"id":29323,"date":"2026-04-17T08:52:47","date_gmt":"2026-04-17T17:53:50","guid":{"rendered":"https:\/\/www.historymuseum.ca\/boutique\/?post_type=product&#038;p=29323"},"modified":"2026-05-11T15:01:17","modified_gmt":"2026-05-11T19:01:17","slug":"la-reaffirmation-de-lidentite-wendat-wyandotte","status":"publish","type":"product","link":"https:\/\/www.museedelhistoire.ca\/boutique\/produit\/la-reaffirmation-de-lidentite-wendat-wyandotte\/","title":{"rendered":"La r\u00e9affirmation de l&#8217;identit\u00e9 Wendat\/Wyandotte"},"content":{"rendered":"<p>Ce livre examine les enjeux identitaires et l\u2019adaptation culturelle de la Nation wendat de Wendake (Qu\u00e9bec) et de la Nation wyandotte de l\u2019Oklahoma (\u00c9tats-Unis), toutes deux issues d\u2019une m\u00eame conf\u00e9d\u00e9ration s\u2019\u00e9tant dispers\u00e9e il y a plus de 350\u00a0ans.<\/p>\n<p>Linda R. Sioui offre un regard renouvel\u00e9 sur les marqueurs identitaires, les influences culturelles historiques, et les convergences et divergences contemporaines caract\u00e9risant les deux communaut\u00e9s, en inscrivant le tout dans un contexte de mondialisation qui tend souvent \u00e0 pr\u00e9senter les groupes autochtones comme un ensemble uniforme. Ce faisant, l\u2019autrice montre l\u2019importance de comprendre les dynamiques de transformation culturelle de peuples autochtones qui partagent une origine commune.<\/p>\n","protected":false},"excerpt":{"rendered":"<p><strong>La r\u00e9affirmation de l&#8217;identit\u00e9 Wendat\/Wyandotte<\/strong><\/p>\n<p>Par Linda R. Sioui, Wendat de Wendake<\/p>\n<p>Ce livre examine les enjeux identitaires et l\u2019adaptation culturelle de la Nation wendat de Wendake (Qu\u00e9bec) et de la Nation wyandotte de l\u2019Oklahoma (\u00c9tats-Unis), toutes deux issues d\u2019une m\u00eame conf\u00e9d\u00e9ration s\u2019\u00e9tant dispers\u00e9e il y a plus de 350\u00a0ans.<\/p>\n<p><strong>ISBN:<\/strong> 9780776647357<br \/>\n<strong>Nombre de pages:<\/strong> 244<br \/>\n<strong>Grandeur:<\/strong>\u00a06\u2033 x 9\u2033<br \/>\n<strong>Type:<\/strong>\u00a0Broch\u00e9<br \/>\n<strong>Langue:<\/strong> Anglais; Fran\u00e7ais (bilingue)<\/p>\n","protected":false},"featured_media":29370,"comment_status":"open","ping_status":"closed","template":"","meta":{"_acf_changed":false},"product_cat":[2165,604,877],"product_tag":[],"acf":[],"_links":{"self":[{"href":"https:\/\/www.museedelhistoire.ca\/boutique\/wp-json\/wp\/v2\/product\/29323"}],"collection":[{"href":"https:\/\/www.museedelhistoire.ca\/boutique\/wp-json\/wp\/v2\/product"}],"about":[{"href":"https:\/\/www.museedelhistoire.ca\/boutique\/wp-json\/wp\/v2\/types\/product"}],"replies":[{"embeddable":true,"href":"https:\/\/www.museedelhistoire.ca\/boutique\/wp-json\/wp\/v2\/comments?post=29323"}],"wp:featuredmedia":[{"embeddable":true,"href":"https:\/\/www.museedelhistoire.ca\/boutique\/wp-json\/wp\/v2\/media\/29370"}],"wp:attachment":[{"href":"https:\/\/www.museedelhistoire.ca\/boutique\/wp-json\/wp\/v2\/media?parent=29323"}],"wp:term":[{"taxonomy":"product_cat","embeddable":true,"href":"https:\/\/www.museedelhistoire.ca\/boutique\/wp-json\/wp\/v2\/product_cat?post=29323"},{"taxonomy":"product_tag","embeddable":true,"href":"https:\/\/www.museedelhistoire.ca\/boutique\/wp-json\/wp\/v2\/product_tag?post=29323"}],"curies":[{"name":"wp","href":"https:\/\/api.w.org\/{rel}","templated":true}]}}