
{"id":8351,"date":"2015-05-22T14:01:00","date_gmt":"2015-04-01T16:37:00","guid":{"rendered":"https:\/\/www.historymuseum.ca\/boutique\/product\/snow-snow-2\/"},"modified":"2026-02-23T13:58:23","modified_gmt":"2026-02-23T18:58:23","slug":"snow-snow","status":"publish","type":"product","link":"https:\/\/www.museedelhistoire.ca\/boutique\/produit\/snow-snow\/","title":{"rendered":"Neige"},"content":{"rendered":"<p><strong>Neige<\/strong><br \/>\npar Bianca Gendreau<\/p>\n<p>d\u00e9cembre 2013, ISBN 978-0-660-97468-2<br \/>\n112 p., 64 illustrations, 15 x 15 cm, broch\u00e9<\/p>\n<p>La neige. Source de passion, de cr\u00e9ation et d\u2019ing\u00e9niosit\u00e9\u2026 que serait le Canada sans elle?<\/p>\n<p>D\u00e8s leur arriv\u00e9e en Am\u00e9rique du Nord, les Europ\u00e9ens ont d\u00fb composer avec la neige, comme l\u2019avaient fait bien avant eux les Autochtones. Depuis, elle n\u2019a jamais cess\u00e9 d\u2019influencer notre mode de vie et de mettre au d\u00e9fi notre capacit\u00e9 d\u2019adaptation. En t\u00e9moignent, entre autres, les sports de glisse en constante \u00e9volution. Muse des artistes, elle constitue \u00e9galement un moteur de notre \u00e9conomie. Regroupant 300 artefacts, Neige propose une histoire culturelle de cet \u00e9l\u00e9ment essentiel de l\u2019identit\u00e9 canadienne.<\/p>\n<p>Ce catalogue-souvenir comprend plus de 60 illustrations, y compris des caricatures et des photographies immortalisant des \u00ab temp\u00eates du si\u00e8cle \u00bb, qui r\u00e9v\u00e8lent combien la neige a influenc\u00e9 nos modes de vie. Vous ne verrez plus jamais l\u2019hiver de la m\u00eame mani\u00e8re.<\/p>\n","protected":false},"excerpt":{"rendered":"<p>par Bianca Gendreau<\/p>\n<p>La neige. Source de passion, de cr\u00e9ation et d\u2019ing\u00e9niosit\u00e9\u2026 que serait le Canada sans elle? Ce catalogue-souvenir comprend plus de 60 illustrations, y compris des caricatures et des photographies immortalisant des \u00ab temp\u00eates du si\u00e8cle \u00bb, qui r\u00e9v\u00e8lent combien la neige a influenc\u00e9 nos modes de vie. Vous ne verrez plus jamais l\u2019hiver de la m\u00eame mani\u00e8re.<\/p>\n","protected":false},"featured_media":22599,"comment_status":"open","ping_status":"closed","template":"","meta":{"_acf_changed":false},"product_cat":[604,631,611],"product_tag":[1787],"acf":[],"_links":{"self":[{"href":"https:\/\/www.museedelhistoire.ca\/boutique\/wp-json\/wp\/v2\/product\/8351"}],"collection":[{"href":"https:\/\/www.museedelhistoire.ca\/boutique\/wp-json\/wp\/v2\/product"}],"about":[{"href":"https:\/\/www.museedelhistoire.ca\/boutique\/wp-json\/wp\/v2\/types\/product"}],"replies":[{"embeddable":true,"href":"https:\/\/www.museedelhistoire.ca\/boutique\/wp-json\/wp\/v2\/comments?post=8351"}],"wp:featuredmedia":[{"embeddable":true,"href":"https:\/\/www.museedelhistoire.ca\/boutique\/wp-json\/wp\/v2\/media\/22599"}],"wp:attachment":[{"href":"https:\/\/www.museedelhistoire.ca\/boutique\/wp-json\/wp\/v2\/media?parent=8351"}],"wp:term":[{"taxonomy":"product_cat","embeddable":true,"href":"https:\/\/www.museedelhistoire.ca\/boutique\/wp-json\/wp\/v2\/product_cat?post=8351"},{"taxonomy":"product_tag","embeddable":true,"href":"https:\/\/www.museedelhistoire.ca\/boutique\/wp-json\/wp\/v2\/product_tag?post=8351"}],"curies":[{"name":"wp","href":"https:\/\/api.w.org\/{rel}","templated":true}]}}