
{"id":8370,"date":"2015-05-23T15:37:00","date_gmt":"2015-02-01T16:37:00","guid":{"rendered":"https:\/\/www.historymuseum.ca\/boutique\/product\/du-coq-2\/"},"modified":"2024-01-30T09:35:33","modified_gmt":"2024-01-30T14:35:33","slug":"du-coq-a-lame","status":"publish","type":"product","link":"https:\/\/www.museedelhistoire.ca\/boutique\/produit\/du-coq-a-lame\/","title":{"rendered":"Du coq \u00e0 l\u2019\u00e2me : L\u2019art populaire au Qu\u00e9bec"},"content":{"rendered":"<p><strong>Du coq \u00e0 l\u2019\u00e2me : L\u2019art populaire au Qu\u00e9bec<\/strong><br \/>\npar Jean-Fran\u00e7ois Blanchette<\/p>\n<p>f\u00e9vrier 2014, ISBN 978-2-7603-0814-5<br \/>\nCollection Mercure, \u00c9tudes culturelles 85<br \/>\n300 p., 320 illustrations, 17 x 24 cm, broch\u00e9<\/p>\n<p><em>Laur\u00e9at du Prix Champlain 2015<\/em><\/p>\n<p>L\u2019art populaire est le reflet d\u2019une soci\u00e9t\u00e9, de la perspective de ses cr\u00e9ateurs, dont les approches sont tant\u00f4t traditionnelles et rationnelles, tant\u00f4t indisciplin\u00e9es et d\u00e9brid\u00e9es. D\u2019hier ou d\u2019aujourd\u2019hui, l\u2019art populaire r\u00e9v\u00e8le toute son expressivit\u00e9, met en valeur les objets anciens et contemporains. <em>Du coq \u00e0 l\u2019\u00e2me \u2013 L\u2019art populaire au Qu\u00e9bec<\/em> est le r\u00e9sultat de plusieurs ann\u00e9es de recherche et de rencontres avec des cr\u00e9ateurs, des collectionneurs et des chercheurs, tous passionn\u00e9s de cette forme de cr\u00e9ativit\u00e9 originale et authentique.<\/p>\n<p>L\u2019anthropologue Jean-Fran\u00e7ois Blanchette jette un regard historique et photographique sur les collections d\u2019art populaire qu\u00e9b\u00e9cois du Mus\u00e9e canadien de l\u2019histoire, dont la tr\u00e8s prestigieuse collection de Nettie Covey Sharpe, acquise en 2002. Par sa vision identitaire, la pr\u00e9sente publication vise \u00e0 mieux faire conna\u00eetre l\u2019histoire culturelle et sociale et \u00e0 pr\u00e9senter la cr\u00e9ativit\u00e9 d\u2019artistes qu\u00e9b\u00e9cois souvent peu reconnus. Vous y d\u00e9couvrirez l\u2019histoire de l\u2019art populaire, les artistes et leurs oeuvres. <em>Du coq \u00e0 l\u2019\u00e2me \u2013 L\u2019art populaire au Qu\u00e9bec<\/em> vient circonscrire l\u2019art populaire et pr\u00e9senter son d\u00e9veloppement dans le temps, depuis sa forme traditionnelle, fort ancienne, jusqu\u2019\u00e0 sa forme indisciplin\u00e9e, plus r\u00e9cente, du graffiti.<\/p>\n","protected":false},"excerpt":{"rendered":"<p>par Jean-Fran\u00e7ois Blanchette<\/p>\n<p>L\u2019art populaire est le reflet d\u2019une soci\u00e9t\u00e9, de la perspective de ses cr\u00e9ateurs, dont les approches sont tant\u00f4t traditionnelles et rationnelles, tant\u00f4t indisciplin\u00e9es et d\u00e9brid\u00e9es. <em>Du coq \u00e0 l\u2019\u00e2me<\/em> est le r\u00e9sultat de plusieurs ann\u00e9es de recherche et de rencontres avec des cr\u00e9ateurs, des collectionneurs et des chercheurs, tous passionn\u00e9s de cette forme de cr\u00e9ativit\u00e9 originale et authentique.<\/p>\n","protected":false},"featured_media":22594,"comment_status":"open","ping_status":"closed","template":"","meta":{"_acf_changed":false},"product_cat":[604,877,611],"product_tag":[],"acf":[],"_links":{"self":[{"href":"https:\/\/www.museedelhistoire.ca\/boutique\/wp-json\/wp\/v2\/product\/8370"}],"collection":[{"href":"https:\/\/www.museedelhistoire.ca\/boutique\/wp-json\/wp\/v2\/product"}],"about":[{"href":"https:\/\/www.museedelhistoire.ca\/boutique\/wp-json\/wp\/v2\/types\/product"}],"replies":[{"embeddable":true,"href":"https:\/\/www.museedelhistoire.ca\/boutique\/wp-json\/wp\/v2\/comments?post=8370"}],"wp:featuredmedia":[{"embeddable":true,"href":"https:\/\/www.museedelhistoire.ca\/boutique\/wp-json\/wp\/v2\/media\/22594"}],"wp:attachment":[{"href":"https:\/\/www.museedelhistoire.ca\/boutique\/wp-json\/wp\/v2\/media?parent=8370"}],"wp:term":[{"taxonomy":"product_cat","embeddable":true,"href":"https:\/\/www.museedelhistoire.ca\/boutique\/wp-json\/wp\/v2\/product_cat?post=8370"},{"taxonomy":"product_tag","embeddable":true,"href":"https:\/\/www.museedelhistoire.ca\/boutique\/wp-json\/wp\/v2\/product_tag?post=8370"}],"curies":[{"name":"wp","href":"https:\/\/api.w.org\/{rel}","templated":true}]}}