
{"id":8372,"date":"2015-05-23T16:37:00","date_gmt":"2015-01-05T16:37:30","guid":{"rendered":"https:\/\/www.historymuseum.ca\/boutique\/product\/the-grand-hall-first-peoples-of-canada-2\/"},"modified":"2024-12-03T23:01:03","modified_gmt":"2024-12-04T04:01:03","slug":"the-grand-hall-first-peoples-of-canada","status":"publish","type":"product","link":"https:\/\/www.museedelhistoire.ca\/boutique\/produit\/the-grand-hall-first-peoples-of-canada\/","title":{"rendered":"La Grande Galerie : Les Premiers Peuples de la c\u00f4te Nord-Ouest"},"content":{"rendered":"<p><strong>La Grande Galerie : Les Premiers Peuples de la c\u00f4te Nord-Ouest<\/strong><br \/>\npar Leslie Tepper<\/p>\n<p>mars 2014, ISBN 978-0-660-97469-9<br \/>\n108 p., 55 illustrations, 15 x 15 cm, broch\u00e9<\/p>\n<p>Richement illustr\u00e9, ce magnifique catalogue-souvenir de la Grande Galerie du Mus\u00e9e pr\u00e9sente les cultures autochtones de la c\u00f4te canadienne du Pacifique. Des objets anciens et contemporains, magnifiquement ouvr\u00e9s, d\u00e9voilent la vie des Premiers Peuples de la c\u00f4te Nord-Ouest : de simples outils, des tenues c\u00e9r\u00e9monielles tr\u00e8s \u00e9labor\u00e9es, des masques et m\u00eame des accessoires ayant servi \u00e0 la pr\u00e9sentation de spectacles ou de manifestations artistiques. Les m\u00e2ts tot\u00e9miques imposants et les maisons de bois aux magnifiques fa\u00e7ades peintes orientent le regard vers le plafond en vo\u00fbte et mettent en \u00e9vidence la remarquable architecture de la Grande Galerie.<\/p>\n<p>L\u2019exposition consacr\u00e9e \u00e0 la c\u00f4te Nord-Ouest, con\u00e7ue avec des artistes, des chercheurs et des conservateurs des Premi\u00e8res Nations de cette r\u00e9gion, t\u00e9moigne des cultures exceptionnelles qui existent au Canada depuis des mill\u00e9naires.<\/p>\n","protected":false},"excerpt":{"rendered":"<p>par Leslie Tepper<\/p>\n<p>Richement illustr\u00e9, ce magnifique catalogue-souvenir de la Grande Galerie du Mus\u00e9e pr\u00e9sente les cultures autochtones de la c\u00f4te canadienne du Pacifique. L\u2019exposition consacr\u00e9e \u00e0 la c\u00f4te Nord-Ouest, con\u00e7ue avec des artistes, des chercheurs et des conservateurs des Premi\u00e8res Nations de cette r\u00e9gion, t\u00e9moigne des cultures exceptionnelles qui existent au Canada depuis des mill\u00e9naires.<\/p>\n","protected":false},"featured_media":22593,"comment_status":"open","ping_status":"closed","template":"","meta":{"_acf_changed":false},"product_cat":[604,611],"product_tag":[1787],"acf":[],"_links":{"self":[{"href":"https:\/\/www.museedelhistoire.ca\/boutique\/wp-json\/wp\/v2\/product\/8372"}],"collection":[{"href":"https:\/\/www.museedelhistoire.ca\/boutique\/wp-json\/wp\/v2\/product"}],"about":[{"href":"https:\/\/www.museedelhistoire.ca\/boutique\/wp-json\/wp\/v2\/types\/product"}],"replies":[{"embeddable":true,"href":"https:\/\/www.museedelhistoire.ca\/boutique\/wp-json\/wp\/v2\/comments?post=8372"}],"wp:featuredmedia":[{"embeddable":true,"href":"https:\/\/www.museedelhistoire.ca\/boutique\/wp-json\/wp\/v2\/media\/22593"}],"wp:attachment":[{"href":"https:\/\/www.museedelhistoire.ca\/boutique\/wp-json\/wp\/v2\/media?parent=8372"}],"wp:term":[{"taxonomy":"product_cat","embeddable":true,"href":"https:\/\/www.museedelhistoire.ca\/boutique\/wp-json\/wp\/v2\/product_cat?post=8372"},{"taxonomy":"product_tag","embeddable":true,"href":"https:\/\/www.museedelhistoire.ca\/boutique\/wp-json\/wp\/v2\/product_tag?post=8372"}],"curies":[{"name":"wp","href":"https:\/\/api.w.org\/{rel}","templated":true}]}}