
{"id":8378,"date":"2015-05-25T16:37:00","date_gmt":"2015-02-01T16:37:00","guid":{"rendered":"https:\/\/www.historymuseum.ca\/boutique\/product\/petun-to-wyandot-2\/"},"modified":"2016-01-26T10:45:02","modified_gmt":"2016-01-26T15:45:02","slug":"petun-to-wyandot","status":"publish","type":"product","link":"https:\/\/www.museedelhistoire.ca\/boutique\/produit\/petun-to-wyandot\/","title":{"rendered":"Petun to Wyandot: The Ontario Petun from the Sixteenth Century"},"content":{"rendered":"<p><strong>Petun to Wyandot: The Ontario Petun from the Sixteenth Century<\/strong><br \/>\npar Charles Garrad<br \/>\nsous la direction de Jean-Luc Pilon et William Fox<\/p>\n<p>mai 2014, ISBN 978-0-7766-2144-9<br \/>\nCollection Mercure, Arch\u00e9ologie 174<br \/>\n628 p., 51 illustrations, 17 x 24 cm, broch\u00e9 (en anglais seulement)<\/p>\n<p>Dans <em>Petun to Wyandot<\/em>, Charles Garrad raconte, en se fondant sur cinquante ans de recherches, l\u2019histoire turbulente de la tribu des Wyandots, la Premi\u00e8re Nation des P\u00e9tuns, comme on l\u2019appelait autrefois. Prenant comme point de d\u00e9part les premi\u00e8res rencontres de la tribu avec l\u2019explorateur fran\u00e7ais Samuel de Champlain en 1616, et la suivant jusqu\u2019\u00e0 son d\u00e9clin final et sa dispersion, le livre fournit un t\u00e9moignage sur ce peuple tel qu\u2019il se percevait, un t\u00e9moignage que colorent \u00e9galement les histoires des nations, des tribus et des gens qui les entouraient.<\/p>\n<p>Recoupant les points de vue, notamment les comptes rendus historiques des J\u00e9suites, des explorateurs europ\u00e9ens et des commer\u00e7ants de fourrures, de m\u00eame que les r\u00e9cits des tribus et des nations voisines, <em>Petun to Wyandot<\/em> fait d\u00e9couvrir le mode de vie des P\u00e9tuns en d\u00e9crivant leur culture, leur vie politique, leurs accords commerciaux et leurs l\u00e9gendes. Plus pr\u00e9cieuses, peut-\u00eatre, sont les donn\u00e9es arch\u00e9ologiques d\u00e9taill\u00e9es que fournit l\u2019ouvrage et qui sont le fruit d\u2019ann\u00e9es de recherches r\u00e9alis\u00e9es par Garrad et ses coll\u00e8gues au pays des P\u00e9tuns, dans les Blue Mountains du centre de l\u2019Ontario. Au passage, l\u2019auteur rend compte avec une grande exactitude des travaux d\u2019autres historiens et des th\u00e9ories portant sur ce peuple mal connu.<\/p>\n","protected":false},"excerpt":{"rendered":"<p>(en anglais seulement)<\/p>\n<p>par Charles Garrad<br \/>\nsous la direction de Jean-Luc Pilon et William Fox<\/p>\n<p>L\u2019ouvrage exceptionnel de Charles Garrad sort les P\u00e9tuns de l\u2019oubli et retrace leur parcours depuis leur mythe fondateur jusqu\u2019\u00e0 leurs descendants actuels, dispers\u00e9s dans le sud-ouest de l\u2019Ontario, le Kansas et l\u2019Oklahoma.<\/p>\n","protected":false},"featured_media":22587,"comment_status":"open","ping_status":"closed","template":"","meta":{"_acf_changed":false},"product_cat":[604,877,611],"product_tag":[],"acf":[],"_links":{"self":[{"href":"https:\/\/www.museedelhistoire.ca\/boutique\/wp-json\/wp\/v2\/product\/8378"}],"collection":[{"href":"https:\/\/www.museedelhistoire.ca\/boutique\/wp-json\/wp\/v2\/product"}],"about":[{"href":"https:\/\/www.museedelhistoire.ca\/boutique\/wp-json\/wp\/v2\/types\/product"}],"replies":[{"embeddable":true,"href":"https:\/\/www.museedelhistoire.ca\/boutique\/wp-json\/wp\/v2\/comments?post=8378"}],"wp:featuredmedia":[{"embeddable":true,"href":"https:\/\/www.museedelhistoire.ca\/boutique\/wp-json\/wp\/v2\/media\/22587"}],"wp:attachment":[{"href":"https:\/\/www.museedelhistoire.ca\/boutique\/wp-json\/wp\/v2\/media?parent=8378"}],"wp:term":[{"taxonomy":"product_cat","embeddable":true,"href":"https:\/\/www.museedelhistoire.ca\/boutique\/wp-json\/wp\/v2\/product_cat?post=8378"},{"taxonomy":"product_tag","embeddable":true,"href":"https:\/\/www.museedelhistoire.ca\/boutique\/wp-json\/wp\/v2\/product_tag?post=8378"}],"curies":[{"name":"wp","href":"https:\/\/api.w.org\/{rel}","templated":true}]}}