
{"id":8379,"date":"2015-05-26T16:37:00","date_gmt":"2015-01-05T16:37:31","guid":{"rendered":"https:\/\/www.historymuseum.ca\/boutique\/product\/canada-s-titanic-2\/"},"modified":"2024-12-03T23:01:03","modified_gmt":"2024-12-04T04:01:03","slug":"canada-s-titanic","status":"publish","type":"product","link":"https:\/\/www.museedelhistoire.ca\/boutique\/produit\/canada-s-titanic\/","title":{"rendered":"Le Titanic canadien : Empress of Ireland"},"content":{"rendered":"<p><strong>Le Titanic canadien : <em>Empress of Ireland<\/em><\/strong><br \/>\npar John Willis<\/p>\n<p>mai 2014, ISBN 978-0-660-97484-2<br \/>\n120 p., 65 illustrations, 15 x 15 cm, broch\u00e9<\/p>\n<p>Dans la nuit du 29 mai 1914, deux navires plong\u00e9s dans le brouillard entrent en collision sur le fleuve Saint-Laurent. L\u2019<em>Empress of Ireland<\/em> et les 1 477 personnes \u00e0 son bord coulent en moins de 15 minutes. On estime \u00e0 1 012 personnes \u2013 passagers et membres d\u2019\u00e9quipage \u2013 le nombre de victimes.<\/p>\n<p>Ce catalogue-souvenir fait revivre l\u2019ambiance de f\u00eate qui r\u00e8gne lorsque le paquebot quitte le port de Qu\u00e9bec, la situation confuse dans le brouillard, la collision fatale avec un charbonnier, puis la course d\u00e9sesp\u00e9r\u00e9e pour fuir le navire en perdition.<\/p>\n<p>De nombreux artefacts de ce splendide transatlantique et des photos historiques illustrent ce r\u00e9cit de d\u00e9vastation et de sauvetage, de d\u00e9sespoir et de courage, celui de la plus grande catastrophe maritime de l\u2019histoire du Canada.<\/p>\n","protected":false},"excerpt":{"rendered":"<p>par John Willis<\/p>\n<p>Dans la nuit du 29 mai 1914, deux navires plong\u00e9s dans le brouillard entrent en collision sur le fleuve Saint-Laurent. L\u2019<em>Empress of Ireland<\/em> et les 1 477 personnes \u00e0 son bord coulent en moins de 15 minutes. On estime \u00e0 1 012 personnes le nombre de victimes. Ce catalogue-souvenir illustre ce r\u00e9cit de d\u00e9vastation et de sauvetage, de d\u00e9sespoir et de courage, celui de la plus grande catastrophe maritime de l\u2019histoire du Canada.<\/p>\n","protected":false},"featured_media":22583,"comment_status":"open","ping_status":"closed","template":"","meta":{"_acf_changed":false},"product_cat":[604,631,611],"product_tag":[1787],"acf":[],"_links":{"self":[{"href":"https:\/\/www.museedelhistoire.ca\/boutique\/wp-json\/wp\/v2\/product\/8379"}],"collection":[{"href":"https:\/\/www.museedelhistoire.ca\/boutique\/wp-json\/wp\/v2\/product"}],"about":[{"href":"https:\/\/www.museedelhistoire.ca\/boutique\/wp-json\/wp\/v2\/types\/product"}],"replies":[{"embeddable":true,"href":"https:\/\/www.museedelhistoire.ca\/boutique\/wp-json\/wp\/v2\/comments?post=8379"}],"wp:featuredmedia":[{"embeddable":true,"href":"https:\/\/www.museedelhistoire.ca\/boutique\/wp-json\/wp\/v2\/media\/22583"}],"wp:attachment":[{"href":"https:\/\/www.museedelhistoire.ca\/boutique\/wp-json\/wp\/v2\/media?parent=8379"}],"wp:term":[{"taxonomy":"product_cat","embeddable":true,"href":"https:\/\/www.museedelhistoire.ca\/boutique\/wp-json\/wp\/v2\/product_cat?post=8379"},{"taxonomy":"product_tag","embeddable":true,"href":"https:\/\/www.museedelhistoire.ca\/boutique\/wp-json\/wp\/v2\/product_tag?post=8379"}],"curies":[{"name":"wp","href":"https:\/\/api.w.org\/{rel}","templated":true}]}}