
{"id":8383,"date":"2015-05-27T16:37:00","date_gmt":"2015-05-14T16:37:00","guid":{"rendered":"https:\/\/www.historymuseum.ca\/boutique\/product\/1867-rebellion-and-confederation-2\/"},"modified":"2026-03-06T02:50:18","modified_gmt":"2026-03-06T07:50:18","slug":"1867-rebellion-and-confederation","status":"publish","type":"product","link":"https:\/\/www.museedelhistoire.ca\/boutique\/produit\/1867-rebellion-and-confederation\/","title":{"rendered":"1867 : R\u00e9bellion et Conf\u00e9d\u00e9ration"},"content":{"rendered":"<p><strong>1867 : R\u00e9bellion et Conf\u00e9d\u00e9ration<\/strong><br \/>\npar Jean-Fran\u00e7ois Lozier<\/p>\n<p>Novembre 2014, ISBN 978-0-660-20307-2<br \/>\n124 p., 66 images, 15 x 15 cm, broch\u00e9<\/p>\n<p>Le 1<sup>er<\/sup> juillet 1867, on proclame la Conf\u00e9d\u00e9ration. C\u2019est la naissance du Canada moderne, le point culminant d\u2019un cheminement de pr\u00e8s de 30 ans. <em>1867 \u2013 R\u00e9bellion et Conf\u00e9d\u00e9ration<\/em> propose de d\u00e9couvrir le parcours v\u00e9cu par cette soci\u00e9t\u00e9 en pleine mutation et par ces gens qui se sont battus, ont n\u00e9goci\u00e9 ou ont fait des compromis afin de mieux vivre ensemble.<\/p>\n<p>Le catalogue-souvenir, qui retrace les moments d\u00e9terminants qui ont men\u00e9 \u00e0 l\u2019<em>Acte de l\u2019Am\u00e9rique du Nord britannique<\/em>, nous permet de comprendre un h\u00e9ritage qui est encore perceptible aujourd\u2019hui dans notre identit\u00e9, nos valeurs et nos institutions.<\/p>\n","protected":false},"excerpt":{"rendered":"<p>par Jean-Fran\u00e7ois Lozier<\/p>\n<p>Le 1<sup>er<\/sup> juillet 1867, on proclame la Conf\u00e9d\u00e9ration, point culminant d\u2019un cheminement de pr\u00e8s de 30 ans. Faites la connaissance des personnes qui se sont battues, qui ont n\u00e9goci\u00e9 et fait des compromis afin de mieux vivre ensemble. D\u00e9couvrez les moments d\u00e9terminants qui ont men\u00e9 \u00e0 la naissance du Canada.<\/p>\n","protected":false},"featured_media":22581,"comment_status":"open","ping_status":"closed","template":"","meta":{"_acf_changed":false},"product_cat":[604,631,611],"product_tag":[1787],"acf":[],"_links":{"self":[{"href":"https:\/\/www.museedelhistoire.ca\/boutique\/wp-json\/wp\/v2\/product\/8383"}],"collection":[{"href":"https:\/\/www.museedelhistoire.ca\/boutique\/wp-json\/wp\/v2\/product"}],"about":[{"href":"https:\/\/www.museedelhistoire.ca\/boutique\/wp-json\/wp\/v2\/types\/product"}],"replies":[{"embeddable":true,"href":"https:\/\/www.museedelhistoire.ca\/boutique\/wp-json\/wp\/v2\/comments?post=8383"}],"wp:featuredmedia":[{"embeddable":true,"href":"https:\/\/www.museedelhistoire.ca\/boutique\/wp-json\/wp\/v2\/media\/22581"}],"wp:attachment":[{"href":"https:\/\/www.museedelhistoire.ca\/boutique\/wp-json\/wp\/v2\/media?parent=8383"}],"wp:term":[{"taxonomy":"product_cat","embeddable":true,"href":"https:\/\/www.museedelhistoire.ca\/boutique\/wp-json\/wp\/v2\/product_cat?post=8383"},{"taxonomy":"product_tag","embeddable":true,"href":"https:\/\/www.museedelhistoire.ca\/boutique\/wp-json\/wp\/v2\/product_tag?post=8383"}],"curies":[{"name":"wp","href":"https:\/\/api.w.org\/{rel}","templated":true}]}}