
{"id":8639,"date":"2015-05-18T16:31:00","date_gmt":"2015-01-05T16:31:01","guid":{"rendered":"https:\/\/www.historymuseum.ca\/boutique\/product\/les-secrets-de-la-civilisation-maya-2\/"},"modified":"2026-02-01T11:16:31","modified_gmt":"2026-02-01T16:16:31","slug":"maya","status":"publish","type":"product","link":"https:\/\/www.museedelhistoire.ca\/boutique\/produit\/maya\/","title":{"rendered":"Les secrets de la civilisation Maya"},"content":{"rendered":"<p><strong>Les secrets de la civilisation Maya<\/strong><br \/>\npar Justin Jennings, Martha Cuevas Garc\u00eda et Roberto L\u00f3pez Bravo<\/p>\n<p>avril 2012, ISBN 978-0-660-97446-0<br \/>\n72 p., 65 illustrations, 20 x 13 cm, broch\u00e9<\/p>\n<p>Envelopp\u00e9e de myst\u00e8re depuis des si\u00e8cles, la culture des Mayas anciens est enfin r\u00e9v\u00e9l\u00e9e. Ce livre et l\u2019exposition qui l\u2019accompagne pr\u00e9sentent une vue d\u2019ensemble captivante et actualis\u00e9e de cette civilisation l\u00e9gendaire qui a connu un apog\u00e9e incroyable il y a mille ans en M\u00e9so-Am\u00e9rique puis s\u2019est \u00e9teinte myst\u00e9rieusement.<\/p>\n<p>D\u00e9couvrez des pyramides majestueuses construites pour les dieux mais abandonn\u00e9es dans la jungle. Apprenez l\u2019histoire des rois divins, les rituels mortels et les r\u00e9alit\u00e9s de la vie quotidienne. Laissez-vous \u00e9merveiller par des syst\u00e8mes de mesure du temps et d\u2019\u00e9criture qui intriguent les sp\u00e9cialistes et les mettent \u00e0 l\u2019\u00e9preuve depuis des g\u00e9n\u00e9rations. Ce catalogue de 72 pages faisant autorit\u00e9 contient plus de 60 images en couleur d\u2019artefacts exceptionnels.<\/p>\n","protected":false},"excerpt":{"rendered":"<p>par Justin Jennings, Martha Cuevas Garc\u00eda et Roberto L\u00f3pez Bravo<\/p>\n<p>Envelopp\u00e9e de myst\u00e8re depuis des si\u00e8cles, la culture des Mayas anciens est enfin r\u00e9v\u00e9l\u00e9e. Ce livre et l\u2019exposition qui l\u2019accompagne pr\u00e9sentent une vue d\u2019ensemble captivante et actualis\u00e9e de cette civilisation l\u00e9gendaire qui a connu un apog\u00e9e incroyable il y a mille ans en M\u00e9so-Am\u00e9rique puis s\u2019est \u00e9teinte myst\u00e9rieusement.<\/p>\n","protected":false},"featured_media":22622,"comment_status":"open","ping_status":"closed","template":"","meta":{"_acf_changed":false},"product_cat":[604,611],"product_tag":[1787],"acf":[],"_links":{"self":[{"href":"https:\/\/www.museedelhistoire.ca\/boutique\/wp-json\/wp\/v2\/product\/8639"}],"collection":[{"href":"https:\/\/www.museedelhistoire.ca\/boutique\/wp-json\/wp\/v2\/product"}],"about":[{"href":"https:\/\/www.museedelhistoire.ca\/boutique\/wp-json\/wp\/v2\/types\/product"}],"replies":[{"embeddable":true,"href":"https:\/\/www.museedelhistoire.ca\/boutique\/wp-json\/wp\/v2\/comments?post=8639"}],"wp:featuredmedia":[{"embeddable":true,"href":"https:\/\/www.museedelhistoire.ca\/boutique\/wp-json\/wp\/v2\/media\/22622"}],"wp:attachment":[{"href":"https:\/\/www.museedelhistoire.ca\/boutique\/wp-json\/wp\/v2\/media?parent=8639"}],"wp:term":[{"taxonomy":"product_cat","embeddable":true,"href":"https:\/\/www.museedelhistoire.ca\/boutique\/wp-json\/wp\/v2\/product_cat?post=8639"},{"taxonomy":"product_tag","embeddable":true,"href":"https:\/\/www.museedelhistoire.ca\/boutique\/wp-json\/wp\/v2\/product_tag?post=8639"}],"curies":[{"name":"wp","href":"https:\/\/api.w.org\/{rel}","templated":true}]}}