
{"id":8646,"date":"2015-05-20T16:31:00","date_gmt":"2015-01-05T16:31:15","guid":{"rendered":"https:\/\/www.historymuseum.ca\/boutique\/product\/a-cultural-history-of-the-nurse-2\/"},"modified":"2024-01-30T14:34:40","modified_gmt":"2024-01-30T19:34:40","slug":"a-cultural-history-of-the-nurse","status":"publish","type":"product","link":"https:\/\/www.museedelhistoire.ca\/boutique\/produit\/a-cultural-history-of-the-nurse\/","title":{"rendered":"Une histoire culturelle de l&#8217;uniforme infirmier"},"content":{"rendered":"<p><strong>Une histoire culturelle de l\u2019uniforme infirmier<\/strong><br \/>\npar Christina Bates<\/p>\n<p>novembre 2012, ISBN 978-0-660-97443-9<br \/>\n284 pages, 153 images, 22 x 27 cm, broch\u00e9<\/p>\n<p><em>Le gagnant du Millia Davenport Publication Award 2013 d\u00e9cern\u00e9 par la Costume Society of America<\/em><\/p>\n<p>Cette toute premi\u00e8re analyse en profondeur des v\u00eatements port\u00e9s par le plus grand groupe de professionnels du syst\u00e8me de sant\u00e9 se penche sur le r\u00f4le de l\u2019uniforme dans la cr\u00e9ation de l\u2019identit\u00e9 infirmi\u00e8re depuis plus de cent ans.<\/p>\n<p>L\u2019adoption de l\u2019uniforme infirmier \u00e0 la fin du XIX<sup>e<\/sup> si\u00e8cle relevait d\u2019une strat\u00e9gie de l\u00e9gitimation des premi\u00e8res \u00e9coles de nursing en Am\u00e9rique du Nord. D\u2019abord vari\u00e9s et exp\u00e9rimentaux, les mod\u00e8les des uniformes emprunt\u00e8rent, d\u00e8s le d\u00e9but du XX<sup>e<\/sup> si\u00e8cle, \u00e0 la mode du temps mais aussi aux tenues militaires, scientifiques et religieuses. L\u2019uniforme sera bient\u00f4t standardis\u00e9 pour \u00eatre essentiellement compos\u00e9 d\u2019une robe bleue ou rose ainsi que d\u2019une coiffe, d\u2019une bavette et d\u2019un tablier immacul\u00e9s et fortement empes\u00e9s. Il restera le m\u00eame jusque dans les ann\u00e9es 1970 alors que les changements sociaux et une nouvelle conception de l\u2019\u00e9ducation en sonneront le glas, la tenue de chirurgie, plus pratique, \u00e9tant g\u00e9n\u00e9ralement adopt\u00e9e. En s\u2019arr\u00eatant aux consid\u00e9rations d\u2019\u00e2ge, de sexe, de classe et d\u2019origine ethnique, ce livre montre que l\u2019uniforme contribue \u00e0 une nouvelle culture du nursing et \u00e0 la r\u00e9flexion sur le travail infirmier.<\/p>\n<p>Abondamment illustr\u00e9s d\u2019images de vrais v\u00eatements et de plus de 150 caricatures, dessins et photographies d\u2019\u00e9poque, les dix chapitres de cet ouvrage traitent de l\u2019uniforme \u00e0 l\u2019h\u00f4pital, dans les \u00e9coles et les r\u00e9sidences d\u2019infirmi\u00e8res, et dans la collectivit\u00e9. <em>Une histoire culturelle de l\u2019uniforme infirmier <\/em>saura int\u00e9resser les infirmi\u00e8res et les infirmiers, les historiens et les sp\u00e9cialistes du costume.<\/p>\n","protected":false},"excerpt":{"rendered":"<p>par Christina Bates<\/p>\n<p>Abondamment illustr\u00e9s d\u2019images de vrais v\u00eatements et de plus de 150 caricatures, dessins et photographies d\u2019\u00e9poque, les dix chapitres de cet ouvrage traitent de l\u2019uniforme \u00e0 l\u2019h\u00f4pital, dans les \u00e9coles et les r\u00e9sidences d\u2019infirmi\u00e8res, et dans la collectivit\u00e9. <em>Une histoire culturelle de l\u2019uniforme infirmier <\/em>saura int\u00e9resser les infirmi\u00e8res et les infirmiers, les historiens et les sp\u00e9cialistes du costume.<\/p>\n","protected":false},"featured_media":22611,"comment_status":"open","ping_status":"closed","template":"","meta":{"_acf_changed":false},"product_cat":[604,631,611],"product_tag":[],"acf":[],"_links":{"self":[{"href":"https:\/\/www.museedelhistoire.ca\/boutique\/wp-json\/wp\/v2\/product\/8646"}],"collection":[{"href":"https:\/\/www.museedelhistoire.ca\/boutique\/wp-json\/wp\/v2\/product"}],"about":[{"href":"https:\/\/www.museedelhistoire.ca\/boutique\/wp-json\/wp\/v2\/types\/product"}],"replies":[{"embeddable":true,"href":"https:\/\/www.museedelhistoire.ca\/boutique\/wp-json\/wp\/v2\/comments?post=8646"}],"wp:featuredmedia":[{"embeddable":true,"href":"https:\/\/www.museedelhistoire.ca\/boutique\/wp-json\/wp\/v2\/media\/22611"}],"wp:attachment":[{"href":"https:\/\/www.museedelhistoire.ca\/boutique\/wp-json\/wp\/v2\/media?parent=8646"}],"wp:term":[{"taxonomy":"product_cat","embeddable":true,"href":"https:\/\/www.museedelhistoire.ca\/boutique\/wp-json\/wp\/v2\/product_cat?post=8646"},{"taxonomy":"product_tag","embeddable":true,"href":"https:\/\/www.museedelhistoire.ca\/boutique\/wp-json\/wp\/v2\/product_tag?post=8646"}],"curies":[{"name":"wp","href":"https:\/\/api.w.org\/{rel}","templated":true}]}}