
{"id":8649,"date":"2015-05-21T16:31:00","date_gmt":"2015-01-05T16:31:16","guid":{"rendered":"https:\/\/www.historymuseum.ca\/boutique\/product\/rewriting-marpole-the-path-to-cultural-complexity-in-the-gulf-of-georgia-2\/"},"modified":"2016-02-03T09:15:17","modified_gmt":"2016-02-03T14:15:17","slug":"rewriting-marpole-the-path-to-cultural-complexity-in-the-gulf-of-georgia","status":"publish","type":"product","link":"https:\/\/www.museedelhistoire.ca\/boutique\/produit\/rewriting-marpole-the-path-to-cultural-complexity-in-the-gulf-of-georgia\/","title":{"rendered":"Rewriting Marpole: The Path to Cultural Complexity in the Gulf of Georgia"},"content":{"rendered":"<p><strong>Rewriting Marpole: The Path to Cultural Complexity in the Gulf of Georgia<br \/>\n<\/strong>par Terence N. Clark<\/p>\n<p>avril 2013, ISBN 978-0-7766-0794-8<br \/>\nCollection Mercure, Arch\u00e9ologie 172<br \/>\n265 p., 44 illustrations, 17 x 24 cm, broch\u00e9 (en anglais seulement)<\/p>\n<p>Ce livre se penche sur les transformations qu\u2019a connues la culture pr\u00e9historique du d\u00e9troit de Georgia, sur la c\u00f4te nord-ouest de l\u2019Am\u00e9rique du Nord, pendant le complexe de Locarno-Beach (3500-1100 BP) et celui de Marpole (2000-1100 BP). Contrairement \u00e0 la culture de Locarno-Beach, celle de Marpole est r\u00e9put\u00e9e avoir toutes les caract\u00e9ristiques d\u2019une culture de chasseurs-cueilleurs de la c\u00f4te nord-ouest : in\u00e9galit\u00e9 h\u00e9r\u00e9ditaire, m\u00e9nages \u00e0 plusieurs familles, \u00e9conomies de r\u00e9serve, propri\u00e9t\u00e9 et accumulation des ressources, etc.<\/p>\n<p>Ce livre s\u2019appuie sur l\u2019analyse d\u2019artefacts et d\u2019assemblages fauniques, mais aussi de donn\u00e9es relatives \u00e0 l\u2019art et \u00e0 l\u2019architecture mortuaire recueillies sur 164 composantes de sites arch\u00e9ologiques autour du d\u00e9troit de Georgia. Les lieux g\u00e9ographiques et la distribution des donn\u00e9es ethnographiques ont \u00e9galement \u00e9t\u00e9 compar\u00e9s aux donn\u00e9es arch\u00e9ologiques. Les recherches ont men\u00e9 \u00e0 la mise au point d\u2019un nouveau mod\u00e8le statistique, l\u2019Integrative Distance Analysis [analyse de synth\u00e8se \u00e0 distance].<\/p>\n<p>Les r\u00e9sultats de l\u2019analyse montrent que la culture de Marpole n\u2019\u00e9tait pas simplement un ph\u00e9nom\u00e8ne r\u00e9gional, mais qu\u2019elle s\u2019\u00e9tendait plus loin dans le temps et l\u2019espace qu\u2019on l\u2019avait cru jusque-l\u00e0. Les assemblages d\u2019artefacts associ\u00e9s \u00e0 la culture de Marpole \u00e9taient limit\u00e9s aux r\u00e9gions du fleuve Fraser, du nord des \u00eeles Gulf et de certaines portions de l\u2019\u00eele de Vancouver.<\/p>\n<p>En revanche, le territoire ethnographique des Salish des d\u00e9troits ne comportait aucun artefact de la culture de Marpole, mais des objets attestant de la culture de Locarno-Beach dans ses stades ultimes. Le motif trouv\u00e9 sur les artefacts \u00e9tait reproduit en art et architecture mortuaire, soulignant de v\u00e9ritables diff\u00e9rences culturelles entre les deux cultures, au-del\u00e0 de simples anomalies statistiques.<\/p>\n","protected":false},"excerpt":{"rendered":"<p>(en anglais seulement)<\/p>\n<p>par Terence N. Clark<\/p>\n<p>Ce livre se penche sur les transformations qu\u2019a connues la culture pr\u00e9historique du d\u00e9troit de Georgia, sur la c\u00f4te nord-ouest de l\u2019Am\u00e9rique du Nord, pendant le complexe de Locarno-Beach (3500-1100 BP) et celui de Marpole (2000-1100 BP).<\/p>\n","protected":false},"featured_media":22603,"comment_status":"open","ping_status":"closed","template":"","meta":{"_acf_changed":false},"product_cat":[604,877,611],"product_tag":[],"acf":[],"_links":{"self":[{"href":"https:\/\/www.museedelhistoire.ca\/boutique\/wp-json\/wp\/v2\/product\/8649"}],"collection":[{"href":"https:\/\/www.museedelhistoire.ca\/boutique\/wp-json\/wp\/v2\/product"}],"about":[{"href":"https:\/\/www.museedelhistoire.ca\/boutique\/wp-json\/wp\/v2\/types\/product"}],"replies":[{"embeddable":true,"href":"https:\/\/www.museedelhistoire.ca\/boutique\/wp-json\/wp\/v2\/comments?post=8649"}],"wp:featuredmedia":[{"embeddable":true,"href":"https:\/\/www.museedelhistoire.ca\/boutique\/wp-json\/wp\/v2\/media\/22603"}],"wp:attachment":[{"href":"https:\/\/www.museedelhistoire.ca\/boutique\/wp-json\/wp\/v2\/media?parent=8649"}],"wp:term":[{"taxonomy":"product_cat","embeddable":true,"href":"https:\/\/www.museedelhistoire.ca\/boutique\/wp-json\/wp\/v2\/product_cat?post=8649"},{"taxonomy":"product_tag","embeddable":true,"href":"https:\/\/www.museedelhistoire.ca\/boutique\/wp-json\/wp\/v2\/product_tag?post=8649"}],"curies":[{"name":"wp","href":"https:\/\/api.w.org\/{rel}","templated":true}]}}