
{"id":8727,"date":"2015-05-12T16:29:00","date_gmt":"2015-01-05T16:29:26","guid":{"rendered":"https:\/\/www.historymuseum.ca\/boutique\/product\/charlottetown-a-history-2\/"},"modified":"2016-02-03T10:06:31","modified_gmt":"2016-02-03T15:06:31","slug":"charlottetown-a-history","status":"publish","type":"product","link":"https:\/\/www.museedelhistoire.ca\/boutique\/produit\/charlottetown-a-history\/","title":{"rendered":"Charlottetown: A History"},"content":{"rendered":"<p><strong>Charlottetown: A History<\/strong><br \/>\npar Peter E. Rider<\/p>\n<p>juin 2009, ISBN 978-0-920434-37-6<br \/>\n474 p., 210 illustrations, 20 x 25 cm, reli\u00e9 \u00a0(en anglais seulement)<\/p>\n<p>Charlottetown est une localit\u00e9 unique. C\u2019est la plus petite des capitales provinciales du Canada, mais c\u2019est \u00e9galement l\u2019une des plus anciennes. Pendant plus d\u2019un si\u00e8cle, elle a \u00e9t\u00e9 la seule ville d\u2019une \u00cele-du-Prince-\u00c9douard presque enti\u00e8rement rurale. De ce fait, elle se pr\u00e9valait d\u2019avantages dont ne b\u00e9n\u00e9ficiait aucune autre ville du Canada, mais \u00e9tait \u00e9galement confront\u00e9e \u00e0 des probl\u00e8mes qui ne se posaient pas dans les autres centres urbains. La mani\u00e8re dont elle a su exploiter ses avantages et faire face \u00e0 ses probl\u00e8mes constitue une page d\u2019histoire fascinante.<\/p>\n<p>La population, la vie politique et sociale, le paysage urbain et les \u00e9v\u00e8nements \u00e9conomiques qu\u2019elle a v\u00e9cus et qui ont fa\u00e7onn\u00e9 la croissance de la ville sont tous des th\u00e8mes abord\u00e9s dans \u2014 <em>Charlottetown: A History<\/em>, un ouvrage qui passionnera tant l\u2019historien professionnel que le lecteur profane. Au cours des ans, de nombreux aspects de cette histoire ont \u00e9t\u00e9 explor\u00e9s, mais jamais dans leur ensemble. Cet ouvrage constitue la biographie urbaine du berceau de la Conf\u00e9d\u00e9ration.<\/p>\n","protected":false},"excerpt":{"rendered":"<p>(en anglais seulement)<\/p>\n<p>par Peter E. Rider<\/p>\n<p>La population, la vie politique et sociale, le paysage urbain et les \u00e9v\u00e8nements \u00e9conomiques qu\u2019elle a v\u00e9cus et qui ont fa\u00e7onn\u00e9 la croissance de la ville sont tous des th\u00e8mes abord\u00e9s dans \u2014 <em>Charlottetown: A History<\/em>, un ouvrage qui passionnera tant l\u2019historien professionnel que le lecteur profane. Cet ouvrage constitue la biographie urbaine du berceau de la Conf\u00e9d\u00e9ration.<\/p>\n","protected":false},"featured_media":22643,"comment_status":"open","ping_status":"closed","template":"","meta":{"_acf_changed":false},"product_cat":[604,611],"product_tag":[],"acf":[],"_links":{"self":[{"href":"https:\/\/www.museedelhistoire.ca\/boutique\/wp-json\/wp\/v2\/product\/8727"}],"collection":[{"href":"https:\/\/www.museedelhistoire.ca\/boutique\/wp-json\/wp\/v2\/product"}],"about":[{"href":"https:\/\/www.museedelhistoire.ca\/boutique\/wp-json\/wp\/v2\/types\/product"}],"replies":[{"embeddable":true,"href":"https:\/\/www.museedelhistoire.ca\/boutique\/wp-json\/wp\/v2\/comments?post=8727"}],"wp:featuredmedia":[{"embeddable":true,"href":"https:\/\/www.museedelhistoire.ca\/boutique\/wp-json\/wp\/v2\/media\/22643"}],"wp:attachment":[{"href":"https:\/\/www.museedelhistoire.ca\/boutique\/wp-json\/wp\/v2\/media?parent=8727"}],"wp:term":[{"taxonomy":"product_cat","embeddable":true,"href":"https:\/\/www.museedelhistoire.ca\/boutique\/wp-json\/wp\/v2\/product_cat?post=8727"},{"taxonomy":"product_tag","embeddable":true,"href":"https:\/\/www.museedelhistoire.ca\/boutique\/wp-json\/wp\/v2\/product_tag?post=8727"}],"curies":[{"name":"wp","href":"https:\/\/api.w.org\/{rel}","templated":true}]}}