
{"id":8729,"date":"2015-05-13T16:29:00","date_gmt":"2015-01-05T16:29:26","guid":{"rendered":"https:\/\/www.historymuseum.ca\/boutique\/product\/profit-and-ambition-the-nort-west-company-and-the-fur-trade-1779-1821-2\/"},"modified":"2024-01-30T16:12:58","modified_gmt":"2024-01-30T21:12:58","slug":"profit-and-ambition-the-nort-west-company-and-the-fur-trade-1779-1821","status":"publish","type":"product","link":"https:\/\/www.museedelhistoire.ca\/boutique\/produit\/profit-and-ambition-the-nort-west-company-and-the-fur-trade-1779-1821\/","title":{"rendered":"Profit et ambition : La Compagnie du Nord-Ouest et la traite des fourrures, 1779-1821"},"content":{"rendered":"<p><strong>Profit et ambition : La Compagnie du Nord-Ouest et la traite des fourrures, 1779-1821<br \/>\n<\/strong>par David Morrison<\/p>\n<p>septembre 2009, ISBN 978-0-660-97344-9<br \/>\n64 p., 80 illustrations, 20 x 22 cm, broch\u00e9<\/p>\n<p>D\u00e9couvrez les moments palpitants du commerce des fourrures au Canada. Suivez ces hommes qui, pendant pr\u00e8s de quarante ans, ont sillonn\u00e9 des coins de pays, poussant leurs pas au-del\u00e0 du lac Winnipeg vers l\u2019oc\u00e9an Pacifique et Arctique.<\/p>\n<p>La Compagnie du Nord-Ouest a \u00e9t\u00e9 mise sur pied afin de r\u00e9duire la concurrence entre les commer\u00e7ants de fourrure de Montr\u00e9al. Elle r\u00e9unissait des entrepreneurs \u00e9cossais et divers associ\u00e9s, des voyageurs canadiens-fran\u00e7ais, des \u00ab femmes du pays \u00bb, des chasseurs de bison m\u00e9tis et des familles autochtones dans une entreprise qui a pour toujours marqu\u00e9 le territoire canadien.<\/p>\n<p>Vivez le \u00ab Wild West \u00bb gr\u00e2ce aux cartes, artefacts, objets et textes qui pr\u00e9sentent l\u2019histoire de cette aventure extraordinaire.<\/p>\n","protected":false},"excerpt":{"rendered":"<p>par David Morrison<\/p>\n<p>D\u00e9couvrez les moments palpitants du commerce des fourrures au Canada. Suivez ces hommes qui, pendant pr\u00e8s de quarante ans, ont sillonn\u00e9 des coins de pays, poussant leurs pas au-del\u00e0 du lac Winnipeg vers l\u2019oc\u00e9an Pacifique et Arctique.<\/p>\n","protected":false},"featured_media":22641,"comment_status":"open","ping_status":"closed","template":"","meta":{"_acf_changed":false},"product_cat":[604,611],"product_tag":[],"acf":[],"_links":{"self":[{"href":"https:\/\/www.museedelhistoire.ca\/boutique\/wp-json\/wp\/v2\/product\/8729"}],"collection":[{"href":"https:\/\/www.museedelhistoire.ca\/boutique\/wp-json\/wp\/v2\/product"}],"about":[{"href":"https:\/\/www.museedelhistoire.ca\/boutique\/wp-json\/wp\/v2\/types\/product"}],"replies":[{"embeddable":true,"href":"https:\/\/www.museedelhistoire.ca\/boutique\/wp-json\/wp\/v2\/comments?post=8729"}],"wp:featuredmedia":[{"embeddable":true,"href":"https:\/\/www.museedelhistoire.ca\/boutique\/wp-json\/wp\/v2\/media\/22641"}],"wp:attachment":[{"href":"https:\/\/www.museedelhistoire.ca\/boutique\/wp-json\/wp\/v2\/media?parent=8729"}],"wp:term":[{"taxonomy":"product_cat","embeddable":true,"href":"https:\/\/www.museedelhistoire.ca\/boutique\/wp-json\/wp\/v2\/product_cat?post=8729"},{"taxonomy":"product_tag","embeddable":true,"href":"https:\/\/www.museedelhistoire.ca\/boutique\/wp-json\/wp\/v2\/product_tag?post=8729"}],"curies":[{"name":"wp","href":"https:\/\/api.w.org\/{rel}","templated":true}]}}