
{"id":8739,"date":"2015-05-17T16:29:00","date_gmt":"2015-01-05T16:29:50","guid":{"rendered":"https:\/\/www.historymuseum.ca\/boutique\/product\/stefansson-dr-anderson-and-the-canadian-arctic-expedition-1913-1918-2\/"},"modified":"2024-01-30T14:52:27","modified_gmt":"2024-01-30T19:52:27","slug":"stefansson-dr-anderson-and-the-canadian-arctic-expedition-1913-1918","status":"publish","type":"product","link":"https:\/\/www.museedelhistoire.ca\/boutique\/produit\/stefansson-dr-anderson-and-the-canadian-arctic-expedition-1913-1918\/","title":{"rendered":"Stefansson, Dr. Anderson and the Canadian Arctic Expedition, 1913\u20131918: A Story of Exploration, Science and Sovereignty"},"content":{"rendered":"<p><strong>Stefansson, Dr. Anderson and the Canadian Arctic Expedition, 1913\u20131918: A Story of Exploration, Science and Sovereignty<\/strong><br \/>\npar Stuart E. Jenness<\/p>\n<p>novembre 2011, ISBN 978-0-660-19971-9<br \/>\nCollection Mercure, Histoire 56<br \/>\n436 p., 75 illustrations, 17 x 24 cm, broch\u00e9 (en anglais seulement)<\/p>\n<p>Cet ouvrage offre le premier r\u00e9cit exhaustif d\u2019une des grandes sagas de l\u2019exploration et de la d\u00e9couverte du Grand Nord : l\u2019Exp\u00e9dition canadienne dans l\u2019Arctique de 1913-1918, dirig\u00e9e par Vilhjalmur Stefansson, ethnologue et explorateur, et Rudolph M. Anderson, zoologiste.<\/p>\n<p>Il rappelle les r\u00e9ussites et les trag\u00e9dies qui ont marqu\u00e9 l\u2019Exp\u00e9dition, dont la d\u00e9couverte de toutes les grandes \u00eeles, sauf une, situ\u00e9es au nord des terres continentales canadiennes, la collecte d\u2019une multitude de donn\u00e9es scientifiques et d\u2019objets pr\u00e9cieux, ainsi que la rivalit\u00e9 entre les deux chefs de l\u2019Exp\u00e9dition. Dans les quatre annexes sont pr\u00e9sent\u00e9s les membres de l\u2019\u00e9quipage, les cinquante-trois lieux de l\u2019Arctique nomm\u00e9s en leur honneur et les endroits mentionn\u00e9s dans leurs journaux, les lieux o\u00f9 des sp\u00e9cimens ont \u00e9t\u00e9 recueillis, et les treize volumes des rapports gouvernementaux consacr\u00e9s \u00e0 l\u2019Exp\u00e9dition. Le livre est illustr\u00e9 de 61 photos et comprend 14 cartes.<\/p>\n","protected":false},"excerpt":{"rendered":"<p>(en anglais seulement)<\/p>\n<p>par Stuart E. Jenness<\/p>\n<p>Cet ouvrage offre le premier r\u00e9cit exhaustif d\u2019une des grandes sagas de l\u2019exploration et de la d\u00e9couverte du Grand Nord : l\u2019Exp\u00e9dition canadienne dans l\u2019Arctique de 1913-1918, dirig\u00e9e par Vilhjalmur Stefansson, ethnologue et explorateur, et Rudolph M. Anderson, zoologiste.<\/p>\n","protected":false},"featured_media":22623,"comment_status":"open","ping_status":"closed","template":"","meta":{"_acf_changed":false},"product_cat":[604,877,611],"product_tag":[],"acf":[],"_links":{"self":[{"href":"https:\/\/www.museedelhistoire.ca\/boutique\/wp-json\/wp\/v2\/product\/8739"}],"collection":[{"href":"https:\/\/www.museedelhistoire.ca\/boutique\/wp-json\/wp\/v2\/product"}],"about":[{"href":"https:\/\/www.museedelhistoire.ca\/boutique\/wp-json\/wp\/v2\/types\/product"}],"replies":[{"embeddable":true,"href":"https:\/\/www.museedelhistoire.ca\/boutique\/wp-json\/wp\/v2\/comments?post=8739"}],"wp:featuredmedia":[{"embeddable":true,"href":"https:\/\/www.museedelhistoire.ca\/boutique\/wp-json\/wp\/v2\/media\/22623"}],"wp:attachment":[{"href":"https:\/\/www.museedelhistoire.ca\/boutique\/wp-json\/wp\/v2\/media?parent=8739"}],"wp:term":[{"taxonomy":"product_cat","embeddable":true,"href":"https:\/\/www.museedelhistoire.ca\/boutique\/wp-json\/wp\/v2\/product_cat?post=8739"},{"taxonomy":"product_tag","embeddable":true,"href":"https:\/\/www.museedelhistoire.ca\/boutique\/wp-json\/wp\/v2\/product_tag?post=8739"}],"curies":[{"name":"wp","href":"https:\/\/api.w.org\/{rel}","templated":true}]}}