
{"id":8742,"date":"2015-05-16T16:29:00","date_gmt":"2015-01-05T16:29:50","guid":{"rendered":"https:\/\/www.historymuseum.ca\/boutique\/product\/tr-2\/"},"modified":"2024-01-30T14:57:32","modified_gmt":"2024-01-30T19:57:32","slug":"tr","status":"publish","type":"product","link":"https:\/\/www.museedelhistoire.ca\/boutique\/produit\/tr\/","title":{"rendered":"Tr\u00e9sors du Mus\u00e9e canadien des civilisations et du Mus\u00e9e canadien de la guerre"},"content":{"rendered":"<p><strong>Tr\u00e9sors du Mus\u00e9e canadien des civilisations et Mus\u00e9e canadien de la guerre<\/strong><br \/>\npar Frank Corcoran et Victor Rabinovitch<\/p>\n<p>mai 2011, ISBN 978-0-660-97345-6<br \/>\n172 p., 190 illustrations, 22 x 28 cm, broch\u00e9<\/p>\n<p>Magnifiquement illustr\u00e9, l\u2019ouvrage <em>Tr\u00e9sors du Mus\u00e9e canadien des civilisations et du Mus\u00e9e canadien de la guerre<\/em> contient les descriptions d\u00e9taill\u00e9es de plus d\u2019une centaine de pr\u00e9cieux artefacts, dont plusieurs n\u2019ont jamais \u00e9t\u00e9 expos\u00e9s au public. Qu\u2019il s\u2019agisse du dernier Red Ensign ayant flott\u00e9 sur la Colline du Parlement ou encore des m\u00e9dailles et souvenirs de h\u00e9ros militaires canadiens, tous ces objets t\u00e9moignent de la riche histoire humaine et militaire de notre pays.<\/p>\n<p><em>Tr\u00e9sors<\/em>, qui plaira \u00e0 un public vari\u00e9 au Canada, constitue le livre id\u00e9al \u00e0 offrir \u00e0 tout historien, collectionneur ou photographe amateur.<\/p>\n","protected":false},"excerpt":{"rendered":"<p>par Frank Corcoran et Victor Rabinovitch<\/p>\n<p>Magnifiquement illustr\u00e9, cet ouvrage contient les descriptions d\u00e9taill\u00e9es de plus d\u2019une centaine de pr\u00e9cieux artefacts, dont plusieurs n\u2019ont jamais \u00e9t\u00e9 expos\u00e9s au public. Qu\u2019il s\u2019agisse du dernier Red Ensign ayant flott\u00e9 sur la Colline du Parlement ou encore des m\u00e9dailles et souvenirs de h\u00e9ros militaires canadiens, tous ces objets t\u00e9moignent de la riche histoire humaine et militaire de notre pays.<\/p>\n","protected":false},"featured_media":22630,"comment_status":"open","ping_status":"closed","template":"","meta":{"_acf_changed":false},"product_cat":[604,631,611],"product_tag":[1787],"acf":[],"_links":{"self":[{"href":"https:\/\/www.museedelhistoire.ca\/boutique\/wp-json\/wp\/v2\/product\/8742"}],"collection":[{"href":"https:\/\/www.museedelhistoire.ca\/boutique\/wp-json\/wp\/v2\/product"}],"about":[{"href":"https:\/\/www.museedelhistoire.ca\/boutique\/wp-json\/wp\/v2\/types\/product"}],"replies":[{"embeddable":true,"href":"https:\/\/www.museedelhistoire.ca\/boutique\/wp-json\/wp\/v2\/comments?post=8742"}],"wp:featuredmedia":[{"embeddable":true,"href":"https:\/\/www.museedelhistoire.ca\/boutique\/wp-json\/wp\/v2\/media\/22630"}],"wp:attachment":[{"href":"https:\/\/www.museedelhistoire.ca\/boutique\/wp-json\/wp\/v2\/media?parent=8742"}],"wp:term":[{"taxonomy":"product_cat","embeddable":true,"href":"https:\/\/www.museedelhistoire.ca\/boutique\/wp-json\/wp\/v2\/product_cat?post=8742"},{"taxonomy":"product_tag","embeddable":true,"href":"https:\/\/www.museedelhistoire.ca\/boutique\/wp-json\/wp\/v2\/product_tag?post=8742"}],"curies":[{"name":"wp","href":"https:\/\/api.w.org\/{rel}","templated":true}]}}