
{"id":8752,"date":"2015-05-11T16:28:00","date_gmt":"2015-01-05T16:28:16","guid":{"rendered":"https:\/\/www.historymuseum.ca\/boutique\/product\/the-thousand-year-path-the-canada-hall-at-the-canadian-museum-of-civilization-2\/"},"modified":"2024-01-30T16:25:55","modified_gmt":"2024-01-30T21:25:55","slug":"the-thousand-year-path-the-canada-hall-at-the-canadian-museum-of-civilization","status":"publish","type":"product","link":"https:\/\/www.museedelhistoire.ca\/boutique\/produit\/the-thousand-year-path-the-canada-hall-at-the-canadian-museum-of-civilization\/","title":{"rendered":"Un chemin de mille ans d\u2019histoire&nbsp;: La salle du Canada du Mus\u00e9e canadien des civilisations"},"content":{"rendered":"<p><strong>Un chemin de mille ans d\u2019histoire : La salle du Canada du Mus\u00e9e canadien des civilisations<br \/>\n<\/strong>par Robert McGhee<\/p>\n<p>f\u00e9vrier 2009, ISBN 978-0-662-04999-9<br \/>\n132 p., 54 illustrations, 23 x 23 cm, broch\u00e9<\/p>\n<p>Le chemin de l\u2019histoire europ\u00e9enne au Canada d\u00e9bute il y a dix si\u00e8cles avec les premiers voyages de Scandinaves sur les c\u00f4tes nord-est. Il serpente vers l\u2019ouest \u00e0 travers le continent, suivant les d\u00e9buts de la p\u00eache \u00e0 la morue, la traite des fourrures, les premi\u00e8res fermes en Acadie, et celles des loyalistes r\u00e9fugi\u00e9s au Canada apr\u00e8s la guerre de l\u2019Ind\u00e9pendance am\u00e9ricaine. En quelques dizaines d\u2019ann\u00e9es, les Prairies se sont transform\u00e9es, et le territoire du bison s\u2019est couvert de champs de bl\u00e9, et la Colombie-Britannique, colonie de la traite des fourrures, est devenue une soci\u00e9t\u00e9 complexe aux peuples nombreux.<\/p>\n<p>Les sc\u00e8nes du pass\u00e9 aper\u00e7ues le long de ce sentier historique permettent aux voyageurs de se faire une id\u00e9e personnelle de l\u2019histoire du pays et du travail immense accompli par nos anc\u00eatres.<\/p>\n","protected":false},"excerpt":{"rendered":"<p>par Robert McGhee<\/p>\n<p>Les sc\u00e8nes du pass\u00e9 aper\u00e7ues le long de ce sentier historique permettent aux voyageurs de se faire une id\u00e9e personnelle de l\u2019histoire du pays et du travail immense accompli par nos anc\u00eatres.<\/p>\n","protected":false},"featured_media":22649,"comment_status":"open","ping_status":"closed","template":"","meta":{"_acf_changed":false},"product_cat":[604,611],"product_tag":[],"acf":[],"_links":{"self":[{"href":"https:\/\/www.museedelhistoire.ca\/boutique\/wp-json\/wp\/v2\/product\/8752"}],"collection":[{"href":"https:\/\/www.museedelhistoire.ca\/boutique\/wp-json\/wp\/v2\/product"}],"about":[{"href":"https:\/\/www.museedelhistoire.ca\/boutique\/wp-json\/wp\/v2\/types\/product"}],"replies":[{"embeddable":true,"href":"https:\/\/www.museedelhistoire.ca\/boutique\/wp-json\/wp\/v2\/comments?post=8752"}],"wp:featuredmedia":[{"embeddable":true,"href":"https:\/\/www.museedelhistoire.ca\/boutique\/wp-json\/wp\/v2\/media\/22649"}],"wp:attachment":[{"href":"https:\/\/www.museedelhistoire.ca\/boutique\/wp-json\/wp\/v2\/media?parent=8752"}],"wp:term":[{"taxonomy":"product_cat","embeddable":true,"href":"https:\/\/www.museedelhistoire.ca\/boutique\/wp-json\/wp\/v2\/product_cat?post=8752"},{"taxonomy":"product_tag","embeddable":true,"href":"https:\/\/www.museedelhistoire.ca\/boutique\/wp-json\/wp\/v2\/product_tag?post=8752"}],"curies":[{"name":"wp","href":"https:\/\/api.w.org\/{rel}","templated":true}]}}