
{"id":8776,"date":"2015-05-01T16:27:00","date_gmt":"2015-01-05T16:27:03","guid":{"rendered":"https:\/\/www.historymuseum.ca\/boutique\/product\/benjamin-chee-chee-mug-friends-tasse-benjamin-chee-chee-friends-2\/"},"modified":"2024-10-16T18:42:23","modified_gmt":"2024-10-16T22:42:23","slug":"benjamin-chee-chee-mug-friends-tasse-benjamin-chee-chee-friends","status":"publish","type":"product","link":"https:\/\/www.museedelhistoire.ca\/boutique\/produit\/benjamin-chee-chee-mug-friends-tasse-benjamin-chee-chee-friends\/","title":{"rendered":"Tasse Benjamin Chee Chee &#8211; Friends"},"content":{"rendered":"<p>Friends a \u00e9t\u00e9 con\u00e7u par l\u2019artiste ojibway Benjamin Chee Chee.<\/p>\n<p>Cet artiste Ojibwe de la r\u00e9serve de Temagami, sur Bear Island, en Ontario, puise son inspiration dans l\u2019ambition de retrouver sa m\u00e8re. Il est connu pour faire partie des peintres de Woodland, un mouvement artistique autochtone qui a vu le jour au d\u00e9but des ann\u00e9es soixante et qui est devenu depuis l\u2019une des plus importantes \u00e9coles d\u2019art au Canada.<\/p>\n","protected":false},"excerpt":{"rendered":"<p>Chaque tasse en porcelaine fine est livr\u00e9e dans un bo\u00eetier sp\u00e9cialement con\u00e7u \u00e0 cet effet, dans lequel figurent l\u2019\u0153uvre d\u2019art et sa description. D\u2019une contenance de 295 ml \/10 oz, la tasse peux \u00eatre mise au micro-ondes et au lave-vaisselle.<\/p>\n<p>Des royaut\u00e9s sont pay\u00e9es par notre fournisseur pour chaque produit vendu.<\/p>\n","protected":false},"featured_media":28983,"comment_status":"open","ping_status":"closed","template":"","meta":{"_acf_changed":false},"product_cat":[1890,1879,615,671,1601],"product_tag":[1643,1649],"acf":[],"_links":{"self":[{"href":"https:\/\/www.museedelhistoire.ca\/boutique\/wp-json\/wp\/v2\/product\/8776"}],"collection":[{"href":"https:\/\/www.museedelhistoire.ca\/boutique\/wp-json\/wp\/v2\/product"}],"about":[{"href":"https:\/\/www.museedelhistoire.ca\/boutique\/wp-json\/wp\/v2\/types\/product"}],"replies":[{"embeddable":true,"href":"https:\/\/www.museedelhistoire.ca\/boutique\/wp-json\/wp\/v2\/comments?post=8776"}],"wp:featuredmedia":[{"embeddable":true,"href":"https:\/\/www.museedelhistoire.ca\/boutique\/wp-json\/wp\/v2\/media\/28983"}],"wp:attachment":[{"href":"https:\/\/www.museedelhistoire.ca\/boutique\/wp-json\/wp\/v2\/media?parent=8776"}],"wp:term":[{"taxonomy":"product_cat","embeddable":true,"href":"https:\/\/www.museedelhistoire.ca\/boutique\/wp-json\/wp\/v2\/product_cat?post=8776"},{"taxonomy":"product_tag","embeddable":true,"href":"https:\/\/www.museedelhistoire.ca\/boutique\/wp-json\/wp\/v2\/product_tag?post=8776"}],"curies":[{"name":"wp","href":"https:\/\/api.w.org\/{rel}","templated":true}]}}