
{"id":8802,"date":"2015-05-08T10:26:00","date_gmt":"2015-01-05T16:26:04","guid":{"rendered":"https:\/\/www.historymuseum.ca\/boutique\/product\/vestiges-de-l-indiscipline-environnements-d-art-et-anarchitectures-2\/"},"modified":"2016-02-03T10:13:08","modified_gmt":"2016-02-03T15:13:08","slug":"vestiges-de-l-indiscipline-environnements-d-art-et-anarchitectures","status":"publish","type":"product","link":"https:\/\/www.museedelhistoire.ca\/boutique\/produit\/vestiges-de-l-indiscipline-environnements-d-art-et-anarchitectures\/","title":{"rendered":"Vestiges de l\u2019indiscipline : Environnements d\u2019art et anarchitectures"},"content":{"rendered":"<p><strong>Vestiges de l\u2019indiscipline : Environnements d\u2019art et anarchitectures<\/strong><br \/>\npar Val\u00e9rie Rousseau<\/p>\n<p>d\u00e9cembre 2007, ISBN 978-0-660-97232-9<br \/>\nCollection Mercure, \u00c9tudes culturelles 81<br \/>\n208 p., 106 illustrations, 17 x 24 cm, broch\u00e9<\/p>\n<p>Ils portent toutes sortes de noms : arts populaires, na\u00effs, singuliers, spontan\u00e9s, bruts, primitifs, indisciplin\u00e9s, folk arts et se manifestent sous la forme d\u2019architectures fantastiques, de jardins de sculptures foisonnants, de maisons ornement\u00e9es et d\u2019installations visionnaires. Les cr\u00e9ateurs, artistes, artisans ou patenteux qui r\u00e9alisent ces environnements \u00e9voluent en solitaires, \u00e0 l\u2019\u00e9cart des milieux artistiques professionnels, mus par le seul et imp\u00e9rieux besoin de cr\u00e9er et de transposer leur univers personnel dans le monde qui les entoure. Ils laissent ainsi une trace originale et color\u00e9e dans le paysage visuel qui nourrit notre imaginaire personnel et collectif. D\u00e9couvrez-les!<\/p>\n","protected":false},"excerpt":{"rendered":"<p>par Val\u00e9rie Rousseau<\/p>\n<p>Ils portent toutes sortes de noms : arts populaires, na\u00effs, singuliers, spontan\u00e9s, bruts, primitifs, indisciplin\u00e9s, folk arts et se manifestent sous la forme d\u2019architectures fantastiques, de jardins de sculptures foisonnants, de maisons ornement\u00e9es et d\u2019installations visionnaires. Ils laissent ainsi une trace originale et color\u00e9e dans le paysage visuel qui nourrit notre imaginaire personnel et collectif.<\/p>\n","protected":false},"featured_media":22670,"comment_status":"open","ping_status":"closed","template":"","meta":{"_acf_changed":false},"product_cat":[604,877,611],"product_tag":[],"acf":[],"_links":{"self":[{"href":"https:\/\/www.museedelhistoire.ca\/boutique\/wp-json\/wp\/v2\/product\/8802"}],"collection":[{"href":"https:\/\/www.museedelhistoire.ca\/boutique\/wp-json\/wp\/v2\/product"}],"about":[{"href":"https:\/\/www.museedelhistoire.ca\/boutique\/wp-json\/wp\/v2\/types\/product"}],"replies":[{"embeddable":true,"href":"https:\/\/www.museedelhistoire.ca\/boutique\/wp-json\/wp\/v2\/comments?post=8802"}],"wp:featuredmedia":[{"embeddable":true,"href":"https:\/\/www.museedelhistoire.ca\/boutique\/wp-json\/wp\/v2\/media\/22670"}],"wp:attachment":[{"href":"https:\/\/www.museedelhistoire.ca\/boutique\/wp-json\/wp\/v2\/media?parent=8802"}],"wp:term":[{"taxonomy":"product_cat","embeddable":true,"href":"https:\/\/www.museedelhistoire.ca\/boutique\/wp-json\/wp\/v2\/product_cat?post=8802"},{"taxonomy":"product_tag","embeddable":true,"href":"https:\/\/www.museedelhistoire.ca\/boutique\/wp-json\/wp\/v2\/product_tag?post=8802"}],"curies":[{"name":"wp","href":"https:\/\/api.w.org\/{rel}","templated":true}]}}