
{"id":8807,"date":"2015-05-07T16:26:00","date_gmt":"2015-01-05T16:26:15","guid":{"rendered":"https:\/\/www.historymuseum.ca\/boutique\/product\/recording-their-story-james-teit-and-the-tahltan-2\/"},"modified":"2016-02-03T10:13:46","modified_gmt":"2016-02-03T15:13:46","slug":"recording-their-story-james-teit-and-the-tahltan","status":"publish","type":"product","link":"https:\/\/www.museedelhistoire.ca\/boutique\/produit\/recording-their-story-james-teit-and-the-tahltan\/","title":{"rendered":"Recording Their Story: James Teit and the Tahltan"},"content":{"rendered":"<p><strong>Recording Their Story: James Teit and the Tahltan<br \/>\n<\/strong>par Judy Thompson<\/p>\n<p>ao\u00fbt 2007, ISBN 978-1-55365-232-8<br \/>\n222 p., 60 illustrations, 17 x 24 cm, reli\u00e9 (en anglais seulement)<\/p>\n<p>Cet ouvrage d\u00e9crit la vie et le travail du pionnier de l\u2019ethnologie James Teit, ainsi que les importantes collections de mat\u00e9riel tahltan qu\u2019il a recueillies au d\u00e9but du XX<sup>e<\/sup> si\u00e8cle, notamment des r\u00e9cits et des chants.<\/p>\n<p>C\u2019est en 1911 que commence l\u2019association de Teit avec le Mus\u00e9e canadien des civilisations et son travail ethnographique chez les Tahltans du nord de la Colombie-Britannique. Au cours de deux saisons de travail sur le terrain (1912 et 1915), avec la participation de nombreux Tahltans, Teit a rassembl\u00e9 une vaste et importante collection d\u2019artefacts, de photos, d\u2019enregistrements de chants et de mythes. <em>Recording Their Story<\/em> illustre comment les diff\u00e9rents fils de la vie et du travail de Teit se sont nou\u00e9s dans sa derni\u00e8re \u00e9tude ethnographique d\u2019envergure.<\/p>\n","protected":false},"excerpt":{"rendered":"<p>(en anglais seulement)<\/p>\n<p>By Judy Thompson<\/p>\n<p>Cet ouvrage d\u00e9crit la vie et le travail du pionnier de l\u2019ethnologie James Teit, ainsi que les importantes collections de mat\u00e9riel tahltan qu\u2019il a recueillies au d\u00e9but du XX<sup>e<\/sup> si\u00e8cle, notamment des r\u00e9cits et des chants.<\/p>\n","protected":false},"featured_media":22672,"comment_status":"open","ping_status":"closed","template":"","meta":{"_acf_changed":false},"product_cat":[604,611],"product_tag":[],"acf":[],"_links":{"self":[{"href":"https:\/\/www.museedelhistoire.ca\/boutique\/wp-json\/wp\/v2\/product\/8807"}],"collection":[{"href":"https:\/\/www.museedelhistoire.ca\/boutique\/wp-json\/wp\/v2\/product"}],"about":[{"href":"https:\/\/www.museedelhistoire.ca\/boutique\/wp-json\/wp\/v2\/types\/product"}],"replies":[{"embeddable":true,"href":"https:\/\/www.museedelhistoire.ca\/boutique\/wp-json\/wp\/v2\/comments?post=8807"}],"wp:featuredmedia":[{"embeddable":true,"href":"https:\/\/www.museedelhistoire.ca\/boutique\/wp-json\/wp\/v2\/media\/22672"}],"wp:attachment":[{"href":"https:\/\/www.museedelhistoire.ca\/boutique\/wp-json\/wp\/v2\/media?parent=8807"}],"wp:term":[{"taxonomy":"product_cat","embeddable":true,"href":"https:\/\/www.museedelhistoire.ca\/boutique\/wp-json\/wp\/v2\/product_cat?post=8807"},{"taxonomy":"product_tag","embeddable":true,"href":"https:\/\/www.museedelhistoire.ca\/boutique\/wp-json\/wp\/v2\/product_tag?post=8807"}],"curies":[{"name":"wp","href":"https:\/\/api.w.org\/{rel}","templated":true}]}}