
{"id":8808,"date":"2015-05-06T16:26:00","date_gmt":"2015-01-05T16:26:15","guid":{"rendered":"https:\/\/www.historymuseum.ca\/boutique\/product\/the-whaling-indians-west-coast-legends-and-stories-the-origin-of-the-wolf-ritual-part-12-of-the-sapir-thomas-nootka-texts-2\/"},"modified":"2016-02-03T10:12:29","modified_gmt":"2016-02-03T15:12:29","slug":"the-whaling-indians-west-coast-legends-and-stories-the-origin-of-the-wolf-ritual-part-12-of-the-sapir-thomas-nootka-texts","status":"publish","type":"product","link":"https:\/\/www.museedelhistoire.ca\/boutique\/produit\/the-whaling-indians-west-coast-legends-and-stories-the-origin-of-the-wolf-ritual-part-12-of-the-sapir-thomas-nootka-texts\/","title":{"rendered":"The Origin of the Wolf Ritual: The Whaling Indians: West Coast Legends and Stories \u2014 Part 12 of the Sapir-Thomas Nootka Texts"},"content":{"rendered":"<p><strong>The Origin of the Wolf Ritual: The Whaling Indians: West Coast Legends and Stories \u2014 Part 12 of the Sapir-Thomas Nootka Texts<\/strong><br \/>\nsous la direction de Eugene Arima, Terry Klokeid, et Katherine Robinson<\/p>\n<p>juin 2007, ISBN 978-0-660-19705-0<br \/>\nCollection Mercure, Ethnologie 144<br \/>\n286 p., 15 illustrations, 17 x 24 cm, broch\u00e9 (en anglais seulement)<\/p>\n<p>Cette derni\u00e8re partie des textes de Sapir-Thomas sur les Nootkas comprend trois r\u00e9cits de premi\u00e8re main du rituel Tlo:kwa:na, ou du Loup, c\u00e9r\u00e9monie principale des Premi\u00e8res Nations nuu-chah-nulths de la c\u00f4te ouest de l\u2019\u00eele de Vancouver.<\/p>\n<p>Le rituel, qui dure plusieurs jours, est d\u00e9crit en d\u00e9tail, du hurlement des \u00ab Loups \u00bb sous forme humaine \u00e0 l\u2019enl\u00e8vement d\u2019enfants emmen\u00e9s dans leur tani\u00e8re dans la for\u00eat et au retour de ces initi\u00e9s pour ex\u00e9cuter des danses nouvellement apprises. On y trouve \u00e9galement le dossier de Sapir sur un Tlo:kwa:na ayant eu lieu en 1910, sa correspondance avec ses principaux interpr\u00e8tes, Alex Thomas et Frank Williams, ainsi que des r\u00e9cits autobiographiques d\u2019Alex Thomas.<\/p>\n","protected":false},"excerpt":{"rendered":"<p>(en anglais seulement)<\/p>\n<p>sous la direction de Eugene Arima, Terry Klokeid, et Katherine Robinson<\/p>\n<p>Cette derni\u00e8re partie des textes de Sapir-Thomas sur les Nootkas comprend trois r\u00e9cits de premi\u00e8re main du rituel Tlo:kwa:na, ou du Loup, c\u00e9r\u00e9monie principale des Premi\u00e8res Nations nuu-chah-nulths de la c\u00f4te ouest de l\u2019\u00eele de Vancouver.<\/p>\n","protected":false},"featured_media":22676,"comment_status":"open","ping_status":"closed","template":"","meta":{"_acf_changed":false},"product_cat":[604,877,611],"product_tag":[],"acf":[],"_links":{"self":[{"href":"https:\/\/www.museedelhistoire.ca\/boutique\/wp-json\/wp\/v2\/product\/8808"}],"collection":[{"href":"https:\/\/www.museedelhistoire.ca\/boutique\/wp-json\/wp\/v2\/product"}],"about":[{"href":"https:\/\/www.museedelhistoire.ca\/boutique\/wp-json\/wp\/v2\/types\/product"}],"replies":[{"embeddable":true,"href":"https:\/\/www.museedelhistoire.ca\/boutique\/wp-json\/wp\/v2\/comments?post=8808"}],"wp:featuredmedia":[{"embeddable":true,"href":"https:\/\/www.museedelhistoire.ca\/boutique\/wp-json\/wp\/v2\/media\/22676"}],"wp:attachment":[{"href":"https:\/\/www.museedelhistoire.ca\/boutique\/wp-json\/wp\/v2\/media?parent=8808"}],"wp:term":[{"taxonomy":"product_cat","embeddable":true,"href":"https:\/\/www.museedelhistoire.ca\/boutique\/wp-json\/wp\/v2\/product_cat?post=8808"},{"taxonomy":"product_tag","embeddable":true,"href":"https:\/\/www.museedelhistoire.ca\/boutique\/wp-json\/wp\/v2\/product_tag?post=8808"}],"curies":[{"name":"wp","href":"https:\/\/api.w.org\/{rel}","templated":true}]}}