
{"id":8828,"date":"2015-05-09T16:26:00","date_gmt":"2015-01-05T16:26:40","guid":{"rendered":"https:\/\/www.historymuseum.ca\/boutique\/product\/subsistence-and-culture-in-the-western-canadian-arctic-a-multicontextual-approach-2\/"},"modified":"2016-02-03T10:09:14","modified_gmt":"2016-02-03T15:09:14","slug":"subsistence-and-culture-in-the-western-canadian-arctic-a-multicontextual-approach","status":"publish","type":"product","link":"https:\/\/www.museedelhistoire.ca\/boutique\/produit\/subsistence-and-culture-in-the-western-canadian-arctic-a-multicontextual-approach\/","title":{"rendered":"Subsistence and Culture in the Western Canadian Arctic: A Multicontextual Approach"},"content":{"rendered":"<p><strong>Subsistence and Culture in the Western Canadian Arctic: A Multicontextual Approach<\/strong><br \/>\npar Matthew W. Betts<\/p>\n<p>septembre 2008, ISBN 978-0-660-19803-3<br \/>\nCollection Mercure, Arch\u00e9ologie 169<br \/>\n312 p., 38 illustrations, 17 x 24 cm, broch\u00e9 (en anglais seulement)<\/p>\n<p>Les Siglits, ou Inuits du Mackenzie, les anc\u00eatres des Inuvialuits modernes, \u00e9taient, \u00e0 l\u2019\u00e9poque des contacts avec les Euroam\u00e9ricains, la soci\u00e9t\u00e9 inuite la plus nombreuse et la plus complexe de l\u2019Arctique canadien. Bas\u00e9e sur une analyse novatrice d\u2019os d\u2019animaux trouv\u00e9s dans leurs sites arch\u00e9ologiques anciens, cette \u00e9tude exhaustive documente les relations complexes entre les Inuits du Mackenzie et les animaux dont ils se nourrissaient, et suit ces liens au long d\u2019environ 800 ans, de leur pr\u00e9sence la plus ancienne \u00e0 l\u2019arriv\u00e9e d\u2019Europ\u00e9ens au XIX<sup>e<\/sup> si\u00e8cle.<\/p>\n<p>Portant sur la m\u00e9thodologie, cette \u00e9tude examine la mani\u00e8re dont les arch\u00e9ologues int\u00e8grent des restes animaux dans leurs analyses et propose une m\u00e9thodologie syst\u00e9matique pour \u00e9valuer les donn\u00e9es fauniques en fonction d\u2019autres renseignements arch\u00e9ologiques. Cet ouvrage fait la chronique des relations entre les strat\u00e9gies \u00e9conomiques nouvelles des Siglits et l\u2019\u00e9volution de la technologie, des strat\u00e9gies d\u2019\u00e9tablissement, de la d\u00e9mographie et du climat, exposant ce faisant le lien fondamental entre la culture siglite et les pratiques de subsistance.<\/p>\n","protected":false},"excerpt":{"rendered":"<p>(en anglais seulement)<\/p>\n<p>par Matthew W. Betts<\/p>\n<p>Cet ouvrage fait la chronique des relations entre les strat\u00e9gies \u00e9conomiques nouvelles des Siglits et l\u2019\u00e9volution de la technologie, des strat\u00e9gies d\u2019\u00e9tablissement, de la d\u00e9mographie et du climat, exposant ce faisant le lien fondamental entre la culture siglite et les pratiques de subsistance.<\/p>\n","protected":false},"featured_media":22661,"comment_status":"open","ping_status":"closed","template":"","meta":{"_acf_changed":false},"product_cat":[604,877,611],"product_tag":[],"acf":[],"_links":{"self":[{"href":"https:\/\/www.museedelhistoire.ca\/boutique\/wp-json\/wp\/v2\/product\/8828"}],"collection":[{"href":"https:\/\/www.museedelhistoire.ca\/boutique\/wp-json\/wp\/v2\/product"}],"about":[{"href":"https:\/\/www.museedelhistoire.ca\/boutique\/wp-json\/wp\/v2\/types\/product"}],"replies":[{"embeddable":true,"href":"https:\/\/www.museedelhistoire.ca\/boutique\/wp-json\/wp\/v2\/comments?post=8828"}],"wp:featuredmedia":[{"embeddable":true,"href":"https:\/\/www.museedelhistoire.ca\/boutique\/wp-json\/wp\/v2\/media\/22661"}],"wp:attachment":[{"href":"https:\/\/www.museedelhistoire.ca\/boutique\/wp-json\/wp\/v2\/media?parent=8828"}],"wp:term":[{"taxonomy":"product_cat","embeddable":true,"href":"https:\/\/www.museedelhistoire.ca\/boutique\/wp-json\/wp\/v2\/product_cat?post=8828"},{"taxonomy":"product_tag","embeddable":true,"href":"https:\/\/www.museedelhistoire.ca\/boutique\/wp-json\/wp\/v2\/product_tag?post=8828"}],"curies":[{"name":"wp","href":"https:\/\/api.w.org\/{rel}","templated":true}]}}