
{"id":8830,"date":"2015-05-10T16:26:00","date_gmt":"2015-01-05T16:26:40","guid":{"rendered":"https:\/\/www.historymuseum.ca\/boutique\/product\/through-darkening-spectacles-memoirs-of-diamond-jenness-2\/"},"modified":"2016-02-03T10:08:32","modified_gmt":"2016-02-03T15:08:32","slug":"through-darkening-spectacles-memoirs-of-diamond-jenness","status":"publish","type":"product","link":"https:\/\/www.museedelhistoire.ca\/boutique\/produit\/through-darkening-spectacles-memoirs-of-diamond-jenness\/","title":{"rendered":"Through Darkening Spectacles: Memoirs of Diamond Jenness"},"content":{"rendered":"<p><strong>Through Darkening Spectacles: Memoirs of Diamond Jenness<\/strong><br \/>\npar Diamond Jenness et Stuart E. Jenness<\/p>\n<p>novembre 2011, ISBN 978-0-660-19802-6<br \/>\nCollection Mercure, Histoire 55<br \/>\n436 p., 75 illustrations, 17 x 24 cm, broch\u00e9 (en anglais seulement)<\/p>\n<p>Diamond Jenness fut l\u2019un des plus \u00e9minents anthropologues canadiens du d\u00e9but du XX<sup>e<\/sup> si\u00e8cle. Des d\u00e9tails de la vie priv\u00e9e de ce grand sp\u00e9cialiste sont maintenant r\u00e9v\u00e9l\u00e9s sous sa propre plume, ainsi que gr\u00e2ce \u00e0 des contributions de son fils Stuart.<\/p>\n<p>En 1926, le N\u00e9o-Z\u00e9landais Diamond Jenness fut nomm\u00e9 chef de l\u2019Anthropologie au Mus\u00e9e national du Canada. Au cours des vingt-deux ann\u00e9es suivantes, il chercha \u00e0 augmenter les expositions, les collections anthropologiques et la r\u00e9putation du Mus\u00e9e, et \u00e0 am\u00e9liorer la reconnaissance, la compr\u00e9hension et les conditions de vie des peuples autochtones du Canada. Il produisit pratiquement seul des publications fondamentales sur les deux peuples autochtones du Canada : cinq volumes anciens de l\u2019exp\u00e9dition canadienne dans l\u2019Arctique sur les Inuits de l\u2019Arctique canadien, et <em>The Indians of Canada<\/em>. Son ouvrage intitul\u00e9 <em>People of the Twilight<\/em> a \u00e9t\u00e9 d\u00e9crit comme \u00ab le meilleur livre sur les Inuits canadiens traditionnels \u00bb. Maintenant, des d\u00e9tails sur la vie priv\u00e9e et les activit\u00e9s de ce grand sp\u00e9cialiste, un des plus grands des premiers scientifiques du Canada, Diamond Jenness, sont r\u00e9v\u00e9l\u00e9s sous sa propre plume, compl\u00e9t\u00e9s par des contributions biographiques et anecdotiques de son fils Stuart.<\/p>\n","protected":false},"excerpt":{"rendered":"<p>(en anglais seulement)<\/p>\n<p>par Diamond Jenness et Stuart E. Jenness<\/p>\n<p>Diamond Jenness fut l\u2019un des plus \u00e9minents anthropologues canadiens du d\u00e9but du XX<sup>e<\/sup> si\u00e8cle. Des d\u00e9tails de la vie priv\u00e9e de ce grand sp\u00e9cialiste sont maintenant r\u00e9v\u00e9l\u00e9s sous sa propre plume, ainsi que gr\u00e2ce \u00e0 des contributions de son fils Stuart.<\/p>\n","protected":false},"featured_media":22658,"comment_status":"open","ping_status":"closed","template":"","meta":{"_acf_changed":false},"product_cat":[604,877,611],"product_tag":[],"acf":[],"_links":{"self":[{"href":"https:\/\/www.museedelhistoire.ca\/boutique\/wp-json\/wp\/v2\/product\/8830"}],"collection":[{"href":"https:\/\/www.museedelhistoire.ca\/boutique\/wp-json\/wp\/v2\/product"}],"about":[{"href":"https:\/\/www.museedelhistoire.ca\/boutique\/wp-json\/wp\/v2\/types\/product"}],"replies":[{"embeddable":true,"href":"https:\/\/www.museedelhistoire.ca\/boutique\/wp-json\/wp\/v2\/comments?post=8830"}],"wp:featuredmedia":[{"embeddable":true,"href":"https:\/\/www.museedelhistoire.ca\/boutique\/wp-json\/wp\/v2\/media\/22658"}],"wp:attachment":[{"href":"https:\/\/www.museedelhistoire.ca\/boutique\/wp-json\/wp\/v2\/media?parent=8830"}],"wp:term":[{"taxonomy":"product_cat","embeddable":true,"href":"https:\/\/www.museedelhistoire.ca\/boutique\/wp-json\/wp\/v2\/product_cat?post=8830"},{"taxonomy":"product_tag","embeddable":true,"href":"https:\/\/www.museedelhistoire.ca\/boutique\/wp-json\/wp\/v2\/product_tag?post=8830"}],"curies":[{"name":"wp","href":"https:\/\/api.w.org\/{rel}","templated":true}]}}