
{"id":8831,"date":"2015-05-08T16:26:00","date_gmt":"2015-01-05T16:26:40","guid":{"rendered":"https:\/\/www.historymuseum.ca\/boutique\/product\/crafting-new-traditions-canadian-innovators-and-influences-2\/"},"modified":"2016-02-03T10:07:51","modified_gmt":"2016-02-03T15:07:51","slug":"crafting-new-traditions-canadian-innovators-and-influences","status":"publish","type":"product","link":"https:\/\/www.museedelhistoire.ca\/boutique\/produit\/crafting-new-traditions-canadian-innovators-and-influences\/","title":{"rendered":"Crafting New Traditions: Canadian Innovators and Influences"},"content":{"rendered":"<p><strong>Crafting New Traditions: Canadian Innovators and Influences<br \/>\n<\/strong>sous la direction de Melanie Egan, Alan C. Elder et Jean Johnson<\/p>\n<p>juin 2008, ISBN 978-0-660-19784-5<br \/>\nCollection Mercure, \u00c9tudes culturelles 84<br \/>\n136 p., 30 illustrations, 17 x 24 cm, broch\u00e9 (en anglais seulement)<\/p>\n<p><em>Crafting New Traditions<\/em> r\u00e9unit l\u2019\u0153uvre de 11 historiens et artisans pour r\u00e9pondre \u00e0 deux questions : \u00ab Qui a influenc\u00e9 l\u2019histoire r\u00e9cente de l\u2019artisanat de commande au Canada? \u00bb et \u00ab Quels artisans seront consid\u00e9r\u00e9s demain comme les \u201cpionniers\u201d des m\u00e9tiers d\u2019art canadiens? \u00bb. Cet ouvrage pr\u00e9sente des innovateurs qui ont influenc\u00e9 cinq m\u00e9tiers d\u2019art : les m\u00e9tiers de la c\u00e9ramique, du verre, du m\u00e9tal, des textiles et du bois. Il inclut \u00e9galement cinq essais portant sur l\u2019activit\u00e9 de pointe r\u00e9cente dans les m\u00e9tiers d\u2019art.<\/p>\n<p>Les m\u00e9tiers d\u2019art canadiens font partie de notre culture mat\u00e9rielle, et c\u2019est par notre culture mat\u00e9rielle que nous pouvons comprendre le monde qui nous entoure et les mondes du pass\u00e9. Cet ouvrage, pr\u00e9par\u00e9 dans le cadre d\u2019un symposium qui a eu lieu au Harbourfront Centre en f\u00e9vrier 2008, rend hommage aux r\u00e9alisations d\u2019artisans canadiens.<\/p>\n","protected":false},"excerpt":{"rendered":"<p>(en anglais seulement)<\/p>\n<p>sous la direction de Melanie Egan, Alan C. Elder et Jean Johnson<\/p>\n<p>Cet ouvrage pr\u00e9sente des innovateurs qui ont influenc\u00e9 cinq m\u00e9tiers d\u2019art : les m\u00e9tiers de la c\u00e9ramique, du verre, du m\u00e9tal, des textiles et du bois. Il inclut \u00e9galement cinq essais portant sur l\u2019activit\u00e9 de pointe r\u00e9cente dans les m\u00e9tiers d\u2019art.<\/p>\n","protected":false},"featured_media":22663,"comment_status":"open","ping_status":"closed","template":"","meta":{"_acf_changed":false},"product_cat":[604,877,611],"product_tag":[],"acf":[],"_links":{"self":[{"href":"https:\/\/www.museedelhistoire.ca\/boutique\/wp-json\/wp\/v2\/product\/8831"}],"collection":[{"href":"https:\/\/www.museedelhistoire.ca\/boutique\/wp-json\/wp\/v2\/product"}],"about":[{"href":"https:\/\/www.museedelhistoire.ca\/boutique\/wp-json\/wp\/v2\/types\/product"}],"replies":[{"embeddable":true,"href":"https:\/\/www.museedelhistoire.ca\/boutique\/wp-json\/wp\/v2\/comments?post=8831"}],"wp:featuredmedia":[{"embeddable":true,"href":"https:\/\/www.museedelhistoire.ca\/boutique\/wp-json\/wp\/v2\/media\/22663"}],"wp:attachment":[{"href":"https:\/\/www.museedelhistoire.ca\/boutique\/wp-json\/wp\/v2\/media?parent=8831"}],"wp:term":[{"taxonomy":"product_cat","embeddable":true,"href":"https:\/\/www.museedelhistoire.ca\/boutique\/wp-json\/wp\/v2\/product_cat?post=8831"},{"taxonomy":"product_tag","embeddable":true,"href":"https:\/\/www.museedelhistoire.ca\/boutique\/wp-json\/wp\/v2\/product_tag?post=8831"}],"curies":[{"name":"wp","href":"https:\/\/api.w.org\/{rel}","templated":true}]}}