
{"id":8834,"date":"2015-05-01T16:25:00","date_gmt":"2015-01-05T16:25:11","guid":{"rendered":"https:\/\/www.historymuseum.ca\/boutique\/product\/argillite-sea-monster-box-vii-b-1910-argilite-bo-2\/"},"modified":"2021-06-04T09:33:46","modified_gmt":"2021-06-04T13:33:46","slug":"argillite-sea-monster-box-vii-b-1910-argilite-bo","status":"publish","type":"product","link":"https:\/\/www.museedelhistoire.ca\/boutique\/produit\/argillite-sea-monster-box-vii-b-1910-argilite-bo\/","title":{"rendered":"Argilite &#8211; Bo\u00eete du Monstre de la mer &#8211; VII B 1910."},"content":{"rendered":"<p>Cette bo\u00eete carr\u00e9e, \u0153uvre d&#8217;un artiste ha\u00efda, repr\u00e9sente le Monstre de la mer et fait 6,25 cm de hauteur. Les reproductions d&#8217;argilite en r\u00e9sine de haute densit\u00e9 sont r\u00e9alis\u00e9es \u00e0 partir de moulages de sculptures ha\u00efdas en argilite originales des collections du Mus\u00e9e canadien de l&#8217;histoire. L&#8217;argilite est une ardoise tendre que l&#8217;on ne trouve que dans Haida Gwaii (les \u00eeles de la Reine-Charlotte); elle fut extraite pour la premi\u00e8re fois dans les ann\u00e9es 1820 sur le Mont Slatechuck.<\/p>\n","protected":false},"excerpt":{"rendered":"<p>Reproduction d&#8217;une sculpture ha\u00efda en argilite.<\/p>\n","protected":false},"featured_media":21033,"comment_status":"open","ping_status":"closed","template":"","meta":{"_acf_changed":false},"product_cat":[2074,612,618,615,1118],"product_tag":[],"acf":[],"_links":{"self":[{"href":"https:\/\/www.museedelhistoire.ca\/boutique\/wp-json\/wp\/v2\/product\/8834"}],"collection":[{"href":"https:\/\/www.museedelhistoire.ca\/boutique\/wp-json\/wp\/v2\/product"}],"about":[{"href":"https:\/\/www.museedelhistoire.ca\/boutique\/wp-json\/wp\/v2\/types\/product"}],"replies":[{"embeddable":true,"href":"https:\/\/www.museedelhistoire.ca\/boutique\/wp-json\/wp\/v2\/comments?post=8834"}],"wp:featuredmedia":[{"embeddable":true,"href":"https:\/\/www.museedelhistoire.ca\/boutique\/wp-json\/wp\/v2\/media\/21033"}],"wp:attachment":[{"href":"https:\/\/www.museedelhistoire.ca\/boutique\/wp-json\/wp\/v2\/media?parent=8834"}],"wp:term":[{"taxonomy":"product_cat","embeddable":true,"href":"https:\/\/www.museedelhistoire.ca\/boutique\/wp-json\/wp\/v2\/product_cat?post=8834"},{"taxonomy":"product_tag","embeddable":true,"href":"https:\/\/www.museedelhistoire.ca\/boutique\/wp-json\/wp\/v2\/product_tag?post=8834"}],"curies":[{"name":"wp","href":"https:\/\/api.w.org\/{rel}","templated":true}]}}