
{"id":9003,"date":"2015-05-03T16:24:00","date_gmt":"2015-01-05T16:24:13","guid":{"rendered":"https:\/\/www.historymuseum.ca\/boutique\/product\/yeenoo-d-2\/"},"modified":"2016-02-03T10:20:09","modified_gmt":"2016-02-03T15:20:09","slug":"yeenoo-d","status":"publish","type":"product","link":"https:\/\/www.museedelhistoire.ca\/boutique\/produit\/yeenoo-d\/","title":{"rendered":"Long Ago Sewing We Will Remember: The Story of the Gwich\u2019in Traditional Caribou Skin Clothing Project"},"content":{"rendered":"<p><strong>Long Ago Sewing We Will Remember: The Story of the Gwich\u2019in Traditional Caribou Skin Clothing Project<\/strong><br \/>\npar Judy Thompson et Ingrid Kritsch<\/p>\n<p>septembre 2006, ISBN 978-0-660-19508-7<br \/>\nCollection Mercure, Ethnologie 143<br \/>\n76 p., 45 illustrations, 21 x 27 cm, broch\u00e9 (en anglais seulement)<\/p>\n<p>Une collaboration de trois ans entre les Gwich\u2019ins \u2013 le peuple athapaskan le plus septentrional du Canada \u2013, le Mus\u00e9e canadien de l`histoire et le Centre du patrimoine septentrional Prince-de-Galles a permis de faire revivre les techniques et le savoir servant \u00e0 cr\u00e9er les v\u00eatements traditionnels en peau de caribou. Plus de 40 couturi\u00e8res ont confectionn\u00e9 cinq reproductions d\u2019une \u00e9l\u00e9gante tenue d\u2019\u00e9t\u00e9 du XIXe si\u00e8cle des collections du Mus\u00e9e canadien de l`histoire. Cet ouvrage richement illustr\u00e9 est une ressource indispensable sur la culture et le patrimoine gwich\u2019ins et sur les partenariats modernes entre les mus\u00e9es et les Premi\u00e8res nations.<\/p>\n","protected":false},"excerpt":{"rendered":"<p>(en anglais seulement)<\/p>\n<p>par Judy Thompson et Ingrid Kritsch<\/p>\n<p>Cet ouvrage richement illustr\u00e9 est une ressource indispensable sur la culture et le patrimoine gwich\u2019ins et sur les partenariats modernes entre les mus\u00e9es et les Premi\u00e8res nations.<\/p>\n","protected":false},"featured_media":22731,"comment_status":"open","ping_status":"closed","template":"","meta":{"_acf_changed":false},"product_cat":[604,877,611],"product_tag":[],"acf":[],"_links":{"self":[{"href":"https:\/\/www.museedelhistoire.ca\/boutique\/wp-json\/wp\/v2\/product\/9003"}],"collection":[{"href":"https:\/\/www.museedelhistoire.ca\/boutique\/wp-json\/wp\/v2\/product"}],"about":[{"href":"https:\/\/www.museedelhistoire.ca\/boutique\/wp-json\/wp\/v2\/types\/product"}],"replies":[{"embeddable":true,"href":"https:\/\/www.museedelhistoire.ca\/boutique\/wp-json\/wp\/v2\/comments?post=9003"}],"wp:featuredmedia":[{"embeddable":true,"href":"https:\/\/www.museedelhistoire.ca\/boutique\/wp-json\/wp\/v2\/media\/22731"}],"wp:attachment":[{"href":"https:\/\/www.museedelhistoire.ca\/boutique\/wp-json\/wp\/v2\/media?parent=9003"}],"wp:term":[{"taxonomy":"product_cat","embeddable":true,"href":"https:\/\/www.museedelhistoire.ca\/boutique\/wp-json\/wp\/v2\/product_cat?post=9003"},{"taxonomy":"product_tag","embeddable":true,"href":"https:\/\/www.museedelhistoire.ca\/boutique\/wp-json\/wp\/v2\/product_tag?post=9003"}],"curies":[{"name":"wp","href":"https:\/\/api.w.org\/{rel}","templated":true}]}}