
{"id":9034,"date":"2015-05-01T16:23:00","date_gmt":"2015-01-05T16:23:41","guid":{"rendered":"https:\/\/www.historymuseum.ca\/boutique\/product\/argillite-beaver-bowl-argilite-bol-en-forme-de-castor-2\/"},"modified":"2024-04-01T12:01:19","modified_gmt":"2024-04-01T16:01:19","slug":"argillite-beaver-bowl-argilite-bol-en-forme-de-castor","status":"publish","type":"product","link":"https:\/\/www.museedelhistoire.ca\/boutique\/produit\/argillite-beaver-bowl-argilite-bol-en-forme-de-castor\/","title":{"rendered":"Bol \u2014 Castor (VII-B-754)"},"content":{"rendered":"<table style=\"height: 103px\" width=\"1084\">\n<tbody>\n<tr>\n<td width=\"813\">Ce bol en argilite repr\u00e9sente Castor avec une branche entre ses dents. Ces reproductions en r\u00e9sine de haute densit\u00e9 sont r\u00e9alis\u00e9es \u00e0 partir de moulage de sculptures ha\u00efdas originales en argilite des collections du Mus\u00e9e canadien de l\u2019histoire. L\u2019argilite est une ardoise tendre que l\u2019on ne trouve que sur Haida Gwaii. Les artistes ha\u00efdas sculptent dans ce mat\u00e9riau pris\u00e9 par les commer\u00e7ants depuis au moins le d\u00e9but du XIXe\u00a0si\u00e8cle. 28 x 17\u00a0cm.<\/td>\n<\/tr>\n<\/tbody>\n<\/table>\n","protected":false},"excerpt":{"rendered":"<table style=\"height: 86px\" width=\"754\">\n<tbody>\n<tr>\n<td width=\"173\">Reproduction de sculpture ha\u00efda en argilite<\/td>\n<\/tr>\n<\/tbody>\n<\/table>\n","protected":false},"featured_media":21045,"comment_status":"open","ping_status":"closed","template":"","meta":{"_acf_changed":false},"product_cat":[612,618,615,1118],"product_tag":[],"acf":[],"_links":{"self":[{"href":"https:\/\/www.museedelhistoire.ca\/boutique\/wp-json\/wp\/v2\/product\/9034"}],"collection":[{"href":"https:\/\/www.museedelhistoire.ca\/boutique\/wp-json\/wp\/v2\/product"}],"about":[{"href":"https:\/\/www.museedelhistoire.ca\/boutique\/wp-json\/wp\/v2\/types\/product"}],"replies":[{"embeddable":true,"href":"https:\/\/www.museedelhistoire.ca\/boutique\/wp-json\/wp\/v2\/comments?post=9034"}],"wp:featuredmedia":[{"embeddable":true,"href":"https:\/\/www.museedelhistoire.ca\/boutique\/wp-json\/wp\/v2\/media\/21045"}],"wp:attachment":[{"href":"https:\/\/www.museedelhistoire.ca\/boutique\/wp-json\/wp\/v2\/media?parent=9034"}],"wp:term":[{"taxonomy":"product_cat","embeddable":true,"href":"https:\/\/www.museedelhistoire.ca\/boutique\/wp-json\/wp\/v2\/product_cat?post=9034"},{"taxonomy":"product_tag","embeddable":true,"href":"https:\/\/www.museedelhistoire.ca\/boutique\/wp-json\/wp\/v2\/product_tag?post=9034"}],"curies":[{"name":"wp","href":"https:\/\/api.w.org\/{rel}","templated":true}]}}