
{"id":9230,"date":"2015-06-08T13:09:18","date_gmt":"2015-06-09T17:09:18","guid":{"rendered":"https:\/\/www.historymuseum.ca\/boutique\/product\/the-greeks-agamemnon-to-alexander-the-great-2\/"},"modified":"2024-12-03T23:01:04","modified_gmt":"2024-12-04T04:01:04","slug":"the-greeks-agamemnon-to-alexander-the-great","status":"publish","type":"product","link":"https:\/\/www.museedelhistoire.ca\/boutique\/produit\/the-greeks-agamemnon-to-alexander-the-great\/","title":{"rendered":"Les Grecs : D&#8217;Agamemnon \u00e0 Alexandre le Grand"},"content":{"rendered":"<p><strong>Les Grecs : D\u2019Agamemnon \u00e0 Alexandre le Grand<\/strong><br \/>\npar Terence Clark<\/p>\n<p>mars 2015, ISBN 978-0-660-20308-9<br \/>\n132 p., 82 illustrations, 15 x 15 cm, broch\u00e9<\/p>\n<p>Faites un voyage inoubliable dans le temps. Parcourez plus de 5 000 ans de culture grecque, de la p\u00e9riode du n\u00e9olithique \u00e0 l\u2019\u00e9poque d\u2019Alexandre le Grand.<\/p>\n<p>Voici le catalogue-souvenir de l\u2019exposition sur la Gr\u00e8ce antique la plus compl\u00e8te jamais pr\u00e9sent\u00e9e en Am\u00e9rique du Nord depuis des d\u00e9cennies. Il pr\u00e9sente une collection de magnifiques artefacts provenant de 21 mus\u00e9es grecs \u2014 dont un grand nombre n\u2019ont jamais \u00e9t\u00e9 expos\u00e9s hors de Gr\u00e8ce.<\/p>\n<p>Approfondissez le sujet gr\u00e2ce \u00e0 une application mobile gratuite proposant un contenu diversifi\u00e9 : vid\u00e9os, cartes interactives, jeux et bien plus encore!<\/p>\n","protected":false},"excerpt":{"rendered":"<p>par Terence Clark<\/p>\n<p>Voici le catalogue-souvenir de l\u2019exposition sur la Gr\u00e8ce antique la plus compl\u00e8te jamais pr\u00e9sent\u00e9e en Am\u00e9rique du Nord depuis des d\u00e9cennies. Il pr\u00e9sente une collection de magnifiques artefacts provenant de 21 mus\u00e9es grecs \u2014 dont un grand nombre n\u2019ont jamais \u00e9t\u00e9 expos\u00e9s hors de Gr\u00e8ce.<\/p>\n","protected":false},"featured_media":22577,"comment_status":"open","ping_status":"closed","template":"","meta":{"_acf_changed":false},"product_cat":[604,611],"product_tag":[1787],"acf":[],"_links":{"self":[{"href":"https:\/\/www.museedelhistoire.ca\/boutique\/wp-json\/wp\/v2\/product\/9230"}],"collection":[{"href":"https:\/\/www.museedelhistoire.ca\/boutique\/wp-json\/wp\/v2\/product"}],"about":[{"href":"https:\/\/www.museedelhistoire.ca\/boutique\/wp-json\/wp\/v2\/types\/product"}],"replies":[{"embeddable":true,"href":"https:\/\/www.museedelhistoire.ca\/boutique\/wp-json\/wp\/v2\/comments?post=9230"}],"wp:featuredmedia":[{"embeddable":true,"href":"https:\/\/www.museedelhistoire.ca\/boutique\/wp-json\/wp\/v2\/media\/22577"}],"wp:attachment":[{"href":"https:\/\/www.museedelhistoire.ca\/boutique\/wp-json\/wp\/v2\/media?parent=9230"}],"wp:term":[{"taxonomy":"product_cat","embeddable":true,"href":"https:\/\/www.museedelhistoire.ca\/boutique\/wp-json\/wp\/v2\/product_cat?post=9230"},{"taxonomy":"product_tag","embeddable":true,"href":"https:\/\/www.museedelhistoire.ca\/boutique\/wp-json\/wp\/v2\/product_tag?post=9230"}],"curies":[{"name":"wp","href":"https:\/\/api.w.org\/{rel}","templated":true}]}}