
{"id":9313,"date":"2015-09-08T09:56:23","date_gmt":"2015-09-08T13:56:23","guid":{"rendered":"https:\/\/www.museedelhistoire.ca\/boutique\/?post_type=product&#038;p=9313"},"modified":"2016-01-26T10:38:32","modified_gmt":"2016-01-26T15:38:32","slug":"ce-que-la-riviere-nous-procurait-archeologie-et-histoire-du-reservoir-de-leastmain-1","status":"publish","type":"product","link":"https:\/\/www.museedelhistoire.ca\/boutique\/produit\/ce-que-la-riviere-nous-procurait-archeologie-et-histoire-du-reservoir-de-leastmain-1\/","title":{"rendered":"Ce que la rivi\u00e8re nous procurait : Arch\u00e9ologie et histoire du r\u00e9servoir de l\u2019Eastmain-1"},"content":{"rendered":"<p><strong>Ce que la rivi\u00e8re nous procurait : Arch\u00e9ologie et histoire du r\u00e9servoir de l\u2019Eastmain-1<\/strong><br \/>\nsous la direction de Pierre Bibeau, David Denton et Andr\u00e9 Burroughs<\/p>\n<p>f\u00e9vrier 2015, ISBN 978-2-7603-2205-9<br \/>\nCollection Mercure, Arch\u00e9ologie 175<br \/>\n684 p., 297 illustrations, 17 x 24 cm, broch\u00e9<\/p>\n<p>La r\u00e9alisation de l\u2019am\u00e9nagement hydro\u00e9lectrique de l\u2019Eastmain-1 a cr\u00e9\u00e9 en 2006 un r\u00e9servoir de 603 kilom\u00e8tres carr\u00e9s sur le territoire d\u2019Eeyou Istchee Baie-James. Des recherches arch\u00e9ologiques pr\u00e9ventives y ont \u00e9t\u00e9 men\u00e9es entre 2002 et 2005 dans le cadre des \u00e9tudes environnementales de la Soci\u00e9t\u00e9 d\u2019\u00e9nergie de la Baie James et du Programme sur l\u2019arch\u00e9ologie et le patrimoine culturel pr\u00e9vues par une convention avec le peuple cri.<\/p>\n<p>Gr\u00e2ce \u00e0 une collaboration remarquable entre les \u00e9quipes d\u2019arch\u00e9ologues, de g\u00e9ographes et d\u2019ethnologues d\u2019Ark\u00e9os inc., le consultant retenu, et de l\u2019Administration r\u00e9gionale crie, un travail colossal a \u00e9t\u00e9 entrepris et les recherches aux abords de la rivi\u00e8re Eastmain ont conduit \u00e0 la mise au jour de 158 sites couvrant cinq mill\u00e9naires d\u2019occupation humaine. Les 18 contributions abordent autant d\u2019angles de discussion relatifs au milieu naturel, \u00e0 l\u2019histoire culturelle et aux vestiges mis au jour, mais c\u2019est l\u2019amour de ces terres et de la rivi\u00e8re qui s\u2019exprime dans chaque page de cet ouvrage.<\/p>\n","protected":false},"excerpt":{"rendered":"<p>sous la direction de Pierre Bibeau, David Denton et Andr\u00e9 Burroughs<\/p>\n<p>L\u2019ouvrage est le fruit de plusieurs ann\u00e9es de recherches arch\u00e9ologiques pluridisciplinaires men\u00e9es sur le territoire d\u2019Eeyou Istchee Baie-James. Les experts qui ont particip\u00e9 aux fouilles y pr\u00e9sentent, selon de multiples points de vue, les r\u00e9sultats de leurs travaux sur les pi\u00e8ces arch\u00e9ologiques qu\u2019ils ont mis au jour, le milieu naturel et l\u2019histoire culturelle de la r\u00e9gion.<\/p>\n","protected":false},"featured_media":22567,"comment_status":"open","ping_status":"closed","template":"","meta":{"_acf_changed":false},"product_cat":[604,877,611],"product_tag":[],"acf":[],"_links":{"self":[{"href":"https:\/\/www.museedelhistoire.ca\/boutique\/wp-json\/wp\/v2\/product\/9313"}],"collection":[{"href":"https:\/\/www.museedelhistoire.ca\/boutique\/wp-json\/wp\/v2\/product"}],"about":[{"href":"https:\/\/www.museedelhistoire.ca\/boutique\/wp-json\/wp\/v2\/types\/product"}],"replies":[{"embeddable":true,"href":"https:\/\/www.museedelhistoire.ca\/boutique\/wp-json\/wp\/v2\/comments?post=9313"}],"wp:featuredmedia":[{"embeddable":true,"href":"https:\/\/www.museedelhistoire.ca\/boutique\/wp-json\/wp\/v2\/media\/22567"}],"wp:attachment":[{"href":"https:\/\/www.museedelhistoire.ca\/boutique\/wp-json\/wp\/v2\/media?parent=9313"}],"wp:term":[{"taxonomy":"product_cat","embeddable":true,"href":"https:\/\/www.museedelhistoire.ca\/boutique\/wp-json\/wp\/v2\/product_cat?post=9313"},{"taxonomy":"product_tag","embeddable":true,"href":"https:\/\/www.museedelhistoire.ca\/boutique\/wp-json\/wp\/v2\/product_tag?post=9313"}],"curies":[{"name":"wp","href":"https:\/\/api.w.org\/{rel}","templated":true}]}}