
{"id":9317,"date":"2015-05-21T14:01:00","date_gmt":"2015-09-08T14:01:00","guid":{"rendered":"https:\/\/www.museedelhistoire.ca\/boutique\/?post_type=product&#038;p=9317"},"modified":"2016-02-03T09:12:40","modified_gmt":"2016-02-03T14:12:40","slug":"womens-work-womens-art-nineteenth-century-northern-athapaskan-clothing","status":"publish","type":"product","link":"https:\/\/www.museedelhistoire.ca\/boutique\/produit\/womens-work-womens-art-nineteenth-century-northern-athapaskan-clothing\/","title":{"rendered":"Women\u2019s Work, Women\u2019s Art: Nineteenth-Century Northern Athapaskan Clothing"},"content":{"rendered":"<p><strong>Women\u2019s Work, Women\u2019s Art: Nineteenth-Century Northern Athapaskan Clothing<br \/>\n<\/strong>par Judy Thompson<\/p>\n<p>mars 2013, ISBN 978-0-7735-4159-7<br \/>\n336 p., 204 illustrations, 23 x 28 cm, broch\u00e9 (en anglais seulement)<\/p>\n<p><em>Women\u2019s Work, Women\u2019s Art<\/em> t\u00e9moigne des traditions orales des Athapaskan et pr\u00e9sente des entrevues avec divers membres de la communaut\u00e9 ainsi que des \u00e9crits de n\u00e9gociants, d\u2019explorateurs et de missionnaires. Enrichi par quantit\u00e9 d\u2019\u00e9l\u00e9ments visuels \u2013 des croquis rares et anciens aux photographies du XXe si\u00e8cle, cet ouvrage propose une \u00e9tude fascinante et approfondie sur les v\u00eatements et la culture de ce peuple.<\/p>\n<p>Les v\u00eatements faits de peaux d\u2019animaux tann\u00e9es offraient aux Athapaskan du Nord une protection contre un environnement difficile. Ils \u00e9taient \u00e9galement une forme d\u2019expression artistique, r\u00e9v\u00e9lant l\u2019identit\u00e9 ethnique et l\u2019\u00e9tat physique, social et spirituel de celui qui les portait. Les riches attributs de ces v\u00eatements orn\u00e9s de piquants de porc-\u00e9pic, de franges et de pigments constituent un \u00e9l\u00e9ment distinctif de la culture traditionnelle des peuples autochtones du subarctique occidental de l\u2019Am\u00e9rique du Nord.<\/p>\n<p><em>Women\u2019s Work, Women\u2019s Art<\/em> est l\u2019aboutissement de plus de 40 ann\u00e9es de recherche; c\u2019est la premi\u00e8re \u00e9tude approfondie de cet aspect peu connu de la culture athapaskane. Incluant tous les groupes athapaskans du Nord, l\u2019ouvrage fait la chronique d\u2019une p\u00e9riode o\u00f9 la culture autochtone a connu d\u2019importants changements, mais o\u00f9 les traditions anciennes ont persist\u00e9 parmi les femmes qui confectionnaient et d\u00e9coraient ces v\u00eatements. Diff\u00e9rents chapitres sont consacr\u00e9s \u00e0 chacun des sujets : les r\u00f4les et les fonctions des v\u00eatements dans les soci\u00e9t\u00e9s athapaskanes, la technique de l\u2019\u00e9laboration et de la cr\u00e9ation des v\u00eatements ainsi que les styles r\u00e9gionaux caract\u00e9ristiques.<\/p>\n","protected":false},"excerpt":{"rendered":"<p>par Judy Thompson<\/p>\n<p>Cet ouvrage t\u00e9moigne des traditions orales des Athapaskan et pr\u00e9sente des entrevues avec divers membres de la communaut\u00e9 ainsi que des \u00e9crits de n\u00e9gociants, d\u2019explorateurs et de missionnaires. <em>Women\u2019s Work, Women\u2019s Art<\/em> est l\u2019aboutissement de plus de 40 ann\u00e9es de recherche, et c\u2019est la premi\u00e8re \u00e9tude approfondie de cet aspect peu connu de la culture athapaskane.<\/p>\n","protected":false},"featured_media":22605,"comment_status":"open","ping_status":"closed","template":"","meta":{"_acf_changed":false},"product_cat":[604,611],"product_tag":[],"acf":[],"_links":{"self":[{"href":"https:\/\/www.museedelhistoire.ca\/boutique\/wp-json\/wp\/v2\/product\/9317"}],"collection":[{"href":"https:\/\/www.museedelhistoire.ca\/boutique\/wp-json\/wp\/v2\/product"}],"about":[{"href":"https:\/\/www.museedelhistoire.ca\/boutique\/wp-json\/wp\/v2\/types\/product"}],"replies":[{"embeddable":true,"href":"https:\/\/www.museedelhistoire.ca\/boutique\/wp-json\/wp\/v2\/comments?post=9317"}],"wp:featuredmedia":[{"embeddable":true,"href":"https:\/\/www.museedelhistoire.ca\/boutique\/wp-json\/wp\/v2\/media\/22605"}],"wp:attachment":[{"href":"https:\/\/www.museedelhistoire.ca\/boutique\/wp-json\/wp\/v2\/media?parent=9317"}],"wp:term":[{"taxonomy":"product_cat","embeddable":true,"href":"https:\/\/www.museedelhistoire.ca\/boutique\/wp-json\/wp\/v2\/product_cat?post=9317"},{"taxonomy":"product_tag","embeddable":true,"href":"https:\/\/www.museedelhistoire.ca\/boutique\/wp-json\/wp\/v2\/product_tag?post=9317"}],"curies":[{"name":"wp","href":"https:\/\/api.w.org\/{rel}","templated":true}]}}