
{"id":9370,"date":"2015-05-11T13:50:21","date_gmt":"2015-09-08T18:50:21","guid":{"rendered":"https:\/\/www.museedelhistoire.ca\/boutique\/?post_type=product&#038;p=9370"},"modified":"2024-01-30T16:30:59","modified_gmt":"2024-01-30T21:30:59","slug":"les-anciens-nomades-des-steppes-de-leurasie-et-des-plaines-de-lamerique-du-nord","status":"publish","type":"product","link":"https:\/\/www.museedelhistoire.ca\/boutique\/produit\/les-anciens-nomades-des-steppes-de-leurasie-et-des-plaines-de-lamerique-du-nord\/","title":{"rendered":"Les anciens nomades des steppes de l\u2019Eurasie et des plaines de l\u2019Am\u00e9rique du Nord"},"content":{"rendered":"<p><strong>Les anciens nomades des steppes de l\u2019Eurasie et des plaines de l\u2019Am\u00e9rique du Nord<\/strong><br \/>\npar Elena Ponomarenko et Ian Dyck<\/p>\n<p>f\u00e9vrier 2009, ISBN 978-0-660-97272-5<br \/>\n168 p., 152 illustrations, 21 x 29 cm, broch\u00e9<\/p>\n<p>Les modes de vie nomades reposant sur l\u2019exploitation des animaux gr\u00e9gaires ont \u00e9volu\u00e9 de mani\u00e8re diff\u00e9rente dans les steppes de l\u2019Eurasie et les plaines de l\u2019Am\u00e9rique du Nord, il y a quelque 5000 ans. Les paysages que les nomades occupaient se ressemblaient, de fa\u00e7on g\u00e9n\u00e9rale, mais le nomadisme pr\u00e9sentait des diff\u00e9rences notables. Les nomades des steppes eurasiatiques d\u00e9pendaient des animaux domestiques tels les moutons, les ch\u00e8vres, les bovins et les chevaux pour leur subsistance, et des chevaux, des bovins et, jusqu\u2019\u00e0 un certain point, des chameaux pour le transport. Ceux des plaines nord-am\u00e9ricaines d\u00e9pendaient des bisons sauvages pour leur subsistance et ne comptaient que sur eux-m\u00eames et sur leurs chiens pour le transport.<\/p>\n<p>En comparant ces deux modes de vie, la pr\u00e9sente \u00e9tude fait ressortir des similarit\u00e9s, notamment l\u2019usage d\u2019abris portatifs circulaires, les d\u00e9placements saisonniers et un univers mat\u00e9riel simple. Mais d\u2019autres caract\u00e9ristiques, comme l\u2019usage des m\u00e9taux, l\u2019acc\u00e8s aux civilisations urbaines, la nature et l\u2019envergure des guerres ainsi que la taille des populations en g\u00e9n\u00e9ral, \u00e9taient tr\u00e8s diff\u00e9rentes. N\u00e9anmoins, les deux sortes de nomadisme ont pr\u00e9valu dans leur paysage respectif jusqu\u2019\u00e0 la p\u00e9riode d\u2019expansion europ\u00e9enne et euro-am\u00e9ricaine, il y a quelque 300 \u00e0 150 ans.<\/p>\n","protected":false},"excerpt":{"rendered":"<p>par Elena Ponomarenko et Ian Dyck<\/p>\n<p>Les modes de vie nomades reposant sur l\u2019exploitation des animaux gr\u00e9gaires ont \u00e9volu\u00e9 de mani\u00e8re diff\u00e9rente dans les steppes de l\u2019Eurasie et les plaines de l\u2019Am\u00e9rique du Nord, il y a quelque 5000 ans. Les paysages que les nomades occupaient se ressemblaient, de fa\u00e7on g\u00e9n\u00e9rale, mais le nomadisme pr\u00e9sentait des diff\u00e9rences notables.<\/p>\n","protected":false},"featured_media":22657,"comment_status":"open","ping_status":"closed","template":"","meta":{"_acf_changed":false},"product_cat":[604,611],"product_tag":[],"acf":[],"_links":{"self":[{"href":"https:\/\/www.museedelhistoire.ca\/boutique\/wp-json\/wp\/v2\/product\/9370"}],"collection":[{"href":"https:\/\/www.museedelhistoire.ca\/boutique\/wp-json\/wp\/v2\/product"}],"about":[{"href":"https:\/\/www.museedelhistoire.ca\/boutique\/wp-json\/wp\/v2\/types\/product"}],"replies":[{"embeddable":true,"href":"https:\/\/www.museedelhistoire.ca\/boutique\/wp-json\/wp\/v2\/comments?post=9370"}],"wp:featuredmedia":[{"embeddable":true,"href":"https:\/\/www.museedelhistoire.ca\/boutique\/wp-json\/wp\/v2\/media\/22657"}],"wp:attachment":[{"href":"https:\/\/www.museedelhistoire.ca\/boutique\/wp-json\/wp\/v2\/media?parent=9370"}],"wp:term":[{"taxonomy":"product_cat","embeddable":true,"href":"https:\/\/www.museedelhistoire.ca\/boutique\/wp-json\/wp\/v2\/product_cat?post=9370"},{"taxonomy":"product_tag","embeddable":true,"href":"https:\/\/www.museedelhistoire.ca\/boutique\/wp-json\/wp\/v2\/product_tag?post=9370"}],"curies":[{"name":"wp","href":"https:\/\/api.w.org\/{rel}","templated":true}]}}