
{"id":9385,"date":"2015-05-08T15:27:43","date_gmt":"2015-09-08T19:27:43","guid":{"rendered":"https:\/\/www.museedelhistoire.ca\/boutique\/?post_type=product&#038;p=9385"},"modified":"2016-02-03T10:07:06","modified_gmt":"2016-02-03T15:07:06","slug":"around-marius-barbeau","status":"publish","type":"product","link":"https:\/\/www.museedelhistoire.ca\/boutique\/produit\/around-marius-barbeau\/","title":{"rendered":"Around and About Marius Barbeau: Modelling Twentieth-Century Culture"},"content":{"rendered":"<p><strong>Around and About Marius Barbeau: Modelling Twentieth-Century Culture<\/strong><br \/>\nsous la direction de Gordon E. Smith, Lynda Jessup et Andrew Nurse<\/p>\n<p>f\u00e9vrier 2008, ISBN 978-0-660-19775-3<br \/>\nCollection Mercure, \u00c9tudes culturelles 83<br \/>\n384 p., 80 illustrations, 17 x 24 cm, broch\u00e9 (en anglais seulement)<\/p>\n<p>Marius Barbeau (1883\u20131969) a jou\u00e9 un r\u00f4le primordial dans le fa\u00e7onnement de la culture canadienne au XX<sup>e<\/sup> si\u00e8cle. Cet ouvrage ne se limite pas \u00e0 d\u00e9crire la vie et le travail de Marius Barbeau, mais offre des approches critiques et interpr\u00e9tatives des diff\u00e9rentes disciplines dans lesquelles Barbeau s\u2019est illustr\u00e9.<\/p>\n<p>Partant du principe que son travail culturel dans divers domaines \u2013 anthropologie, art, musique, cin\u00e9ma, \u00e9tudes folkoriques, fiction et historiographie \u2013 ne peut pas \u00eatre interpr\u00e9t\u00e9 de fa\u00e7on unidimensionnelle, le pr\u00e9sent ouvrage montre qu\u2019en fusionnant les points de vue disciplinaires concernant Barbeau, on peut approfondir les \u00e9valuations et la compr\u00e9hension de la situation autour de Barbeau. Les 16 articles et les plus de quatre-vingts illustrations que comprend cet ouvrage \u00e9tayent ce point de vue, sugg\u00e9rant que le travail culturel de Barbeau doit \u00eatre consid\u00e9r\u00e9 sous diff\u00e9rents angles, chacun comportant sa propre dynamique complexe et concurrente ainsi qu\u2019un contexte th\u00e9matique et critique. R\u00e9unis, ils pr\u00e9sentent des positions vari\u00e9es d\u2019o\u00f9 il est possible de r\u00e9fl\u00e9chir aujourd\u2019hui sur la situation historique de Barbeau et la port\u00e9e de son travail.<\/p>\n","protected":false},"excerpt":{"rendered":"<p>(en anglais seulement)<\/p>\n<p>Edited by Gordon E. Smith, Lynda Jessup and Andrew Nurse<\/p>\n<p>Marius Barbeau (1883\u20131969) a jou\u00e9 un r\u00f4le primordial dans le fa\u00e7onnement de la culture canadienne au XX<sup>e<\/sup> si\u00e8cle. Cet ouvrage ne se limite pas \u00e0 d\u00e9crire la vie et le travail de Marius Barbeau, mais offre des approches critiques et interpr\u00e9tatives des diff\u00e9rentes disciplines dans lesquelles Barbeau s\u2019est illustr\u00e9.<\/p>\n","protected":false},"featured_media":22665,"comment_status":"open","ping_status":"closed","template":"","meta":{"_acf_changed":false},"product_cat":[604,877,611],"product_tag":[],"acf":[],"_links":{"self":[{"href":"https:\/\/www.museedelhistoire.ca\/boutique\/wp-json\/wp\/v2\/product\/9385"}],"collection":[{"href":"https:\/\/www.museedelhistoire.ca\/boutique\/wp-json\/wp\/v2\/product"}],"about":[{"href":"https:\/\/www.museedelhistoire.ca\/boutique\/wp-json\/wp\/v2\/types\/product"}],"replies":[{"embeddable":true,"href":"https:\/\/www.museedelhistoire.ca\/boutique\/wp-json\/wp\/v2\/comments?post=9385"}],"wp:featuredmedia":[{"embeddable":true,"href":"https:\/\/www.museedelhistoire.ca\/boutique\/wp-json\/wp\/v2\/media\/22665"}],"wp:attachment":[{"href":"https:\/\/www.museedelhistoire.ca\/boutique\/wp-json\/wp\/v2\/media?parent=9385"}],"wp:term":[{"taxonomy":"product_cat","embeddable":true,"href":"https:\/\/www.museedelhistoire.ca\/boutique\/wp-json\/wp\/v2\/product_cat?post=9385"},{"taxonomy":"product_tag","embeddable":true,"href":"https:\/\/www.museedelhistoire.ca\/boutique\/wp-json\/wp\/v2\/product_tag?post=9385"}],"curies":[{"name":"wp","href":"https:\/\/api.w.org\/{rel}","templated":true}]}}