
{"id":9851,"date":"2016-03-22T15:58:02","date_gmt":"2016-03-15T20:10:20","guid":{"rendered":"https:\/\/www.museedelhistoire.ca\/boutique\/?post_type=product&#038;p=9851"},"modified":"2026-03-06T02:50:18","modified_gmt":"2026-03-06T07:50:18","slug":"ruee-vers-lor-eldorado-en-colombie-britannique","status":"publish","type":"product","link":"https:\/\/www.museedelhistoire.ca\/boutique\/produit\/ruee-vers-lor-eldorado-en-colombie-britannique\/","title":{"rendered":"Ru\u00e9e vers l\u2019or! \u2013 Eldorado en Colombie-Britannique"},"content":{"rendered":"<p><strong>Ru\u00e9e vers l\u2019or! \u2013 Eldorado en Colombie-Britannique<\/strong><br \/>\nPar Kathryn Bridge<\/p>\n<p>Avril 2016, ISBN 978-0-660-03142-2<br \/>\n144 pages, 63 images, 15 x 15 cm, broch\u00e9<\/p>\n<p>Certains soutiennent que l\u2019Ouest canadien est n\u00e9 avec le chemin de fer. En fait, tout a commenc\u00e9 avec la ru\u00e9e vers l\u2019or.<\/p>\n<p>Revivez la fi\u00e8vre de l\u2019or qui a gagn\u00e9 le canyon du Fraser en Colombie-Britannique au XIX<sup>e<\/sup> si\u00e8cle. Remontez jusqu\u2019en 1858 et partez \u00e0 la rencontre de ces dizaines de milliers de chercheurs d\u2019or qui r\u00eavaient de trouver le bon filon, comme celui o\u00f9 se trouvait l\u2019\u00e9norme Turnagain Nugget. D\u00e9couvrez comment cette ru\u00e9e a attir\u00e9 des mineurs et entrepreneurs de toutes classes sociales et origines pour transformer \u00e0 jamais cette r\u00e9gion isol\u00e9e du nord-ouest de la c\u00f4te du Pacifique.<\/p>\n<p>Au moyen de photographies, d\u2019\u0153uvres d\u2019art et d\u2019artefacts \u2013 tels que des outils de mineurs, une v\u00e9ritable diligence et une bo\u00eete en or cisel\u00e9, \u0153uvre de Bill Reid \u2013, ce catalogue-souvenir raconte l\u2019histoire fascinante de ce m\u00e9tal pr\u00e9cieux \u00e0 l\u2019\u00e9clat intemporel.<\/p>\n","protected":false},"excerpt":{"rendered":"<p>Par Kathryn Bridge<\/p>\n<p>Revivez la fi\u00e8vre de l\u2019or qui a gagn\u00e9 le canyon du Fraser en Colombie-Britannique au XIX<sup>e<\/sup> si\u00e8cle. Remontez jusqu\u2019en 1858 et partez \u00e0 la rencontre de ces dizaines de milliers de chercheurs d\u2019or qui r\u00eavaient de trouver le bon filon, comme celui o\u00f9 se trouvait l\u2019\u00e9norme Turnagain Nugget. Au moyen de photographies, d\u2019\u0153uvres d\u2019art et d\u2019artefacts, ce catalogue-souvenir raconte l\u2019histoire fascinante de ce m\u00e9tal pr\u00e9cieux \u00e0 l\u2019\u00e9clat intemporel.<\/p>\n","protected":false},"featured_media":22563,"comment_status":"closed","ping_status":"closed","template":"","meta":{"_acf_changed":false},"product_cat":[604,611],"product_tag":[1787],"acf":[],"_links":{"self":[{"href":"https:\/\/www.museedelhistoire.ca\/boutique\/wp-json\/wp\/v2\/product\/9851"}],"collection":[{"href":"https:\/\/www.museedelhistoire.ca\/boutique\/wp-json\/wp\/v2\/product"}],"about":[{"href":"https:\/\/www.museedelhistoire.ca\/boutique\/wp-json\/wp\/v2\/types\/product"}],"replies":[{"embeddable":true,"href":"https:\/\/www.museedelhistoire.ca\/boutique\/wp-json\/wp\/v2\/comments?post=9851"}],"wp:featuredmedia":[{"embeddable":true,"href":"https:\/\/www.museedelhistoire.ca\/boutique\/wp-json\/wp\/v2\/media\/22563"}],"wp:attachment":[{"href":"https:\/\/www.museedelhistoire.ca\/boutique\/wp-json\/wp\/v2\/media?parent=9851"}],"wp:term":[{"taxonomy":"product_cat","embeddable":true,"href":"https:\/\/www.museedelhistoire.ca\/boutique\/wp-json\/wp\/v2\/product_cat?post=9851"},{"taxonomy":"product_tag","embeddable":true,"href":"https:\/\/www.museedelhistoire.ca\/boutique\/wp-json\/wp\/v2\/product_tag?post=9851"}],"curies":[{"name":"wp","href":"https:\/\/api.w.org\/{rel}","templated":true}]}}