
{"id":9867,"date":"2016-03-15T13:42:24","date_gmt":"2016-03-22T18:00:04","guid":{"rendered":"https:\/\/www.museedelhistoire.ca\/boutique\/?post_type=product&#038;p=9867"},"modified":"2016-04-08T10:25:49","modified_gmt":"2016-04-08T14:25:49","slug":"choosing-buddhism-the-life-stories-of-eight-canadians","status":"publish","type":"product","link":"https:\/\/www.museedelhistoire.ca\/boutique\/produit\/choosing-buddhism-the-life-stories-of-eight-canadians\/","title":{"rendered":"Choosing Buddhism: The Life Stories of Eight Canadians"},"content":{"rendered":"<p><strong>Choosing Buddhism: The Life Stories of Eight Canadians<\/strong><br \/>\nPar Mauro Peressini<\/p>\n<p>Mars 2016, ISBN 978-0-7766-2331-3<br \/>\nS\u00e9rie Mercure, \u00c9tudes culturels 86<br \/>\n472 pages, 125 images, 17 x 24 cm<\/p>\n<p>Ce livre pr\u00e9sente les r\u00e9cits de vie de huit Canadiens convertis au bouddhisme. Puisque leur rencontre avec le bouddhisme s\u2019est produite entre la fin des ann\u00e9es 1960 et les ann\u00e9es 1980, ils comptent parmi les premiers Canadiens \u00e0 avoir adopt\u00e9 cette spiritualit\u00e9. Ayant int\u00e9gr\u00e9 les enseignements et les pratiques bouddhiques dans leur vie quotidienne, ils sont tous devenus enseignants ordonn\u00e9s ou la\u00efques.<\/p>\n<p>Aujourd\u2019hui, plus de 300 000 Canadiens se disent bouddhistes. La grande majorit\u00e9 d\u2019entre eux sont d\u2019origine asiatique, issus de familles bouddhistes ou pratiquant d\u00e9j\u00e0 le bouddhisme lors de leur arriv\u00e9e au Canada. Toutefois, depuis la fin des ann\u00e9es 1960, le nombre de Canadiens convertis au bouddhisme a doubl\u00e9 chaque d\u00e9cennie pour atteindre plus de 20 000 personnes. Les t\u00e9moignages pr\u00e9sent\u00e9s dans ce livre permettent de mieux comprendre pourquoi des gens sont attir\u00e9s par une spiritualit\u00e9 d\u2019origine si lointaine et comment ils s\u2019y convertissent.<\/p>\n<p><em>Le livre est offert en version anglaise seulement<\/em><\/p>\n","protected":false},"excerpt":{"rendered":"<p>Par Mauro Peressini<\/p>\n<p>Ce livre pr\u00e9sente les r\u00e9cits de vie de huit Canadiens convertis au bouddhisme. Puisque leur rencontre avec le bouddhisme s\u2019est produite entre la fin des ann\u00e9es 1960 et les ann\u00e9es 1980, ils comptent parmi les premiers Canadiens \u00e0 avoir adopt\u00e9 cette spiritualit\u00e9. Les t\u00e9moignages pr\u00e9sent\u00e9s dans ce livre permettent de mieux comprendre pourquoi des gens sont attir\u00e9s par une spiritualit\u00e9 d\u2019origine si lointaine et comment ils s\u2019y convertissent.<\/p>\n","protected":false},"featured_media":22565,"comment_status":"open","ping_status":"closed","template":"","meta":{"_acf_changed":false},"product_cat":[604,631,877,611],"product_tag":[],"acf":[],"_links":{"self":[{"href":"https:\/\/www.museedelhistoire.ca\/boutique\/wp-json\/wp\/v2\/product\/9867"}],"collection":[{"href":"https:\/\/www.museedelhistoire.ca\/boutique\/wp-json\/wp\/v2\/product"}],"about":[{"href":"https:\/\/www.museedelhistoire.ca\/boutique\/wp-json\/wp\/v2\/types\/product"}],"replies":[{"embeddable":true,"href":"https:\/\/www.museedelhistoire.ca\/boutique\/wp-json\/wp\/v2\/comments?post=9867"}],"wp:featuredmedia":[{"embeddable":true,"href":"https:\/\/www.museedelhistoire.ca\/boutique\/wp-json\/wp\/v2\/media\/22565"}],"wp:attachment":[{"href":"https:\/\/www.museedelhistoire.ca\/boutique\/wp-json\/wp\/v2\/media?parent=9867"}],"wp:term":[{"taxonomy":"product_cat","embeddable":true,"href":"https:\/\/www.museedelhistoire.ca\/boutique\/wp-json\/wp\/v2\/product_cat?post=9867"},{"taxonomy":"product_tag","embeddable":true,"href":"https:\/\/www.museedelhistoire.ca\/boutique\/wp-json\/wp\/v2\/product_tag?post=9867"}],"curies":[{"name":"wp","href":"https:\/\/api.w.org\/{rel}","templated":true}]}}