
{"id":9889,"date":"2016-05-04T16:24:58","date_gmt":"2016-05-04T20:27:03","guid":{"rendered":"https:\/\/www.museedelhistoire.ca\/boutique\/?post_type=product&#038;p=9889"},"modified":"2024-01-26T15:49:55","modified_gmt":"2024-01-26T20:49:55","slug":"contact-in-the-16th-century-networks-among-fishers-foragers-and-farmers","status":"publish","type":"product","link":"https:\/\/www.museedelhistoire.ca\/boutique\/produit\/contact-in-the-16th-century-networks-among-fishers-foragers-and-farmers\/","title":{"rendered":"Contact in the 16th Century: Networks Among Fishers, Foragers and Farmers"},"content":{"rendered":"<p><strong>Contact in the 16th Century: Networks Among Fishers, Foragers and Farmers<\/strong><\/p>\n<p>Sous la direction de Brad Loewen et Claude Chapdelaine<br \/>\nMai 2016, ISBN 978-0-7766-2360-3<br \/>\nCollection Mercure, Arch\u00e9ologie 176<br \/>\n320 pages, 99 illustrations, 17 x 24 cm<\/p>\n<p>Transportez-vous dans les ann\u00e9es 1500, \u00e0 l\u2019\u00e9poque o\u00f9 les Europ\u00e9ens et les Autochtones commenc\u00e8rent \u00e0 \u00e9tablir des relations commerciales suivies. Des berges du golfe du Saint-Laurent au territoire des Hurons-Wendats en passant par Tadoussac, ce livre examine l\u2019influence r\u00e9ciproque des marchandises europ\u00e9ennes et des r\u00e9seaux autochtones sur le territoire et la mobilit\u00e9 des personnes.<br \/>\nLa premi\u00e8re partie s\u2019int\u00e9resse \u00e0 la r\u00e9gion du golfe, lieu de rencontres entre Europ\u00e9ens et Autochtones, sur lesquelles on trouve le plus de documents historiques. Ax\u00e9e sur la vall\u00e9e du Saint-Laurent, la deuxi\u00e8me partie pr\u00e9sente Tadoussac comme un carrefour des r\u00e9seaux de l\u2019arri\u00e8re-pays. La troisi\u00e8me partie traite quant \u00e0 elle de la r\u00e9gion du lac Ontario et examine les \u00e9changes entre cette r\u00e9gion et la vall\u00e9e du Saint-Laurent.<br \/>\nCet ouvrage in\u00e9dit est le fruit de travaux de recherches men\u00e9s par Sara\u00ed Barreiro, Meghan Burchell, Claude Chapdelaine, Martin S. Cooper, Amanda Crompton, Vincent Delmas, Sergio Escribano-Ruiz, William Fox, Sarah Grant, Fran\u00e7ois Guindon, Erik Langevin, Brad Loewen, Jean-Fran\u00e7ois Moreau, Jean-Luc Pilon, Michel Plourde, Peter Ramsden, Lisa Rankin et Ronald F. Williamson.<\/p>\n<p><em>Le livre est offert en version anglaise seulement.<\/em><\/p>\n","protected":false},"excerpt":{"rendered":"<p>Transportez-vous dans les ann\u00e9es 1500, \u00e0 l\u2019\u00e9poque o\u00f9 les Europ\u00e9ens et les Autochtones commenc\u00e8rent \u00e0 \u00e9tablir des relations commerciales suivies. Des berges du golfe du Saint-Laurent au territoire des Hurons-Wendats en passant par Tadoussac, ce livre examine l\u2019influence r\u00e9ciproque des marchandises europ\u00e9ennes et des r\u00e9seaux autochtones sur le territoire et la mobilit\u00e9 des personnes.<\/p>\n","protected":false},"featured_media":22558,"comment_status":"open","ping_status":"closed","template":"","meta":{"_acf_changed":false},"product_cat":[604,631,877,611],"product_tag":[],"acf":[],"_links":{"self":[{"href":"https:\/\/www.museedelhistoire.ca\/boutique\/wp-json\/wp\/v2\/product\/9889"}],"collection":[{"href":"https:\/\/www.museedelhistoire.ca\/boutique\/wp-json\/wp\/v2\/product"}],"about":[{"href":"https:\/\/www.museedelhistoire.ca\/boutique\/wp-json\/wp\/v2\/types\/product"}],"replies":[{"embeddable":true,"href":"https:\/\/www.museedelhistoire.ca\/boutique\/wp-json\/wp\/v2\/comments?post=9889"}],"wp:featuredmedia":[{"embeddable":true,"href":"https:\/\/www.museedelhistoire.ca\/boutique\/wp-json\/wp\/v2\/media\/22558"}],"wp:attachment":[{"href":"https:\/\/www.museedelhistoire.ca\/boutique\/wp-json\/wp\/v2\/media?parent=9889"}],"wp:term":[{"taxonomy":"product_cat","embeddable":true,"href":"https:\/\/www.museedelhistoire.ca\/boutique\/wp-json\/wp\/v2\/product_cat?post=9889"},{"taxonomy":"product_tag","embeddable":true,"href":"https:\/\/www.museedelhistoire.ca\/boutique\/wp-json\/wp\/v2\/product_tag?post=9889"}],"curies":[{"name":"wp","href":"https:\/\/api.w.org\/{rel}","templated":true}]}}