
{"id":9920,"date":"2016-05-27T16:01:48","date_gmt":"2016-05-27T20:11:00","guid":{"rendered":"https:\/\/www.museedelhistoire.ca\/boutique\/?post_type=product&#038;p=9920"},"modified":"2024-12-03T23:01:05","modified_gmt":"2024-12-04T04:01:05","slug":"napoleon-et-paris","status":"publish","type":"product","link":"https:\/\/www.museedelhistoire.ca\/boutique\/produit\/napoleon-et-paris\/","title":{"rendered":"Napol\u00e9on et Paris"},"content":{"rendered":"<p><strong>Napol\u00e9on et Paris<\/strong><br \/>\nPar Jean-Fran\u00e7ois Lozier<\/p>\n<p>Juin 2016, ISBN 978-0-660-03699-1<br \/>\n112 pages, 54 images, 15 cm x 15 cm, broch\u00e9<\/p>\n<p><em>D\u00e9couvrez la relation complexe entre une figure l\u00e9gendaire et l\u2019une des plus belles villes du monde. <\/em><br \/>\nParis a autant fa\u00e7onn\u00e9 Napol\u00e9on que ce dernier l\u2019a transform\u00e9e. Ce catalogue-souvenir r\u00e9v\u00e8le le r\u00f4le de cette grande ville, th\u00e9\u00e2tre de la mont\u00e9e fulgurante et de la chute brutale du grand homme, et nous laisse entrevoir la vie de ses habitants, acteurs et t\u00e9moins des moments charni\u00e8res de l\u2019\u00e9poque. Le mobilier et les objets personnels offrent un aper\u00e7u intime du luxe dont jouissent l\u2019Empereur et son entourage, mettant en relief le savoir-faire des artisans parisiens. Des tableaux et des dessins architecturaux font revivre ce que fut la capitale napol\u00e9onienne et laissent imaginer ce qu\u2019elle serait devenue.<\/p>\n","protected":false},"excerpt":{"rendered":"<p>Par Jean-Fran\u00e7ois Lozier<\/p>\n<p>D\u00e9couvrez la relation complexe entre une figure l\u00e9gendaire et l\u2019une des plus belles villes du monde. Paris a autant fa\u00e7onn\u00e9 Napol\u00e9on que ce dernier l\u2019a transform\u00e9e. Ce catalogue-souvenir r\u00e9v\u00e8le le r\u00f4le de cette grande ville, th\u00e9\u00e2tre de la mont\u00e9e fulgurante et de la chute brutale du grand homme, et nous laisse entrevoir la vie de ses habitants, acteurs et t\u00e9moins des moments charni\u00e8res de l\u2019\u00e9poque.<\/p>\n","protected":false},"featured_media":22557,"comment_status":"open","ping_status":"closed","template":"","meta":{"_acf_changed":false},"product_cat":[604,611],"product_tag":[1787],"acf":[],"_links":{"self":[{"href":"https:\/\/www.museedelhistoire.ca\/boutique\/wp-json\/wp\/v2\/product\/9920"}],"collection":[{"href":"https:\/\/www.museedelhistoire.ca\/boutique\/wp-json\/wp\/v2\/product"}],"about":[{"href":"https:\/\/www.museedelhistoire.ca\/boutique\/wp-json\/wp\/v2\/types\/product"}],"replies":[{"embeddable":true,"href":"https:\/\/www.museedelhistoire.ca\/boutique\/wp-json\/wp\/v2\/comments?post=9920"}],"wp:featuredmedia":[{"embeddable":true,"href":"https:\/\/www.museedelhistoire.ca\/boutique\/wp-json\/wp\/v2\/media\/22557"}],"wp:attachment":[{"href":"https:\/\/www.museedelhistoire.ca\/boutique\/wp-json\/wp\/v2\/media?parent=9920"}],"wp:term":[{"taxonomy":"product_cat","embeddable":true,"href":"https:\/\/www.museedelhistoire.ca\/boutique\/wp-json\/wp\/v2\/product_cat?post=9920"},{"taxonomy":"product_tag","embeddable":true,"href":"https:\/\/www.museedelhistoire.ca\/boutique\/wp-json\/wp\/v2\/product_tag?post=9920"}],"curies":[{"name":"wp","href":"https:\/\/api.w.org\/{rel}","templated":true}]}}