
{"id":9934,"date":"2016-06-01T15:36:33","date_gmt":"2016-06-01T19:40:58","guid":{"rendered":"https:\/\/www.museedelhistoire.ca\/boutique\/?post_type=product&#038;p=9934"},"modified":"2026-02-25T10:27:13","modified_gmt":"2026-02-25T15:27:13","slug":"tasse-etoile-du-matin-dalex-janvier","status":"publish","type":"product","link":"https:\/\/www.museedelhistoire.ca\/boutique\/produit\/tasse-etoile-du-matin-dalex-janvier\/","title":{"rendered":"Tasse \u00c9toile du matin d&#8217;Alex Janvier"},"content":{"rendered":"<p><strong>\u00c9toile du matin &#8211; Gambeh Then\u2019<\/strong><\/p>\n<p>Alex Janvier, A.R.C., est un D\u00e9n\u00e9 suline de la Premi\u00e8re nation de Cold Lake (Alberta). Au nombre de ses \u0153uvres d\u2019art originales, souvent inspir\u00e9es de la nature et de sa culture, figurent de nombreuses murales. L\u2019\u00e9toile du matin servait de rep\u00e8re aux D\u00e9n\u00e9 sulines qui voyageaient de nuit.<\/p>\n<p>\u00c9toile du matin, chef d\u2019\u0153uvre d\u2019Alex Janvier peint en 1993, orne le d\u00f4me du salon de la Rivi\u00e8re du Mus\u00e9e. Cette peinture murale s\u2019\u00e9l\u00e8ve \u00e0 une hauteur de sept \u00e9tages au-dessus du salon et s\u2019\u00e9tend sur 418 m2. Janvier l\u2019a r\u00e9alis\u00e9e en un peu plus de trois mois, avec l\u2019aide de son fils Dean. \u00c9toile du matin illustre le point de vue de l\u2019artiste d\u00e9n\u00e9 suline sur l\u2019histoire de la terre que nous habitons et exprime l\u2019espoir d\u2019un respect mutuel.<\/p>\n<p>Ici, vous avez l&#8217;<em>\u00c9toile du matin<\/em> sur une tasse de 11cm.<\/p>\n","protected":false},"excerpt":{"rendered":"<p>Chaque tasse en porcelaine fine est livr\u00e9e dans un bo\u00eetier sp\u00e9cialement con\u00e7u \u00e0 cet effet, dans lequel figurent l\u2019\u0153uvre d\u2019art et sa description. D\u2019une contenance de 295 ml \/10 oz, la tasse peux \u00eatre mise au micro-ondes et au lave-vaisselle.<\/p>\n<p>Des royaut\u00e9s sont pay\u00e9es par notre fournisseur pour chaque produit vendu.<\/p>\n","protected":false},"featured_media":28909,"comment_status":"open","ping_status":"closed","template":"","meta":{"_acf_changed":false},"product_cat":[2165,1879,612,1007,615,933,671,1601],"product_tag":[1009,1641],"acf":[],"_links":{"self":[{"href":"https:\/\/www.museedelhistoire.ca\/boutique\/wp-json\/wp\/v2\/product\/9934"}],"collection":[{"href":"https:\/\/www.museedelhistoire.ca\/boutique\/wp-json\/wp\/v2\/product"}],"about":[{"href":"https:\/\/www.museedelhistoire.ca\/boutique\/wp-json\/wp\/v2\/types\/product"}],"replies":[{"embeddable":true,"href":"https:\/\/www.museedelhistoire.ca\/boutique\/wp-json\/wp\/v2\/comments?post=9934"}],"wp:featuredmedia":[{"embeddable":true,"href":"https:\/\/www.museedelhistoire.ca\/boutique\/wp-json\/wp\/v2\/media\/28909"}],"wp:attachment":[{"href":"https:\/\/www.museedelhistoire.ca\/boutique\/wp-json\/wp\/v2\/media?parent=9934"}],"wp:term":[{"taxonomy":"product_cat","embeddable":true,"href":"https:\/\/www.museedelhistoire.ca\/boutique\/wp-json\/wp\/v2\/product_cat?post=9934"},{"taxonomy":"product_tag","embeddable":true,"href":"https:\/\/www.museedelhistoire.ca\/boutique\/wp-json\/wp\/v2\/product_tag?post=9934"}],"curies":[{"name":"wp","href":"https:\/\/api.w.org\/{rel}","templated":true}]}}