
{"id":9936,"date":"2016-06-01T16:04:10","date_gmt":"2016-06-01T20:04:10","guid":{"rendered":"https:\/\/www.museedelhistoire.ca\/boutique\/?post_type=product&#038;p=9936"},"modified":"2025-07-03T15:06:44","modified_gmt":"2025-07-03T19:06:44","slug":"foulard-ecologique-etoile-du-matin","status":"publish","type":"product","link":"https:\/\/www.museedelhistoire.ca\/boutique\/produit\/foulard-ecologique-etoile-du-matin\/","title":{"rendered":"Foulard \u00e9cologique &#8211; \u00c9toile du matin"},"content":{"rendered":"<p>N\u00e9 en 1935 de parents Denesuline et Saulteaux, Alex Janvier a \u00e9t\u00e9 \u00e9lev\u00e9 sous les soins attentionn\u00e9s de sa famille jusqu&#8217;\u00e0 l&#8217;\u00e2ge de huit ans. \u00c0 cet \u00e2ge, le jeune Janvier a \u00e9t\u00e9 d\u00e9racin\u00e9 de son foyer et envoy\u00e9 au pensionnat indien Blue Quills, pr\u00e8s de St. Paul, en Alberta. Bien que Janvier affirme avoir un instinct cr\u00e9atif depuis aussi longtemps qu&#8217;il se souvienne, c&#8217;est au pensionnat qu&#8217;il a acquis les outils n\u00e9cessaires pour cr\u00e9er ses premi\u00e8res peintures. Contrairement \u00e0 de nombreux artistes autochtones de son \u00e9poque, Janvier a suivi une formation artistique officielle \u00e0 l&#8217;Alberta College of Art de Calgary et a obtenu son dipl\u00f4me avec mention en 1960. Imm\u00e9diatement apr\u00e8s l&#8217;obtention de son dipl\u00f4me, Janvier a saisi l&#8217;occasion d&#8217;enseigner les arts \u00e0 l&#8217;Universit\u00e9 de l&#8217;Alberta.<\/p>\n<p>Membre du groupe des Sept, commun\u00e9ment appel\u00e9 \u00ab\u00a0Groupe indien des Sept\u00a0\u00bb, Janvier est l&#8217;un des plus importants artistes autochtones pionniers du Canada et, \u00e0 ce titre, a influenc\u00e9 de nombreuses g\u00e9n\u00e9rations d&#8217;artistes autochtones. En janvier 2004, une de ses \u0153uvres a \u00e9t\u00e9 expos\u00e9e \u00e0 Paris, en France, au Forum canadien sur l&#8217;entreprise culturelle. En reconnaissance de son succ\u00e8s, Alex Janvier a r\u00e9cemment re\u00e7u trois prestigieux prix d&#8217;excellence pour l&#8217;ensemble de sa carri\u00e8re, d\u00e9cern\u00e9s par la Fondation nationale des r\u00e9alisations autochtones, le Tribal Chiefs Institute et la Premi\u00e8re Nation de Cold Lake. Alex s&#8217;est \u00e9teint paisiblement \u00e0 l&#8217;\u00e2ge de 89\u00a0ans.<\/p>\n","protected":false},"excerpt":{"rendered":"<p>Les quatre sections des peintures murales de l&#8217;\u00c9toile du Matin repr\u00e9sentent la Roue de M\u00e9decine, une \u0153uvre culturellement importante pour de nombreux Autochtones. On y retrouve quatre directions, quatre saisons, les \u00e9l\u00e9ments (terre, vent, feu, eau) et les \u00e9tapes de la vie (nourrisson, enfant, adulte et a\u00een\u00e9). De plus, les Denesulines utilisaient l&#8217;\u00c9toile du Matin comme guide de voyage nocturne.<\/p>\n<p>Con\u00e7u par l&#8217;artiste autochtone Denesulin et Saulteaux Alex Janvier.<\/p>\n<ul>\n<li><strong>Mat\u00e9riel :<\/strong> Bouteilles en plastique 100% recycl\u00e9es (polyester)<\/li>\n<li><strong>Texture :<\/strong> Ultra-doux et luxueux<\/li>\n<li><strong>Grandeur :<\/strong> 180 cm x 70 cm<\/li>\n<\/ul>\n","protected":false},"featured_media":28907,"comment_status":"open","ping_status":"closed","template":"","meta":{"_acf_changed":false},"product_cat":[2163,612,1007,615,933,1003,661],"product_tag":[1009,1641],"acf":[],"_links":{"self":[{"href":"https:\/\/www.museedelhistoire.ca\/boutique\/wp-json\/wp\/v2\/product\/9936"}],"collection":[{"href":"https:\/\/www.museedelhistoire.ca\/boutique\/wp-json\/wp\/v2\/product"}],"about":[{"href":"https:\/\/www.museedelhistoire.ca\/boutique\/wp-json\/wp\/v2\/types\/product"}],"replies":[{"embeddable":true,"href":"https:\/\/www.museedelhistoire.ca\/boutique\/wp-json\/wp\/v2\/comments?post=9936"}],"wp:featuredmedia":[{"embeddable":true,"href":"https:\/\/www.museedelhistoire.ca\/boutique\/wp-json\/wp\/v2\/media\/28907"}],"wp:attachment":[{"href":"https:\/\/www.museedelhistoire.ca\/boutique\/wp-json\/wp\/v2\/media?parent=9936"}],"wp:term":[{"taxonomy":"product_cat","embeddable":true,"href":"https:\/\/www.museedelhistoire.ca\/boutique\/wp-json\/wp\/v2\/product_cat?post=9936"},{"taxonomy":"product_tag","embeddable":true,"href":"https:\/\/www.museedelhistoire.ca\/boutique\/wp-json\/wp\/v2\/product_tag?post=9936"}],"curies":[{"name":"wp","href":"https:\/\/api.w.org\/{rel}","templated":true}]}}