{"id":19,"date":"2013-08-08T13:09:36","date_gmt":"2013-08-08T13:09:36","guid":{"rendered":"https:\/\/www.museedelhistoire.ca\/etoiledumatin\/?page_id=19"},"modified":"2013-10-03T14:31:49","modified_gmt":"2013-10-03T14:31:49","slug":"credits","status":"publish","type":"page","link":"https:\/\/www.museedelhistoire.ca\/etoiledumatin\/credits\/","title":{"rendered":"Cr\u00e9dits"},"content":{"rendered":"<p>Le Mus\u00e9e canadien des civilisations voudrait remercier les personnes suivantes pour leur collaboration \u00e0 l\u2019\u00e9laboration de ce projet :<\/p>\n<p>Alex Janvier<br \/>\nDouglas Cardinal<br \/>\nLee-Ann Martin<\/p>\n<p>Le Mus\u00e9e remercie \u00e9galement la famille Halbert pour sa g\u00e9n\u00e9reuse contribution, qui a rendu ce projet possible.<\/p>\n<div id=\"attachment_274\" class=\"wp-caption alignnone\"><img loading=\"lazy\" decoding=\"async\" width=\"540\" height=\"360\" src=\"https:\/\/www.museedelhistoire.ca\/etoiledumatin\/wp-content\/mcme-uploads\/2013\/09\/Halbert1-540x360.jpg\" class=\"attachment-desktop size-desktop\" alt=\"Roz et Ralph Halbert, les m\u00e9c\u00e8nes de l\u2019\u00c9toile du matin, ainsi que sa restauration et son interpr\u00e9tation. | Photo : famille Halbert.\" srcset=\"https:\/\/www.museedelhistoire.ca\/etoiledumatin\/wp-content\/mcme-uploads\/2013\/09\/Halbert1-540x360.jpg 540w, https:\/\/www.museedelhistoire.ca\/etoiledumatin\/wp-content\/mcme-uploads\/2013\/09\/Halbert1-300x200.jpg 300w, https:\/\/www.museedelhistoire.ca\/etoiledumatin\/wp-content\/mcme-uploads\/2013\/09\/Halbert1-62x41.jpg 62w, https:\/\/www.museedelhistoire.ca\/etoiledumatin\/wp-content\/mcme-uploads\/2013\/09\/Halbert1-106x70.jpg 106w, https:\/\/www.museedelhistoire.ca\/etoiledumatin\/wp-content\/mcme-uploads\/2013\/09\/Halbert1-490x326.jpg 490w, https:\/\/www.museedelhistoire.ca\/etoiledumatin\/wp-content\/mcme-uploads\/2013\/09\/Halbert1-195x130.jpg 195w, https:\/\/www.museedelhistoire.ca\/etoiledumatin\/wp-content\/mcme-uploads\/2013\/09\/Halbert1-132x88.jpg 132w, https:\/\/www.museedelhistoire.ca\/etoiledumatin\/wp-content\/mcme-uploads\/2013\/09\/Halbert1-310x206.jpg 310w, https:\/\/www.museedelhistoire.ca\/etoiledumatin\/wp-content\/mcme-uploads\/2013\/09\/Halbert1.jpg 706w\" sizes=\"(max-width: 540px) 100vw, 540px\" \/><p class=\"wp-caption-text\">Roz et Ralph Halbert, les m\u00e9c\u00e8nes de l\u2019\u00c9toile du matin, ainsi que sa restauration et son interpr\u00e9tation.<br \/><strong>Photo :<\/strong> Famille Halbert.<\/p><\/div>\n<p>Un grand merci \u00e0 :<br \/>\nTP1 (<a href=\"http:\/\/www.tp1.ca\/\">http:\/\/www.tp1.ca\/<\/a>)<br \/>\nVincent Royer (photographie panoramique)<\/p>\n","protected":false},"excerpt":{"rendered":"<p>Le Mus\u00e9e canadien des civilisations voudrait remercier les personnes suivantes pour leur collaboration \u00e0 l\u2019\u00e9laboration de ce projet : Alex Janvier Douglas Cardinal Lee-Ann Martin Le Mus\u00e9e remercie \u00e9galement la famille Halbert pour sa g\u00e9n\u00e9reuse contribution, qui a rendu ce projet possible. Un grand merci \u00e0 : TP1 (http:\/\/www.tp1.ca\/) Vincent Royer (photographie panoramique)<\/p>\n","protected":false},"author":1,"featured_media":0,"parent":0,"menu_order":0,"comment_status":"open","ping_status":"open","template":"","meta":{"footnotes":""},"_links":{"self":[{"href":"https:\/\/www.museedelhistoire.ca\/etoiledumatin\/wp-json\/wp\/v2\/pages\/19"}],"collection":[{"href":"https:\/\/www.museedelhistoire.ca\/etoiledumatin\/wp-json\/wp\/v2\/pages"}],"about":[{"href":"https:\/\/www.museedelhistoire.ca\/etoiledumatin\/wp-json\/wp\/v2\/types\/page"}],"author":[{"embeddable":true,"href":"https:\/\/www.museedelhistoire.ca\/etoiledumatin\/wp-json\/wp\/v2\/users\/1"}],"replies":[{"embeddable":true,"href":"https:\/\/www.museedelhistoire.ca\/etoiledumatin\/wp-json\/wp\/v2\/comments?post=19"}],"version-history":[{"count":9,"href":"https:\/\/www.museedelhistoire.ca\/etoiledumatin\/wp-json\/wp\/v2\/pages\/19\/revisions"}],"predecessor-version":[{"id":276,"href":"https:\/\/www.museedelhistoire.ca\/etoiledumatin\/wp-json\/wp\/v2\/pages\/19\/revisions\/276"}],"wp:attachment":[{"href":"https:\/\/www.museedelhistoire.ca\/etoiledumatin\/wp-json\/wp\/v2\/media?parent=19"}],"curies":[{"name":"wp","href":"https:\/\/api.w.org\/{rel}","templated":true}]}}